{"id":789,"date":"2024-06-28T20:56:07","date_gmt":"2024-06-28T18:56:07","guid":{"rendered":"https:\/\/blog-sabliere.com\/?page_id=789"},"modified":"2024-07-06T17:12:52","modified_gmt":"2024-07-06T15:12:52","slug":"infos-utiles","status":"publish","type":"page","link":"https:\/\/blog-sabliere.com\/index.php\/infos-utiles\/","title":{"rendered":"March\u00e9 locaux et villages \u00e0 d\u00e9couvrir"},"content":{"rendered":"\t\t<div data-elementor-type=\"wp-page\" data-elementor-id=\"789\" class=\"elementor elementor-789\" data-elementor-post-type=\"page\">\n\t\t\t\t<div class=\"elementor-element elementor-element-9b7bac8 e-con-full e-flex e-con e-parent\" data-id=\"9b7bac8\" data-element_type=\"container\" data-settings=\"{&quot;background_background&quot;:&quot;classic&quot;}\" data-core-v316-plus=\"true\">\n\t\t\t\t<div class=\"elementor-element elementor-element-17cc227 elementor-widget elementor-widget-heading\" data-id=\"17cc227\" data-element_type=\"widget\" data-widget_type=\"heading.default\">\n\t\t\t\t<div class=\"elementor-widget-container\">\n\t\t\t<style>\/*! elementor - v3.20.0 - 13-03-2024 *\/\n.elementor-heading-title{padding:0;margin:0;line-height:1}.elementor-widget-heading .elementor-heading-title[class*=elementor-size-]>a{color:inherit;font-size:inherit;line-height:inherit}.elementor-widget-heading .elementor-heading-title.elementor-size-small{font-size:15px}.elementor-widget-heading .elementor-heading-title.elementor-size-medium{font-size:19px}.elementor-widget-heading .elementor-heading-title.elementor-size-large{font-size:29px}.elementor-widget-heading .elementor-heading-title.elementor-size-xl{font-size:39px}.elementor-widget-heading .elementor-heading-title.elementor-size-xxl{font-size:59px}<\/style><h1 class=\"elementor-heading-title elementor-size-default\">March\u00e9s locaux et villages \u00e0 d\u00e9couvrir  <\/h1>\t\t<\/div>\n\t\t\t\t<\/div>\n\t\t\t\t<div class=\"elementor-element elementor-element-e9814e9 elementor-widget elementor-widget-image\" data-id=\"e9814e9\" data-element_type=\"widget\" data-widget_type=\"image.default\">\n\t\t\t\t<div class=\"elementor-widget-container\">\n\t\t\t<style>\/*! elementor - v3.20.0 - 13-03-2024 *\/\n.elementor-widget-image{text-align:center}.elementor-widget-image a{display:inline-block}.elementor-widget-image a img[src$=\".svg\"]{width:48px}.elementor-widget-image img{vertical-align:middle;display:inline-block}<\/style>\t\t\t\t\t\t\t\t\t\t<img decoding=\"async\" src=\"https:\/\/blog-sabliere.com\/wp-content\/uploads\/elementor\/thumbs\/69655411_3219630871382175_7600809898678419456_n-qqizowc15zs3hm75a3sz40twhzz42zddttb520f44u.jpg\" title=\"69655411_3219630871382175_7600809898678419456_n\" alt=\"69655411_3219630871382175_7600809898678419456_n\" loading=\"lazy\" \/>\t\t\t\t\t\t\t\t\t\t\t\t\t<\/div>\n\t\t\t\t<\/div>\n\t\t\t\t<div class=\"elementor-element elementor-element-e3fa462 elementor-widget elementor-widget-heading\" data-id=\"e3fa462\" data-element_type=\"widget\" data-widget_type=\"heading.default\">\n\t\t\t\t<div class=\"elementor-widget-container\">\n\t\t\t<h2 class=\"elementor-heading-title elementor-size-default\">LES MARCH\u00c9S <\/h2>\t\t<\/div>\n\t\t\t\t<\/div>\n\t\t<div class=\"elementor-element elementor-element-c0e1da7 e-grid e-con-boxed e-con e-child\" data-id=\"c0e1da7\" data-element_type=\"container\">\n\t\t\t\t\t<div class=\"e-con-inner\">\n\t\t\t\t<div class=\"elementor-element elementor-element-f150cd2 elementor-widget elementor-widget-text-editor\" data-id=\"f150cd2\" data-element_type=\"widget\" data-widget_type=\"text-editor.default\">\n\t\t\t\t<div class=\"elementor-widget-container\">\n\t\t\t<style>\/*! elementor - v3.20.0 - 13-03-2024 *\/\n.elementor-widget-text-editor.elementor-drop-cap-view-stacked .elementor-drop-cap{background-color:#69727d;color:#fff}.elementor-widget-text-editor.elementor-drop-cap-view-framed .elementor-drop-cap{color:#69727d;border:3px solid;background-color:transparent}.elementor-widget-text-editor:not(.elementor-drop-cap-view-default) .elementor-drop-cap{margin-top:8px}.elementor-widget-text-editor:not(.elementor-drop-cap-view-default) .elementor-drop-cap-letter{width:1em;height:1em}.elementor-widget-text-editor .elementor-drop-cap{float:left;text-align:center;line-height:1;font-size:50px}.elementor-widget-text-editor .elementor-drop-cap-letter{display:inline-block}<\/style>\t\t\t\t<p><strong><u>Juillet-Ao\u00fbt, le matin :<\/u><\/strong><\/p><ul><li><strong>Lundi\u00a0:<\/strong> M\u00e9jannes le Clap (30430).<\/li><li><strong>Mardi\u00a0: <\/strong>Montclus (30630).<\/li><li><strong>Mercredi\u00a0: <\/strong>St Martin d\u2019Ard\u00e8che (07700).<\/li><li><strong>Jeudi : <\/strong>Vallon Pont d&rsquo;Arc (07150)<\/li><li><strong>Vendredi<\/strong> : Barjac (30430 ) &#8211; Ruoms (07120)<\/li><li><strong>Samedi<\/strong> : Les Vans (07140)<\/li><li><strong>Dimanche :<\/strong> Saint Jean de Maru\u00e9jols (30430), St Martin d\u2019Ard\u00e8che (07700).<\/li><\/ul>\t\t\t\t\t\t<\/div>\n\t\t\t\t<\/div>\n\t\t\t\t<div class=\"elementor-element elementor-element-51ccf9f elementor-widget elementor-widget-text-editor\" data-id=\"51ccf9f\" data-element_type=\"widget\" data-widget_type=\"text-editor.default\">\n\t\t\t\t<div class=\"elementor-widget-container\">\n\t\t\t\t\t\t\t<p><em><strong><u>July &#8211; August, in the morning :<\/u><\/strong><\/em><\/p><ul><li><em><strong>Monday :<\/strong> M\u00e9jannes le Clap (30430).<\/em><\/li><li><em><strong>Thuesday : <\/strong>Montclus (30630).<\/em><\/li><li><em><strong>Wednesday : <\/strong>St Martin d\u2019Ard\u00e8che (07700).<\/em><\/li><li><em><strong>Thursday : <\/strong>Vallon Pont d&rsquo;Arc (07150)<\/em><\/li><li><em><strong>Friday<\/strong>\u00a0: Barjac (30430 ) &#8211; Ruoms (07120)<\/em><\/li><li><em><strong>Saturday<\/strong>\u00a0: Les Vans (07140)<\/em><\/li><li><em><strong>Sunday :<\/strong> Saint Jean de Maru\u00e9jols (30430), St Martin d\u2019Ard\u00e8che (07700).<\/em><\/li><\/ul>\t\t\t\t\t\t<\/div>\n\t\t\t\t<\/div>\n\t\t\t\t\t<\/div>\n\t\t\t\t<\/div>\n\t\t<div class=\"elementor-element elementor-element-bb5cb50 e-grid e-con-boxed e-con e-child\" data-id=\"bb5cb50\" data-element_type=\"container\">\n\t\t\t\t\t<div class=\"e-con-inner\">\n\t\t\t\t<div class=\"elementor-element elementor-element-6d46b38 elementor-widget elementor-widget-text-editor\" data-id=\"6d46b38\" data-element_type=\"widget\" data-widget_type=\"text-editor.default\">\n\t\t\t\t<div class=\"elementor-widget-container\">\n\t\t\t\t\t\t\t<p><strong><u>Nocturnes en Juillet-Ao\u00fbt:<\/u><\/strong><\/p><ul><li><strong><u>Lundi\u00a0:<\/u><\/strong> Barjac (30430)<\/li><li><strong><u>Mardi\u00a0:<\/u><\/strong> Vallon Pont d\u2019Arc (07150), Anduze (30140), Les Vans (07140)<\/li><li><strong><u>Mercredi\u00a0:<\/u><\/strong> Ruoms (07120), Pont St Esprit (30130)<\/li><li><strong><u>Jeudi\u00a0:<\/u><\/strong> St Jean Du Gard (30270)<\/li><li><strong><u>Vendredi\u00a0:<\/u><\/strong> St Martin d\u2019Ard\u00e8che (07700)<\/li><\/ul>\t\t\t\t\t\t<\/div>\n\t\t\t\t<\/div>\n\t\t\t\t<div class=\"elementor-element elementor-element-2bfe36a elementor-widget elementor-widget-text-editor\" data-id=\"2bfe36a\" data-element_type=\"widget\" data-widget_type=\"text-editor.default\">\n\t\t\t\t<div class=\"elementor-widget-container\">\n\t\t\t\t\t\t\t<p><em><strong><u>Nocturnes in July-August :<\/u><\/strong><\/em><\/p><ul><li><em><strong><u>Monday :<\/u><\/strong> Barjac (30430)<\/em><\/li><li><em><strong><u>Tuesday :<\/u><\/strong> Vallon Pont d\u2019Arc (07150), Anduze (30140), Les Vans (07140)<\/em><\/li><li><em><strong><u>Wednesday :<\/u><\/strong> Ruoms (07120), Pont St Esprit (30130)<\/em><\/li><li><em><strong><u>Thursday :<\/u><\/strong> St Jean Du Gard (30270)<\/em><\/li><li><em><strong><u>Friday :<\/u><\/strong> St Martin d\u2019Ard\u00e8che (07700)<\/em><\/li><\/ul>\t\t\t\t\t\t<\/div>\n\t\t\t\t<\/div>\n\t\t\t\t\t<\/div>\n\t\t\t\t<\/div>\n\t\t<div class=\"elementor-element elementor-element-7e67ea3 e-grid e-con-boxed e-con e-child\" data-id=\"7e67ea3\" data-element_type=\"container\">\n\t\t\t\t\t<div class=\"e-con-inner\">\n\t\t\t\t<div class=\"elementor-element elementor-element-2eb35c5 elementor-widget elementor-widget-image\" data-id=\"2eb35c5\" data-element_type=\"widget\" data-widget_type=\"image.default\">\n\t\t\t\t<div class=\"elementor-widget-container\">\n\t\t\t\t\t\t\t\t\t\t\t\t\t<img decoding=\"async\" src=\"https:\/\/blog-sabliere.com\/wp-content\/uploads\/elementor\/thumbs\/pont-darc-TINY-qplepfc69o6dxoz1l4vsl2wnn0qdkky0bun573vmgk.png\" title=\"pont d&rsquo;arc TINY\" alt=\"pont d&#039;arc TINY\" loading=\"lazy\" \/>\t\t\t\t\t\t\t\t\t\t\t\t\t<\/div>\n\t\t\t\t<\/div>\n\t\t\t\t<div class=\"elementor-element elementor-element-4e42d43 elementor-widget elementor-widget-text-editor\" data-id=\"4e42d43\" data-element_type=\"widget\" data-widget_type=\"text-editor.default\">\n\t\t\t\t<div class=\"elementor-widget-container\">\n\t\t\t\t\t\t\t<p><strong><u>Les villages pittoresques :<\/u><\/strong><\/p><p>\u00a0<strong>Barjac (<\/strong><strong>30430) \u00e0 8 km<\/strong><strong>\u00a0:<\/strong> foires \u00e0 la brocante de P\u00e2ques et du 15 ao\u00fbt.<\/p><p><strong>Orgnac (<\/strong><strong>07150) \u00e0 10 km<\/strong><strong>\u00a0:<\/strong> Aven et Mus\u00e9e de la Pr\u00e9histoire.<\/p><p><strong>Vallon Pont d\u2019arc (<\/strong><strong>07150) \u00e0 20 km<\/strong><strong>\u00a0:<\/strong> le Pont d\u2019Arc, les Gorges de l\u2019Ard\u00e8che, la Grotte Chauvet 2.<\/p><p><strong>Goudargues (<\/strong><strong>30630) \u00e0 20 km<\/strong><strong>\u00a0:<\/strong> la \u00ab\u00a0petite Venise Gardoise\u00a0\u00bb.<\/p><p><strong>La Roque sur C\u00e8ze (<\/strong><strong>30200) \u00e0 25 km<\/strong><strong>\u00a0:<\/strong> le pont Charles Martel, les Cascades du Sautadet.<\/p><p><strong>Saint-Ambroix (<\/strong><strong>30500) \u00e0 25 km<\/strong><strong>\u00a0:<\/strong> la Tour Gisquet.<\/p><p><strong>Les Fumades (<\/strong><strong>30500) \u00e0 25 km<\/strong> : Les Thermes et le Casino.<\/p><p><strong>Lussan (<\/strong><strong>30580) \u00e0 30 km<\/strong><strong>\u00a0:<\/strong> Village M\u00e9di\u00e9val<\/p><p><strong>Aigu\u00e8ze (30760), Naves <\/strong><strong>(07140),<\/strong><strong> Banne <\/strong><strong>(07460),<\/strong><strong> Labeaume <\/strong><strong>(07120)<\/strong><strong>, Balazuc <\/strong><strong>(07120)<\/strong> <strong>(25 \u00e0 35 km)<\/strong><strong>\u00a0:<\/strong> Villages M\u00e9di\u00e9vaux de Caract\u00e8re.<\/p><p><strong>Uz\u00e8s (<\/strong><strong>30700) \u00e0 40 km<\/strong><strong>\u00a0:<\/strong> 1er duch\u00e9 de France, march\u00e9 typique sur la Place aux Herbes<\/p><p><strong>Orange (<\/strong><strong>84100) \u00e0 40km<\/strong><strong>\u00a0:<\/strong> Cit\u00e9 Romaine avec son Th\u00e9\u00e2tre Antique<\/p><p><strong>Anduze (30140) \u00e0 60 km :<\/strong> aux portes des C\u00e9vennes avec ses poteries et sa Bambouseraie.<\/p>\t\t\t\t\t\t<\/div>\n\t\t\t\t<\/div>\n\t\t\t\t<div class=\"elementor-element elementor-element-1020a8e elementor-widget elementor-widget-text-editor\" data-id=\"1020a8e\" data-element_type=\"widget\" data-widget_type=\"text-editor.default\">\n\t\t\t\t<div class=\"elementor-widget-container\">\n\t\t\t\t\t\t\t<p><em><strong><u>The Picturesque Villages :<\/u><\/strong><\/em><\/p><p><em>\u00a0<strong>Barjac (<\/strong><strong>30430) \u00e0 8 km<\/strong><strong>\u00a0:<\/strong> esater and august 15 flea market fairs.<\/em><\/p><p><em><strong>Orgnac (<\/strong><strong>07150) \u00e0 10 km<\/strong><strong>\u00a0:<\/strong> Aven eand Prehistory museum.<\/em><\/p><p><em><strong>Vallon Pont d\u2019arc (<\/strong><strong>07150) \u00e0 20 km<\/strong><strong>\u00a0:<\/strong> le Pont d\u2019Arc, Ard\u00e8che Gorges , la Grotte Chauvet 2.<\/em><\/p><p><em><strong>Goudargues (<\/strong><strong>30630) \u00e0 20 km<\/strong><strong>\u00a0:<\/strong> the \u00ab little Venise Gardoise \u00bb.<\/em><\/p><p><em><strong>La Roque sur C\u00e8ze (<\/strong><strong>30200) \u00e0 25 km<\/strong><strong>\u00a0:<\/strong> the Charles Martel bridge, the Cascades du Sautadet.<\/em><\/p><p><em><strong>Saint-Ambroix (<\/strong><strong>30500) \u00e0 25 km<\/strong><strong>\u00a0:<\/strong> the Gisquet tower.<\/em><\/p><p><em><strong>Les Fumades (<\/strong><strong>30500) \u00e0 25 km<\/strong> : Thermal bath and Casino.<\/em><\/p><p><em><strong>Lussan (<\/strong><strong>30580) \u00e0 30 km<\/strong><strong>\u00a0:<\/strong> Medieval village\u00a0<\/em><\/p><p><em><strong>Aigu\u00e8ze (30760), Naves <\/strong><strong>(07140),<\/strong><strong> Banne <\/strong><strong>(07460),<\/strong><strong> Labeaume <\/strong><strong>(07120)<\/strong><strong>, Balazuc <\/strong><strong>(07120)<\/strong> <strong>(25 \u00e0 35 km)<\/strong><strong>\u00a0:<\/strong> Medieval villages of character.<\/em><\/p><p><em><strong>Uz\u00e8s (<\/strong><strong>30700) \u00e0 40 km<\/strong><strong>\u00a0:<\/strong> 1st ducy of France, typical market on Place aux Herbes<\/em><\/p><p><em><strong>Orange (<\/strong><strong>84100) \u00e0 40km<\/strong><strong>\u00a0:<\/strong> Roman city with its Ancient Theater<\/em><\/p><p><em><strong>Anduze (30140) \u00e0 60 km :<\/strong> at the gateway to C\u00e9vennes with\u00a0 is pottery ans bamboo grove.<\/em><\/p>\t\t\t\t\t\t<\/div>\n\t\t\t\t<\/div>\n\t\t\t\t\t<\/div>\n\t\t\t\t<\/div>\n\t\t\t\t<\/div>\n\t\t<div class=\"elementor-element elementor-element-c2abfdd e-grid e-con-boxed e-con e-parent\" data-id=\"c2abfdd\" data-element_type=\"container\" data-core-v316-plus=\"true\">\n\t\t\t\t\t<div class=\"e-con-inner\">\n\t\t\t\t<div class=\"elementor-element elementor-element-8c0fbb0 elementor-align-justify elementor-mobile-align-center elementor-widget elementor-widget-button\" data-id=\"8c0fbb0\" data-element_type=\"widget\" data-widget_type=\"button.default\">\n\t\t\t\t<div class=\"elementor-widget-container\">\n\t\t\t\t\t<div class=\"elementor-button-wrapper\">\n\t\t\t<a class=\"elementor-button elementor-button-link elementor-size-sm\" href=\"https:\/\/blog-sabliere.com\/index.php\/location-vente-prets\/\">\n\t\t\t\t\t\t<span class=\"elementor-button-content-wrapper\">\n\t\t\t\t\t\t<span class=\"elementor-button-text\">\u2b05\ufe0fPAGE<br>PR\u00c9C\u00c9DENTE<\/span>\n\t\t<\/span>\n\t\t\t\t\t<\/a>\n\t\t<\/div>\n\t\t\t\t<\/div>\n\t\t\t\t<\/div>\n\t\t\t\t<div class=\"elementor-element elementor-element-1504c6b elementor-align-justify elementor-mobile-align-center elementor-widget elementor-widget-button\" data-id=\"1504c6b\" data-element_type=\"widget\" data-widget_type=\"button.default\">\n\t\t\t\t<div class=\"elementor-widget-container\">\n\t\t\t\t\t<div class=\"elementor-button-wrapper\">\n\t\t\t<a class=\"elementor-button elementor-button-link elementor-size-sm\" href=\"https:\/\/blog-sabliere.com\/index.php\/numeros-utiles\/\">\n\t\t\t\t\t\t<span class=\"elementor-button-content-wrapper\">\n\t\t\t\t\t\t<span class=\"elementor-button-text\">PAGE\u27a1\ufe0f<br>SUIVANTE<\/span>\n\t\t<\/span>\n\t\t\t\t\t<\/a>\n\t\t<\/div>\n\t\t\t\t<\/div>\n\t\t\t\t<\/div>\n\t\t\t\t\t<\/div>\n\t\t\t\t<\/div>\n\t\t\t\t<\/div>\n\t\t","protected":false},"excerpt":{"rendered":"<p>March\u00e9s locaux et villages \u00e0 d\u00e9couvrir LES MARCH\u00c9S Juillet-Ao\u00fbt, le matin : Lundi\u00a0: M\u00e9jannes le Clap (30430). Mardi\u00a0: Montclus (30630). [&hellip;]<\/p>\n","protected":false},"author":2,"featured_media":0,"parent":0,"menu_order":0,"comment_status":"closed","ping_status":"closed","template":"","meta":{"site-sidebar-layout":"no-sidebar","site-content-layout":"","ast-site-content-layout":"full-width-container","site-content-style":"default","site-sidebar-style":"default","ast-global-header-display":"","ast-banner-title-visibility":"","ast-main-header-display":"","ast-hfb-above-header-display":"","ast-hfb-below-header-display":"","ast-hfb-mobile-header-display":"","site-post-title":"disabled","ast-breadcrumbs-content":"","ast-featured-img":"disabled","footer-sml-layout":"","theme-transparent-header-meta":"","adv-header-id-meta":"","stick-header-meta":"","header-above-stick-meta":"","header-main-stick-meta":"","header-below-stick-meta":"","astra-migrate-meta-layouts":"default","ast-page-background-enabled":"default","ast-page-background-meta":{"desktop":{"background-color":"var(--ast-global-color-4)","background-image":"","background-repeat":"repeat","background-position":"center center","background-size":"auto","background-attachment":"scroll","background-type":"","background-media":"","overlay-type":"","overlay-color":"","overlay-gradient":""},"tablet":{"background-color":"","background-image":"","background-repeat":"repeat","background-position":"center center","background-size":"auto","background-attachment":"scroll","background-type":"","background-media":"","overlay-type":"","overlay-color":"","overlay-gradient":""},"mobile":{"background-color":"","background-image":"","background-repeat":"repeat","background-position":"center center","background-size":"auto","background-attachment":"scroll","background-type":"","background-media":"","overlay-type":"","overlay-color":"","overlay-gradient":""}},"ast-content-background-meta":{"desktop":{"background-color":"var(--ast-global-color-5)","background-image":"","background-repeat":"repeat","background-position":"center center","background-size":"auto","background-attachment":"scroll","background-type":"","background-media":"","overlay-type":"","overlay-color":"","overlay-gradient":""},"tablet":{"background-color":"var(--ast-global-color-5)","background-image":"","background-repeat":"repeat","background-position":"center center","background-size":"auto","background-attachment":"scroll","background-type":"","background-media":"","overlay-type":"","overlay-color":"","overlay-gradient":""},"mobile":{"background-color":"var(--ast-global-color-5)","background-image":"","background-repeat":"repeat","background-position":"center center","background-size":"auto","background-attachment":"scroll","background-type":"","background-media":"","overlay-type":"","overlay-color":"","overlay-gradient":""}},"footnotes":""},"_links":{"self":[{"href":"https:\/\/blog-sabliere.com\/index.php\/wp-json\/wp\/v2\/pages\/789"}],"collection":[{"href":"https:\/\/blog-sabliere.com\/index.php\/wp-json\/wp\/v2\/pages"}],"about":[{"href":"https:\/\/blog-sabliere.com\/index.php\/wp-json\/wp\/v2\/types\/page"}],"author":[{"embeddable":true,"href":"https:\/\/blog-sabliere.com\/index.php\/wp-json\/wp\/v2\/users\/2"}],"replies":[{"embeddable":true,"href":"https:\/\/blog-sabliere.com\/index.php\/wp-json\/wp\/v2\/comments?post=789"}],"version-history":[{"count":58,"href":"https:\/\/blog-sabliere.com\/index.php\/wp-json\/wp\/v2\/pages\/789\/revisions"}],"predecessor-version":[{"id":1405,"href":"https:\/\/blog-sabliere.com\/index.php\/wp-json\/wp\/v2\/pages\/789\/revisions\/1405"}],"wp:attachment":[{"href":"https:\/\/blog-sabliere.com\/index.php\/wp-json\/wp\/v2\/media?parent=789"}],"curies":[{"name":"wp","href":"https:\/\/api.w.org\/{rel}","templated":true}]}}