{"id":653,"date":"2024-06-13T12:02:52","date_gmt":"2024-06-13T10:02:52","guid":{"rendered":"https:\/\/blog-sabliere.com\/?page_id=653"},"modified":"2025-05-15T15:55:09","modified_gmt":"2025-05-15T13:55:09","slug":"activites-partenaires","status":"publish","type":"page","link":"https:\/\/blog-sabliere.com\/index.php\/activites-partenaires\/","title":{"rendered":"Activit\u00e9s partenaires"},"content":{"rendered":"\t\t<div data-elementor-type=\"wp-page\" data-elementor-id=\"653\" class=\"elementor elementor-653\" data-elementor-post-type=\"page\">\n\t\t\t\t<div class=\"elementor-element elementor-element-9b7bac8 e-con-full e-flex e-con e-parent\" data-id=\"9b7bac8\" data-element_type=\"container\" data-settings=\"{&quot;background_background&quot;:&quot;classic&quot;}\" data-core-v316-plus=\"true\">\n\t\t\t\t<div class=\"elementor-element elementor-element-17cc227 elementor-widget elementor-widget-heading\" data-id=\"17cc227\" data-element_type=\"widget\" data-widget_type=\"heading.default\">\n\t\t\t\t<div class=\"elementor-widget-container\">\n\t\t\t<style>\/*! elementor - v3.20.0 - 13-03-2024 *\/\n.elementor-heading-title{padding:0;margin:0;line-height:1}.elementor-widget-heading .elementor-heading-title[class*=elementor-size-]>a{color:inherit;font-size:inherit;line-height:inherit}.elementor-widget-heading .elementor-heading-title.elementor-size-small{font-size:15px}.elementor-widget-heading .elementor-heading-title.elementor-size-medium{font-size:19px}.elementor-widget-heading .elementor-heading-title.elementor-size-large{font-size:29px}.elementor-widget-heading .elementor-heading-title.elementor-size-xl{font-size:39px}.elementor-widget-heading .elementor-heading-title.elementor-size-xxl{font-size:59px}<\/style><h1 class=\"elementor-heading-title elementor-size-default\">Activit\u00e9s partenaires<\/h1>\t\t<\/div>\n\t\t\t\t<\/div>\n\t\t\t\t<div class=\"elementor-element elementor-element-e9814e9 elementor-widget elementor-widget-image\" data-id=\"e9814e9\" data-element_type=\"widget\" data-widget_type=\"image.default\">\n\t\t\t\t<div class=\"elementor-widget-container\">\n\t\t\t<style>\/*! elementor - v3.20.0 - 13-03-2024 *\/\n.elementor-widget-image{text-align:center}.elementor-widget-image a{display:inline-block}.elementor-widget-image a img[src$=\".svg\"]{width:48px}.elementor-widget-image img{vertical-align:middle;display:inline-block}<\/style>\t\t\t\t\t\t\t\t\t\t<img decoding=\"async\" src=\"https:\/\/blog-sabliere.com\/wp-content\/uploads\/elementor\/thumbs\/pont-darc-TINY-qplepfci4tfficgwscft0ipe7bmm9l7e8mnoqv3qii.png\" title=\"pont d&rsquo;arc TINY\" alt=\"pont d&#039;arc TINY\" loading=\"lazy\" \/>\t\t\t\t\t\t\t\t\t\t\t\t\t<\/div>\n\t\t\t\t<\/div>\n\t\t\t\t<div class=\"elementor-element elementor-element-e3fa462 elementor-widget elementor-widget-heading\" data-id=\"e3fa462\" data-element_type=\"widget\" data-widget_type=\"heading.default\">\n\t\t\t\t<div class=\"elementor-widget-container\">\n\t\t\t<h2 class=\"elementor-heading-title elementor-size-default\">D\u00e9couvrez les plus belles activit\u00e9es de la r\u00e9gion grace \u00e0 nos partenaires et \u00e0 nos recommandations \ud83d\ude42<\/h2>\t\t<\/div>\n\t\t\t\t<\/div>\n\t\t\t\t<div class=\"elementor-element elementor-element-5261811 elementor-widget-divider--view-line elementor-widget elementor-widget-divider\" data-id=\"5261811\" data-element_type=\"widget\" data-widget_type=\"divider.default\">\n\t\t\t\t<div class=\"elementor-widget-container\">\n\t\t\t<style>\/*! elementor - v3.20.0 - 13-03-2024 *\/\n.elementor-widget-divider{--divider-border-style:none;--divider-border-width:1px;--divider-color:#0c0d0e;--divider-icon-size:20px;--divider-element-spacing:10px;--divider-pattern-height:24px;--divider-pattern-size:20px;--divider-pattern-url:none;--divider-pattern-repeat:repeat-x}.elementor-widget-divider .elementor-divider{display:flex}.elementor-widget-divider .elementor-divider__text{font-size:15px;line-height:1;max-width:95%}.elementor-widget-divider .elementor-divider__element{margin:0 var(--divider-element-spacing);flex-shrink:0}.elementor-widget-divider .elementor-icon{font-size:var(--divider-icon-size)}.elementor-widget-divider .elementor-divider-separator{display:flex;margin:0;direction:ltr}.elementor-widget-divider--view-line_icon .elementor-divider-separator,.elementor-widget-divider--view-line_text .elementor-divider-separator{align-items:center}.elementor-widget-divider--view-line_icon .elementor-divider-separator:after,.elementor-widget-divider--view-line_icon .elementor-divider-separator:before,.elementor-widget-divider--view-line_text .elementor-divider-separator:after,.elementor-widget-divider--view-line_text .elementor-divider-separator:before{display:block;content:\"\";border-block-end:0;flex-grow:1;border-block-start:var(--divider-border-width) var(--divider-border-style) var(--divider-color)}.elementor-widget-divider--element-align-left .elementor-divider .elementor-divider-separator>.elementor-divider__svg:first-of-type{flex-grow:0;flex-shrink:100}.elementor-widget-divider--element-align-left .elementor-divider-separator:before{content:none}.elementor-widget-divider--element-align-left .elementor-divider__element{margin-left:0}.elementor-widget-divider--element-align-right .elementor-divider .elementor-divider-separator>.elementor-divider__svg:last-of-type{flex-grow:0;flex-shrink:100}.elementor-widget-divider--element-align-right .elementor-divider-separator:after{content:none}.elementor-widget-divider--element-align-right .elementor-divider__element{margin-right:0}.elementor-widget-divider--element-align-start .elementor-divider .elementor-divider-separator>.elementor-divider__svg:first-of-type{flex-grow:0;flex-shrink:100}.elementor-widget-divider--element-align-start .elementor-divider-separator:before{content:none}.elementor-widget-divider--element-align-start .elementor-divider__element{margin-inline-start:0}.elementor-widget-divider--element-align-end .elementor-divider .elementor-divider-separator>.elementor-divider__svg:last-of-type{flex-grow:0;flex-shrink:100}.elementor-widget-divider--element-align-end .elementor-divider-separator:after{content:none}.elementor-widget-divider--element-align-end .elementor-divider__element{margin-inline-end:0}.elementor-widget-divider:not(.elementor-widget-divider--view-line_text):not(.elementor-widget-divider--view-line_icon) .elementor-divider-separator{border-block-start:var(--divider-border-width) var(--divider-border-style) var(--divider-color)}.elementor-widget-divider--separator-type-pattern{--divider-border-style:none}.elementor-widget-divider--separator-type-pattern.elementor-widget-divider--view-line .elementor-divider-separator,.elementor-widget-divider--separator-type-pattern:not(.elementor-widget-divider--view-line) .elementor-divider-separator:after,.elementor-widget-divider--separator-type-pattern:not(.elementor-widget-divider--view-line) .elementor-divider-separator:before,.elementor-widget-divider--separator-type-pattern:not([class*=elementor-widget-divider--view]) .elementor-divider-separator{width:100%;min-height:var(--divider-pattern-height);-webkit-mask-size:var(--divider-pattern-size) 100%;mask-size:var(--divider-pattern-size) 100%;-webkit-mask-repeat:var(--divider-pattern-repeat);mask-repeat:var(--divider-pattern-repeat);background-color:var(--divider-color);-webkit-mask-image:var(--divider-pattern-url);mask-image:var(--divider-pattern-url)}.elementor-widget-divider--no-spacing{--divider-pattern-size:auto}.elementor-widget-divider--bg-round{--divider-pattern-repeat:round}.rtl .elementor-widget-divider .elementor-divider__text{direction:rtl}.e-con-inner>.elementor-widget-divider,.e-con>.elementor-widget-divider{width:var(--container-widget-width,100%);--flex-grow:var(--container-widget-flex-grow)}<\/style>\t\t<div class=\"elementor-divider\">\n\t\t\t<span class=\"elementor-divider-separator\">\n\t\t\t\t\t\t<\/span>\n\t\t<\/div>\n\t\t\t\t<\/div>\n\t\t\t\t<\/div>\n\t\t\t\t<\/div>\n\t\t<div class=\"elementor-element elementor-element-3759530 e-flex e-con-boxed e-con e-parent\" data-id=\"3759530\" data-element_type=\"container\" data-core-v316-plus=\"true\">\n\t\t\t\t\t<div class=\"e-con-inner\">\n\t\t\t\t<div class=\"elementor-element elementor-element-97c47a1 elementor-widget elementor-widget-heading\" data-id=\"97c47a1\" data-element_type=\"widget\" data-widget_type=\"heading.default\">\n\t\t\t\t<div class=\"elementor-widget-container\">\n\t\t\t<h2 class=\"elementor-heading-title elementor-size-default\">Visitez la grotte de la salamandre <br> \n<I>Visit the salamandre cave<\/I><\/h2>\t\t<\/div>\n\t\t\t\t<\/div>\n\t\t<div class=\"elementor-element elementor-element-99efa6b e-grid e-con-boxed e-con e-child\" data-id=\"99efa6b\" data-element_type=\"container\">\n\t\t\t\t\t<div class=\"e-con-inner\">\n\t\t\t\t<div class=\"elementor-element elementor-element-ba668c7 elementor-widget elementor-widget-image\" data-id=\"ba668c7\" data-element_type=\"widget\" data-widget_type=\"image.default\">\n\t\t\t\t<div class=\"elementor-widget-container\">\n\t\t\t\t\t\t\t\t\t\t\t\t\t<img fetchpriority=\"high\" decoding=\"async\" width=\"1024\" height=\"1024\" src=\"https:\/\/blog-sabliere.com\/wp-content\/uploads\/2024\/06\/Flyer-2019-1024x1024.jpg\" class=\"attachment-large size-large wp-image-667\" alt=\"\" srcset=\"https:\/\/blog-sabliere.com\/wp-content\/uploads\/2024\/06\/Flyer-2019-1024x1024.jpg 1024w, https:\/\/blog-sabliere.com\/wp-content\/uploads\/2024\/06\/Flyer-2019-300x300.jpg 300w, https:\/\/blog-sabliere.com\/wp-content\/uploads\/2024\/06\/Flyer-2019-150x150.jpg 150w, https:\/\/blog-sabliere.com\/wp-content\/uploads\/2024\/06\/Flyer-2019-768x768.jpg 768w, https:\/\/blog-sabliere.com\/wp-content\/uploads\/2024\/06\/Flyer-2019-1536x1536.jpg 1536w, https:\/\/blog-sabliere.com\/wp-content\/uploads\/2024\/06\/Flyer-2019.jpg 1920w\" sizes=\"(max-width: 1024px) 100vw, 1024px\" \/>\t\t\t\t\t\t\t\t\t\t\t\t\t<\/div>\n\t\t\t\t<\/div>\n\t\t\t\t<div class=\"elementor-element elementor-element-b964233 elementor-widget elementor-widget-text-editor\" data-id=\"b964233\" data-element_type=\"widget\" data-widget_type=\"text-editor.default\">\n\t\t\t\t<div class=\"elementor-widget-container\">\n\t\t\t<style>\/*! elementor - v3.20.0 - 13-03-2024 *\/\n.elementor-widget-text-editor.elementor-drop-cap-view-stacked .elementor-drop-cap{background-color:#69727d;color:#fff}.elementor-widget-text-editor.elementor-drop-cap-view-framed .elementor-drop-cap{color:#69727d;border:3px solid;background-color:transparent}.elementor-widget-text-editor:not(.elementor-drop-cap-view-default) .elementor-drop-cap{margin-top:8px}.elementor-widget-text-editor:not(.elementor-drop-cap-view-default) .elementor-drop-cap-letter{width:1em;height:1em}.elementor-widget-text-editor .elementor-drop-cap{float:left;text-align:center;line-height:1;font-size:50px}.elementor-widget-text-editor .elementor-drop-cap-letter{display:inline-block}<\/style>\t\t\t\t<p><strong>Elle s\u2019adresse aussi bien aux amateurs de visite touristique qu\u2019\u00e0 ceux qui recherchent des sensations vari\u00e9es ou qui sont \u00e0 la recherche d\u2019une aventure in\u00e9dite. d\u00e9couvrez les sous sols du pays gardois.<\/strong><\/p><p><strong>Pas d&rsquo;\u00e2ge minimum<\/strong><br \/><strong>\ud83d\ude97 30 min<\/strong><\/p><p><strong>\ud83d\udcc5 informations et r\u00e9servations\u00a0 au point INFO<\/strong><\/p>\t\t\t\t\t\t<\/div>\n\t\t\t\t<\/div>\n\t\t\t\t<div class=\"elementor-element elementor-element-a1cf4f4 elementor-widget elementor-widget-text-editor\" data-id=\"a1cf4f4\" data-element_type=\"widget\" data-widget_type=\"text-editor.default\">\n\t\t\t\t<div class=\"elementor-widget-container\">\n\t\t\t\t\t\t\t<p><em style=\"font-weight: inherit; font-family: var( --e-global-typography-text-font-family ), Sans-serif; letter-spacing: var( --e-global-typography-text-letter-spacing ); text-align: var(--text-align);\">The Salamandre cave is a must-see for all those who enjoy sightseeing, as well as for those seeking a variety of sensations or a unique adventure. Discover the underground world of the Gard region.<\/em><\/p><p><em>No minimum age<\/em><br \/><em>\ud83d\ude97 30 min<\/em><\/p><p><em>\ud83d\udcc5 information and reservations at the INFO point<\/em><\/p><p>\u00a0<\/p>\t\t\t\t\t\t<\/div>\n\t\t\t\t<\/div>\n\t\t\t\t\t<\/div>\n\t\t\t\t<\/div>\n\t\t\t\t\t<\/div>\n\t\t\t\t<\/div>\n\t\t<div class=\"elementor-element elementor-element-434265a e-flex e-con-boxed e-con e-parent\" data-id=\"434265a\" data-element_type=\"container\" data-settings=\"{&quot;background_background&quot;:&quot;classic&quot;}\" data-core-v316-plus=\"true\">\n\t\t\t\t\t<div class=\"e-con-inner\">\n\t\t\t\t<div class=\"elementor-element elementor-element-e7c1517 elementor-widget elementor-widget-heading\" data-id=\"e7c1517\" data-element_type=\"widget\" data-widget_type=\"heading.default\">\n\t\t\t\t<div class=\"elementor-widget-container\">\n\t\t\t<h2 class=\"elementor-heading-title elementor-size-default\">INDY PARC <\/h2>\t\t<\/div>\n\t\t\t\t<\/div>\n\t\t<div class=\"elementor-element elementor-element-10e1476 e-grid e-con-boxed e-con e-child\" data-id=\"10e1476\" data-element_type=\"container\">\n\t\t\t\t\t<div class=\"e-con-inner\">\n\t\t\t\t<div class=\"elementor-element elementor-element-4560cb6 elementor-widget elementor-widget-image\" data-id=\"4560cb6\" data-element_type=\"widget\" data-widget_type=\"image.default\">\n\t\t\t\t<div class=\"elementor-widget-container\">\n\t\t\t\t\t\t\t\t\t\t\t\t\t<img decoding=\"async\" width=\"960\" height=\"491\" src=\"https:\/\/blog-sabliere.com\/wp-content\/uploads\/2024\/06\/12943166.jpg\" class=\"attachment-full size-full wp-image-679\" alt=\"\" srcset=\"https:\/\/blog-sabliere.com\/wp-content\/uploads\/2024\/06\/12943166.jpg 960w, https:\/\/blog-sabliere.com\/wp-content\/uploads\/2024\/06\/12943166-300x153.jpg 300w, https:\/\/blog-sabliere.com\/wp-content\/uploads\/2024\/06\/12943166-768x393.jpg 768w\" sizes=\"(max-width: 960px) 100vw, 960px\" \/>\t\t\t\t\t\t\t\t\t\t\t\t\t<\/div>\n\t\t\t\t<\/div>\n\t\t\t\t<div class=\"elementor-element elementor-element-a3e80fe elementor-widget elementor-widget-text-editor\" data-id=\"a3e80fe\" data-element_type=\"widget\" data-widget_type=\"text-editor.default\">\n\t\t\t\t<div class=\"elementor-widget-container\">\n\t\t\t\t\t\t\t<p><strong>\u00c0 5 mn de Vallon Pont d&rsquo;Arc,\u00a0<em>parc<\/em>\u00a0de loisirs de plein-air avec accrobranche pour tous les \u00e2ges, cabanes musicales suspendues, toboggans a\u00e9riens,\u00a0&#8230;<\/strong><\/p><p><strong>D\u00e8s 4 ans minimum<\/strong><br \/><strong>\ud83d\ude97 20 min<\/strong><\/p><p><strong>\ud83d\udcc5 informations et r\u00e9servations\u00a0 au point INFO<\/strong><\/p>\t\t\t\t\t\t<\/div>\n\t\t\t\t<\/div>\n\t\t\t\t<div class=\"elementor-element elementor-element-9cf100f elementor-widget elementor-widget-text-editor\" data-id=\"9cf100f\" data-element_type=\"widget\" data-widget_type=\"text-editor.default\">\n\t\t\t\t<div class=\"elementor-widget-container\">\n\t\t\t\t\t\t\t<p><em>5 mn from Vallon Pont d&rsquo;Arc, outdoor leisure park with tree climbing for all ages, suspended musical huts, aerial slides, &#8230;<\/em><\/p><p><em>Minimum age 4<\/em><br \/><em>\ud83d\ude97 20 min<\/em><\/p><p><em>\ud83d\udcc5 information and reservations at point INFO<\/em><\/p>\t\t\t\t\t\t<\/div>\n\t\t\t\t<\/div>\n\t\t\t\t\t<\/div>\n\t\t\t\t<\/div>\n\t\t\t\t\t<\/div>\n\t\t\t\t<\/div>\n\t\t<div class=\"elementor-element elementor-element-9bc6e87 e-flex e-con-boxed e-con e-parent\" data-id=\"9bc6e87\" data-element_type=\"container\" data-settings=\"{&quot;background_background&quot;:&quot;classic&quot;}\" data-core-v316-plus=\"true\">\n\t\t\t\t\t<div class=\"e-con-inner\">\n\t\t\t\t<div class=\"elementor-element elementor-element-493f057 elementor-widget elementor-widget-heading\" data-id=\"493f057\" data-element_type=\"widget\" data-widget_type=\"heading.default\">\n\t\t\t\t<div class=\"elementor-widget-container\">\n\t\t\t<h2 class=\"elementor-heading-title elementor-size-default\">CHATEAU DES ROURE<\/h2>\t\t<\/div>\n\t\t\t\t<\/div>\n\t\t<div class=\"elementor-element elementor-element-6ef1317 e-grid e-con-boxed e-con e-child\" data-id=\"6ef1317\" data-element_type=\"container\">\n\t\t\t\t\t<div class=\"e-con-inner\">\n\t\t\t\t<div class=\"elementor-element elementor-element-21604c0 elementor-widget elementor-widget-image\" data-id=\"21604c0\" data-element_type=\"widget\" data-widget_type=\"image.default\">\n\t\t\t\t<div class=\"elementor-widget-container\">\n\t\t\t\t\t\t\t\t\t\t\t\t\t<img decoding=\"async\" width=\"1080\" height=\"1080\" src=\"https:\/\/blog-sabliere.com\/wp-content\/uploads\/2024\/06\/400186417_817654130369671_7979182714780964753_n.jpg\" class=\"attachment-full size-full wp-image-684\" alt=\"\" srcset=\"https:\/\/blog-sabliere.com\/wp-content\/uploads\/2024\/06\/400186417_817654130369671_7979182714780964753_n.jpg 1080w, https:\/\/blog-sabliere.com\/wp-content\/uploads\/2024\/06\/400186417_817654130369671_7979182714780964753_n-300x300.jpg 300w, https:\/\/blog-sabliere.com\/wp-content\/uploads\/2024\/06\/400186417_817654130369671_7979182714780964753_n-1024x1024.jpg 1024w, https:\/\/blog-sabliere.com\/wp-content\/uploads\/2024\/06\/400186417_817654130369671_7979182714780964753_n-150x150.jpg 150w, https:\/\/blog-sabliere.com\/wp-content\/uploads\/2024\/06\/400186417_817654130369671_7979182714780964753_n-768x768.jpg 768w\" sizes=\"(max-width: 1080px) 100vw, 1080px\" \/>\t\t\t\t\t\t\t\t\t\t\t\t\t<\/div>\n\t\t\t\t<\/div>\n\t\t\t\t<div class=\"elementor-element elementor-element-144be0b elementor-widget elementor-widget-text-editor\" data-id=\"144be0b\" data-element_type=\"widget\" data-widget_type=\"text-editor.default\">\n\t\t\t\t<div class=\"elementor-widget-container\">\n\t\t\t\t\t\t\t<p><strong>D\u00e9couvrez le\u00a0<em>Ch\u00e2teau des Roure<\/em>, visite du ch\u00e2teau, de l&rsquo;\u00e9levage de vers \u00e0 soie, animations m\u00e9di\u00e9vales\u00a0 et spectacles. En famille, en couple ou entre amis pour une d\u00e9couverte inoubliable !<\/strong><\/p><p><strong>Pas d&rsquo;\u00e2ge minimum<\/strong><br \/><strong>\ud83d\ude97 20 min<\/strong><\/p><p><strong>\ud83d\udcc5 Visite privatis\u00e9e sp\u00e9cial naturistes informations et r\u00e9servations\u00a0 au point INFO<\/strong><\/p>\t\t\t\t\t\t<\/div>\n\t\t\t\t<\/div>\n\t\t\t\t<div class=\"elementor-element elementor-element-96f8114 elementor-widget elementor-widget-text-editor\" data-id=\"96f8114\" data-element_type=\"widget\" data-widget_type=\"text-editor.default\">\n\t\t\t\t<div class=\"elementor-widget-container\">\n\t\t\t\t\t\t\t<p><em>Discover the Ch\u00e2teau des Roure, visit the castle, the silkworm farm, medieval entertainment and shows. Come with your family, partner or friends for an unforgettable discovery!<\/em><\/p><p><em>No minimum age<\/em><br \/><em>\ud83d\ude97 20 min<\/em><\/p><p><em>\ud83d\udcc5 Private visit special for naturists\u00a0 information and reservations at Point INFO<\/em><\/p>\t\t\t\t\t\t<\/div>\n\t\t\t\t<\/div>\n\t\t\t\t\t<\/div>\n\t\t\t\t<\/div>\n\t\t\t\t\t<\/div>\n\t\t\t\t<\/div>\n\t\t<div class=\"elementor-element elementor-element-c2abfdd e-grid e-con-boxed e-con e-parent\" data-id=\"c2abfdd\" data-element_type=\"container\" data-core-v316-plus=\"true\">\n\t\t\t\t\t<div class=\"e-con-inner\">\n\t\t\t\t<div class=\"elementor-element elementor-element-8c0fbb0 elementor-align-justify elementor-mobile-align-center elementor-widget elementor-widget-button\" data-id=\"8c0fbb0\" data-element_type=\"widget\" data-widget_type=\"button.default\">\n\t\t\t\t<div class=\"elementor-widget-container\">\n\t\t\t\t\t<div class=\"elementor-button-wrapper\">\n\t\t\t<a class=\"elementor-button elementor-button-link elementor-size-sm\" href=\"https:\/\/blog-sabliere.com\/index.php\/espace-aquatique\/\">\n\t\t\t\t\t\t<span class=\"elementor-button-content-wrapper\">\n\t\t\t\t\t\t<span class=\"elementor-button-text\">\u2b05\ufe0fPAGE<br>PR\u00c9C\u00c9DENTE<\/span>\n\t\t<\/span>\n\t\t\t\t\t<\/a>\n\t\t<\/div>\n\t\t\t\t<\/div>\n\t\t\t\t<\/div>\n\t\t\t\t<div class=\"elementor-element elementor-element-1504c6b elementor-align-justify elementor-mobile-align-center elementor-widget elementor-widget-button\" data-id=\"1504c6b\" data-element_type=\"widget\" data-widget_type=\"button.default\">\n\t\t\t\t<div class=\"elementor-widget-container\">\n\t\t\t\t\t<div class=\"elementor-button-wrapper\">\n\t\t\t<a class=\"elementor-button elementor-button-link elementor-size-sm\" href=\"https:\/\/blog-sabliere.com\/index.php\/location-vente-prets\/\">\n\t\t\t\t\t\t<span class=\"elementor-button-content-wrapper\">\n\t\t\t\t\t\t<span class=\"elementor-button-text\">PAGE\u27a1\ufe0f<br>SUIVANTE<\/span>\n\t\t<\/span>\n\t\t\t\t\t<\/a>\n\t\t<\/div>\n\t\t\t\t<\/div>\n\t\t\t\t<\/div>\n\t\t\t\t\t<\/div>\n\t\t\t\t<\/div>\n\t\t\t\t<\/div>\n\t\t","protected":false},"excerpt":{"rendered":"<p>Activit\u00e9s partenaires D\u00e9couvrez les plus belles activit\u00e9es de la r\u00e9gion grace \u00e0 nos partenaires et \u00e0 nos recommandations \ud83d\ude42 Visitez [&hellip;]<\/p>\n","protected":false},"author":1,"featured_media":0,"parent":0,"menu_order":0,"comment_status":"closed","ping_status":"closed","template":"","meta":{"site-sidebar-layout":"no-sidebar","site-content-layout":"","ast-site-content-layout":"full-width-container","site-content-style":"default","site-sidebar-style":"default","ast-global-header-display":"","ast-banner-title-visibility":"","ast-main-header-display":"","ast-hfb-above-header-display":"","ast-hfb-below-header-display":"","ast-hfb-mobile-header-display":"","site-post-title":"disabled","ast-breadcrumbs-content":"","ast-featured-img":"disabled","footer-sml-layout":"","theme-transparent-header-meta":"","adv-header-id-meta":"","stick-header-meta":"","header-above-stick-meta":"","header-main-stick-meta":"","header-below-stick-meta":"","astra-migrate-meta-layouts":"default","ast-page-background-enabled":"default","ast-page-background-meta":{"desktop":{"background-color":"var(--ast-global-color-4)","background-image":"","background-repeat":"repeat","background-position":"center center","background-size":"auto","background-attachment":"scroll","background-type":"","background-media":"","overlay-type":"","overlay-color":"","overlay-gradient":""},"tablet":{"background-color":"","background-image":"","background-repeat":"repeat","background-position":"center center","background-size":"auto","background-attachment":"scroll","background-type":"","background-media":"","overlay-type":"","overlay-color":"","overlay-gradient":""},"mobile":{"background-color":"","background-image":"","background-repeat":"repeat","background-position":"center center","background-size":"auto","background-attachment":"scroll","background-type":"","background-media":"","overlay-type":"","overlay-color":"","overlay-gradient":""}},"ast-content-background-meta":{"desktop":{"background-color":"var(--ast-global-color-5)","background-image":"","background-repeat":"repeat","background-position":"center center","background-size":"auto","background-attachment":"scroll","background-type":"","background-media":"","overlay-type":"","overlay-color":"","overlay-gradient":""},"tablet":{"background-color":"var(--ast-global-color-5)","background-image":"","background-repeat":"repeat","background-position":"center center","background-size":"auto","background-attachment":"scroll","background-type":"","background-media":"","overlay-type":"","overlay-color":"","overlay-gradient":""},"mobile":{"background-color":"var(--ast-global-color-5)","background-image":"","background-repeat":"repeat","background-position":"center center","background-size":"auto","background-attachment":"scroll","background-type":"","background-media":"","overlay-type":"","overlay-color":"","overlay-gradient":""}},"footnotes":""},"_links":{"self":[{"href":"https:\/\/blog-sabliere.com\/index.php\/wp-json\/wp\/v2\/pages\/653"}],"collection":[{"href":"https:\/\/blog-sabliere.com\/index.php\/wp-json\/wp\/v2\/pages"}],"about":[{"href":"https:\/\/blog-sabliere.com\/index.php\/wp-json\/wp\/v2\/types\/page"}],"author":[{"embeddable":true,"href":"https:\/\/blog-sabliere.com\/index.php\/wp-json\/wp\/v2\/users\/1"}],"replies":[{"embeddable":true,"href":"https:\/\/blog-sabliere.com\/index.php\/wp-json\/wp\/v2\/comments?post=653"}],"version-history":[{"count":60,"href":"https:\/\/blog-sabliere.com\/index.php\/wp-json\/wp\/v2\/pages\/653\/revisions"}],"predecessor-version":[{"id":1604,"href":"https:\/\/blog-sabliere.com\/index.php\/wp-json\/wp\/v2\/pages\/653\/revisions\/1604"}],"wp:attachment":[{"href":"https:\/\/blog-sabliere.com\/index.php\/wp-json\/wp\/v2\/media?parent=653"}],"curies":[{"name":"wp","href":"https:\/\/api.w.org\/{rel}","templated":true}]}}