{"id":553,"date":"2024-04-28T11:01:24","date_gmt":"2024-04-28T09:01:24","guid":{"rendered":"https:\/\/blog-sabliere.com\/?page_id=553"},"modified":"2025-05-16T18:45:29","modified_gmt":"2025-05-16T16:45:29","slug":"espace-aquatique","status":"publish","type":"page","link":"https:\/\/blog-sabliere.com\/index.php\/espace-aquatique\/","title":{"rendered":"Espace Aquatique"},"content":{"rendered":"\t\t<div data-elementor-type=\"wp-page\" data-elementor-id=\"553\" class=\"elementor elementor-553\" data-elementor-post-type=\"page\">\n\t\t\t\t<div class=\"elementor-element elementor-element-9b7bac8 e-con-full e-flex e-con e-parent\" data-id=\"9b7bac8\" data-element_type=\"container\" data-settings=\"{&quot;background_background&quot;:&quot;classic&quot;}\" data-core-v316-plus=\"true\">\n\t\t\t\t<div class=\"elementor-element elementor-element-17cc227 elementor-widget elementor-widget-heading\" data-id=\"17cc227\" data-element_type=\"widget\" data-widget_type=\"heading.default\">\n\t\t\t\t<div class=\"elementor-widget-container\">\n\t\t\t<style>\/*! elementor - v3.20.0 - 13-03-2024 *\/\n.elementor-heading-title{padding:0;margin:0;line-height:1}.elementor-widget-heading .elementor-heading-title[class*=elementor-size-]>a{color:inherit;font-size:inherit;line-height:inherit}.elementor-widget-heading .elementor-heading-title.elementor-size-small{font-size:15px}.elementor-widget-heading .elementor-heading-title.elementor-size-medium{font-size:19px}.elementor-widget-heading .elementor-heading-title.elementor-size-large{font-size:29px}.elementor-widget-heading .elementor-heading-title.elementor-size-xl{font-size:39px}.elementor-widget-heading .elementor-heading-title.elementor-size-xxl{font-size:59px}<\/style><h1 class=\"elementor-heading-title elementor-size-default\">ESPACE AQUATIQUE<\/h1>\t\t<\/div>\n\t\t\t\t<\/div>\n\t\t\t\t<div class=\"elementor-element elementor-element-e9814e9 elementor-widget elementor-widget-image\" data-id=\"e9814e9\" data-element_type=\"widget\" data-widget_type=\"image.default\">\n\t\t\t\t<div class=\"elementor-widget-container\">\n\t\t\t<style>\/*! elementor - v3.20.0 - 13-03-2024 *\/\n.elementor-widget-image{text-align:center}.elementor-widget-image a{display:inline-block}.elementor-widget-image a img[src$=\".svg\"]{width:48px}.elementor-widget-image img{vertical-align:middle;display:inline-block}<\/style>\t\t\t\t\t\t\t\t\t\t<img decoding=\"async\" src=\"https:\/\/blog-sabliere.com\/wp-content\/uploads\/elementor\/thumbs\/espace-aquatique-qnd9rz9r9qewdl7ebw55j31hb1rgrrcatzuq9fkpmu.webp\" title=\"espace aquatique\" alt=\"espace aquatique\" loading=\"lazy\" \/>\t\t\t\t\t\t\t\t\t\t\t\t\t<\/div>\n\t\t\t\t<\/div>\n\t\t\t\t<div class=\"elementor-element elementor-element-f63f253 elementor-widget elementor-widget-text-editor\" data-id=\"f63f253\" data-element_type=\"widget\" data-widget_type=\"text-editor.default\">\n\t\t\t\t<div class=\"elementor-widget-container\">\n\t\t\t<style>\/*! elementor - v3.20.0 - 13-03-2024 *\/\n.elementor-widget-text-editor.elementor-drop-cap-view-stacked .elementor-drop-cap{background-color:#69727d;color:#fff}.elementor-widget-text-editor.elementor-drop-cap-view-framed .elementor-drop-cap{color:#69727d;border:3px solid;background-color:transparent}.elementor-widget-text-editor:not(.elementor-drop-cap-view-default) .elementor-drop-cap{margin-top:8px}.elementor-widget-text-editor:not(.elementor-drop-cap-view-default) .elementor-drop-cap-letter{width:1em;height:1em}.elementor-widget-text-editor .elementor-drop-cap{float:left;text-align:center;line-height:1;font-size:50px}.elementor-widget-text-editor .elementor-drop-cap-letter{display:inline-block}<\/style>\t\t\t\t<p><strong>Espace aquatique ouvert <\/strong>tous les jours du 18\/04 au 28\/09 <br \/><strong><span style=\"text-decoration: underline;\">Hors Juillet\/Ao\u00fbt<\/span><\/strong> : De 10h00 \u00e0 19h00<br \/><strong><span style=\"text-decoration: underline;\">Juillet\/Ao\u00fbt<\/span><\/strong> : De 10h00 \u00e0 20h00<strong><br \/><\/strong><\/p>\t\t\t\t\t\t<\/div>\n\t\t\t\t<\/div>\n\t\t\t\t<div class=\"elementor-element elementor-element-16913bf elementor-widget elementor-widget-text-editor\" data-id=\"16913bf\" data-element_type=\"widget\" data-widget_type=\"text-editor.default\">\n\t\t\t\t<div class=\"elementor-widget-container\">\n\t\t\t\t\t\t\t<p><em>Aquatic area open daily from 18\/04 to 28\/09<\/em><br \/><em>Off July\/August: 10:00 am to 7:00 pm<\/em><br \/><em>July\/August: 10:00 am to 8:00 pm<\/em><\/p>\t\t\t\t\t\t<\/div>\n\t\t\t\t<\/div>\n\t\t<div class=\"elementor-element elementor-element-c0e1da7 e-grid e-con-boxed e-con e-child\" data-id=\"c0e1da7\" data-element_type=\"container\">\n\t\t\t\t\t<div class=\"e-con-inner\">\n\t\t\t\t<div class=\"elementor-element elementor-element-8de7013 elementor-widget elementor-widget-image\" data-id=\"8de7013\" data-element_type=\"widget\" data-widget_type=\"image.default\">\n\t\t\t\t<div class=\"elementor-widget-container\">\n\t\t\t\t\t\t\t\t\t\t\t\t\t<img decoding=\"async\" src=\"https:\/\/blog-sabliere.com\/wp-content\/uploads\/elementor\/thumbs\/nude-qnd9wvz3pd9p0bzki82cww5kqxjxys6pwo14zx1p84.png\" title=\"nude\" alt=\"nude\" loading=\"lazy\" \/>\t\t\t\t\t\t\t\t\t\t\t\t\t<\/div>\n\t\t\t\t<\/div>\n\t\t\t\t<div class=\"elementor-element elementor-element-f150cd2 elementor-widget elementor-widget-text-editor\" data-id=\"f150cd2\" data-element_type=\"widget\" data-widget_type=\"text-editor.default\">\n\t\t\t\t<div class=\"elementor-widget-container\">\n\t\t\t\t\t\t\t<p><b>NUDIT\u00c9 OBLIGATOIRE :<\/b><em>Sauf personnel employ\u00e9 par le Domaine de la Sabli\u00e8re<br \/>NUDITY REQUIRED: Except for personnel employed by Domaine de la Sabli\u00e8re<\/em><\/p><p><span style=\"font-size: 16px;\">Dans notre espace aquatique, la nudit\u00e9 des enfants est demand\u00e9e dans le respect de leur confort et de leur consentement. Il est essentiel de souligner que <\/span><strong style=\"font-size: 16px;\" data-start=\"406\" data-end=\"466\">les enfants doivent toujours se sentir libres de choisir <\/strong><span style=\"font-size: 16px;\">et ce choix doit \u00eatre respect\u00e9 \u00e0 tout moment.<\/span><\/p><ul><li><p class=\"\" data-start=\"552\" data-end=\"869\">Nous tenons \u00e0 rappeler qu\u2019il <strong data-start=\"581\" data-end=\"609\">est strictement interdit<\/strong> \u00e0 un adulte de demander \u00e0 un enfant de se d\u00e9shabiller, que ce soit de mani\u00e8re verbale ou par tout autre moyen. Le respect de l&rsquo;intimit\u00e9 et de la libert\u00e9 de chaque individu, en particulier des enfants, est une valeur primordiale au sein de notre \u00e9tablissement.<\/p><\/li><li><p class=\"\" data-start=\"82\" data-end=\"306\"><em>In our aquatic area, nudity is requested for children, in accordance with their comfort and consent. It is essential to emphasize that children must always feel free to choose, and this choice must be respected at all times.<\/em><\/p><p class=\"\" data-start=\"308\" data-end=\"564\"><em>We would like to remind you that it is strictly prohibited for any adult to ask a child to undress, whether verbally or in any other way. Respect for the privacy and freedom of each individual, especially children, is a core value within our establishment.<\/em><\/p><p data-start=\"308\" data-end=\"564\">\u00a0<\/p><\/li><\/ul>\t\t\t\t\t\t<\/div>\n\t\t\t\t<\/div>\n\t\t\t\t\t<\/div>\n\t\t\t\t<\/div>\n\t\t<div class=\"elementor-element elementor-element-63ba3a7 e-grid e-con-boxed e-con e-child\" data-id=\"63ba3a7\" data-element_type=\"container\">\n\t\t\t\t\t<div class=\"e-con-inner\">\n\t\t\t\t<div class=\"elementor-element elementor-element-9a6efb6 elementor-widget elementor-widget-image\" data-id=\"9a6efb6\" data-element_type=\"widget\" data-widget_type=\"image.default\">\n\t\t\t\t<div class=\"elementor-widget-container\">\n\t\t\t\t\t\t\t\t\t\t\t\t\t<img decoding=\"async\" src=\"https:\/\/blog-sabliere.com\/wp-content\/uploads\/elementor\/thumbs\/swimming-pool_3132032-qnd9zmo511mvaolhghmtw7qssn5rq2g9n2zgbr08l0.png\" title=\"swimming-pool_3132032\" alt=\"swimming-pool_3132032\" loading=\"lazy\" \/>\t\t\t\t\t\t\t\t\t\t\t\t\t<\/div>\n\t\t\t\t<\/div>\n\t\t\t\t<div class=\"elementor-element elementor-element-bcccce8 elementor-widget elementor-widget-text-editor\" data-id=\"bcccce8\" data-element_type=\"widget\" data-widget_type=\"text-editor.default\">\n\t\t\t\t<div class=\"elementor-widget-container\">\n\t\t\t\t\t\t\t<p><span style=\"text-align: var(--text-align); background-color: rgba(86, 130, 62, 0);\"><b>PISCINE EXT\u00c9RIEURE<br \/><\/b><\/span><em style=\"font-weight: inherit; font-family: var( --e-global-typography-text-font-family ), Sans-serif; letter-spacing: var( --e-global-typography-text-letter-spacing ); text-align: var(--text-align); background-color: rgba(86, 130, 62, 0);\"><span style=\"text-align: var(--text-align); background-color: rgba(86, 130, 62, 0);\"><b>OUTDOOR POOL<\/b><\/span><\/em><\/p>\t\t\t\t\t\t<\/div>\n\t\t\t\t<\/div>\n\t\t\t\t\t<\/div>\n\t\t\t\t<\/div>\n\t\t<div class=\"elementor-element elementor-element-95311a4 e-grid e-con-boxed e-con e-child\" data-id=\"95311a4\" data-element_type=\"container\">\n\t\t\t\t\t<div class=\"e-con-inner\">\n\t\t\t\t<div class=\"elementor-element elementor-element-9980632 elementor-widget elementor-widget-image\" data-id=\"9980632\" data-element_type=\"widget\" data-widget_type=\"image.default\">\n\t\t\t\t<div class=\"elementor-widget-container\">\n\t\t\t\t\t\t\t\t\t\t\t\t\t<img decoding=\"async\" src=\"https:\/\/blog-sabliere.com\/wp-content\/uploads\/elementor\/thumbs\/rubber-ring_3009569-qnda4hi4c8a7a5jj3l7frzmjab81hrqcb4brl7t0fo.png\" title=\"rubber-ring_3009569\" alt=\"rubber-ring_3009569\" loading=\"lazy\" \/>\t\t\t\t\t\t\t\t\t\t\t\t\t<\/div>\n\t\t\t\t<\/div>\n\t\t\t\t<div class=\"elementor-element elementor-element-74671cf elementor-widget elementor-widget-text-editor\" data-id=\"74671cf\" data-element_type=\"widget\" data-widget_type=\"text-editor.default\">\n\t\t\t\t<div class=\"elementor-widget-container\">\n\t\t\t\t\t\t\t<p><strong>BASSIN POUR ENFANTS<br \/><\/strong><em><span style=\"text-align: var(--text-align); background-color: rgba(86, 130, 62, 0);\"><b>CHILDREN&rsquo;S POOL<\/b><\/span><\/em><strong><br \/><\/strong><\/p>\t\t\t\t\t\t<\/div>\n\t\t\t\t<\/div>\n\t\t\t\t\t<\/div>\n\t\t\t\t<\/div>\n\t\t<div class=\"elementor-element elementor-element-f4c8e39 e-grid e-con-boxed e-con e-child\" data-id=\"f4c8e39\" data-element_type=\"container\">\n\t\t\t\t\t<div class=\"e-con-inner\">\n\t\t\t\t<div class=\"elementor-element elementor-element-2f13190 elementor-widget elementor-widget-image\" data-id=\"2f13190\" data-element_type=\"widget\" data-widget_type=\"image.default\">\n\t\t\t\t<div class=\"elementor-widget-container\">\n\t\t\t\t\t\t\t\t\t\t\t\t\t<img decoding=\"async\" src=\"https:\/\/blog-sabliere.com\/wp-content\/uploads\/elementor\/thumbs\/swimming-pool_14228577-qnda6g00ksypgwp4nxoggzu3u7kkj2i7kt96kywhh0.png\" title=\"swimming-pool_14228577\" alt=\"swimming-pool_14228577\" loading=\"lazy\" \/>\t\t\t\t\t\t\t\t\t\t\t\t\t<\/div>\n\t\t\t\t<\/div>\n\t\t\t\t<div class=\"elementor-element elementor-element-45675b3 elementor-widget elementor-widget-text-editor\" data-id=\"45675b3\" data-element_type=\"widget\" data-widget_type=\"text-editor.default\">\n\t\t\t\t<div class=\"elementor-widget-container\">\n\t\t\t\t\t\t\t<p><b>PISCINE COUVERTE ET CHAUFF\u00c9E<br \/><\/b><em><span style=\"text-align: var(--text-align); background-color: rgba(86, 130, 62, 0);\"><b>HEATED INDOOR SWIMMING POOL<\/b><\/span><\/em><\/p>\t\t\t\t\t\t<\/div>\n\t\t\t\t<\/div>\n\t\t\t\t\t<\/div>\n\t\t\t\t<\/div>\n\t\t<div class=\"elementor-element elementor-element-06aaef5 e-grid e-con-boxed e-con e-child\" data-id=\"06aaef5\" data-element_type=\"container\">\n\t\t\t\t\t<div class=\"e-con-inner\">\n\t\t\t\t<div class=\"elementor-element elementor-element-e808ae6 elementor-widget elementor-widget-image\" data-id=\"e808ae6\" data-element_type=\"widget\" data-widget_type=\"image.default\">\n\t\t\t\t<div class=\"elementor-widget-container\">\n\t\t\t\t\t\t\t\t\t\t\t\t\t<img decoding=\"async\" src=\"https:\/\/blog-sabliere.com\/wp-content\/uploads\/elementor\/thumbs\/park_14193127-qnda9g3ger2ok2c44qejxqk45irs49fcboa0rsg7lg.png\" title=\"park_14193127\" alt=\"park_14193127\" loading=\"lazy\" \/>\t\t\t\t\t\t\t\t\t\t\t\t\t<\/div>\n\t\t\t\t<\/div>\n\t\t\t\t<div class=\"elementor-element elementor-element-dc786c6 elementor-widget elementor-widget-text-editor\" data-id=\"dc786c6\" data-element_type=\"widget\" data-widget_type=\"text-editor.default\">\n\t\t\t\t<div class=\"elementor-widget-container\">\n\t\t\t\t\t\t\t<p><b><b>TOBOGGANS AQUATIQUES<br \/><em>WATER SLIDES<\/em><br \/><\/b><\/b><\/p>\t\t\t\t\t\t<\/div>\n\t\t\t\t<\/div>\n\t\t\t\t\t<\/div>\n\t\t\t\t<\/div>\n\t\t<div class=\"elementor-element elementor-element-442cc0a e-grid e-con-boxed e-con e-child\" data-id=\"442cc0a\" data-element_type=\"container\">\n\t\t\t\t\t<div class=\"e-con-inner\">\n\t\t\t\t<div class=\"elementor-element elementor-element-fb7e6da elementor-widget elementor-widget-image\" data-id=\"fb7e6da\" data-element_type=\"widget\" data-widget_type=\"image.default\">\n\t\t\t\t<div class=\"elementor-widget-container\">\n\t\t\t\t\t\t\t\t\t\t\t\t\t<img decoding=\"async\" src=\"https:\/\/blog-sabliere.com\/wp-content\/uploads\/elementor\/thumbs\/bathing_2436327-qndab72n4ngw5xsmwzmk2snzyc5dfzdcwbzjxbuu0k.png\" title=\"bathing_2436327\" alt=\"bathing_2436327\" loading=\"lazy\" \/>\t\t\t\t\t\t\t\t\t\t\t\t\t<\/div>\n\t\t\t\t<\/div>\n\t\t\t\t<div class=\"elementor-element elementor-element-548c7dd elementor-widget elementor-widget-text-editor\" data-id=\"548c7dd\" data-element_type=\"widget\" data-widget_type=\"text-editor.default\">\n\t\t\t\t<div class=\"elementor-widget-container\">\n\t\t\t\t\t\t\t<p><b>SAUNA\u00a0<br \/><\/b><\/p>\t\t\t\t\t\t<\/div>\n\t\t\t\t<\/div>\n\t\t\t\t\t<\/div>\n\t\t\t\t<\/div>\n\t\t\t\t<\/div>\n\t\t<div class=\"elementor-element elementor-element-c2abfdd e-grid e-con-boxed e-con e-parent\" data-id=\"c2abfdd\" data-element_type=\"container\" data-core-v316-plus=\"true\">\n\t\t\t\t\t<div class=\"e-con-inner\">\n\t\t\t\t<div class=\"elementor-element elementor-element-8c0fbb0 elementor-align-justify elementor-mobile-align-center elementor-widget elementor-widget-button\" data-id=\"8c0fbb0\" data-element_type=\"widget\" data-widget_type=\"button.default\">\n\t\t\t\t<div class=\"elementor-widget-container\">\n\t\t\t\t\t<div class=\"elementor-button-wrapper\">\n\t\t\t<a class=\"elementor-button elementor-button-link elementor-size-sm\" href=\"https:\/\/blog-sabliere.com\/index.php\/programme-animation-2\/\">\n\t\t\t\t\t\t<span class=\"elementor-button-content-wrapper\">\n\t\t\t\t\t\t<span class=\"elementor-button-text\">\u2b05\ufe0fPAGE<br>PR\u00c9C\u00c9DENTE<\/span>\n\t\t<\/span>\n\t\t\t\t\t<\/a>\n\t\t<\/div>\n\t\t\t\t<\/div>\n\t\t\t\t<\/div>\n\t\t\t\t<div class=\"elementor-element elementor-element-1504c6b elementor-align-justify elementor-mobile-align-center elementor-widget elementor-widget-button\" data-id=\"1504c6b\" data-element_type=\"widget\" data-widget_type=\"button.default\">\n\t\t\t\t<div class=\"elementor-widget-container\">\n\t\t\t\t\t<div class=\"elementor-button-wrapper\">\n\t\t\t<a class=\"elementor-button elementor-button-link elementor-size-sm\" href=\"https:\/\/blog-sabliere.com\/index.php\/activites-partenaires\/\">\n\t\t\t\t\t\t<span class=\"elementor-button-content-wrapper\">\n\t\t\t\t\t\t<span class=\"elementor-button-text\">PAGE\u27a1\ufe0f<br>SUIVANTE<\/span>\n\t\t<\/span>\n\t\t\t\t\t<\/a>\n\t\t<\/div>\n\t\t\t\t<\/div>\n\t\t\t\t<\/div>\n\t\t\t\t\t<\/div>\n\t\t\t\t<\/div>\n\t\t\t\t<\/div>\n\t\t","protected":false},"excerpt":{"rendered":"<p>ESPACE AQUATIQUE Espace aquatique ouvert tous les jours du 18\/04 au 28\/09 Hors Juillet\/Ao\u00fbt : De 10h00 \u00e0 19h00Juillet\/Ao\u00fbt : [&hellip;]<\/p>\n","protected":false},"author":1,"featured_media":0,"parent":0,"menu_order":0,"comment_status":"closed","ping_status":"closed","template":"","meta":{"site-sidebar-layout":"no-sidebar","site-content-layout":"","ast-site-content-layout":"full-width-container","site-content-style":"default","site-sidebar-style":"default","ast-global-header-display":"","ast-banner-title-visibility":"","ast-main-header-display":"","ast-hfb-above-header-display":"","ast-hfb-below-header-display":"","ast-hfb-mobile-header-display":"","site-post-title":"disabled","ast-breadcrumbs-content":"","ast-featured-img":"disabled","footer-sml-layout":"","theme-transparent-header-meta":"","adv-header-id-meta":"","stick-header-meta":"","header-above-stick-meta":"","header-main-stick-meta":"","header-below-stick-meta":"","astra-migrate-meta-layouts":"default","ast-page-background-enabled":"default","ast-page-background-meta":{"desktop":{"background-color":"var(--ast-global-color-4)","background-image":"","background-repeat":"repeat","background-position":"center center","background-size":"auto","background-attachment":"scroll","background-type":"","background-media":"","overlay-type":"","overlay-color":"","overlay-gradient":""},"tablet":{"background-color":"","background-image":"","background-repeat":"repeat","background-position":"center center","background-size":"auto","background-attachment":"scroll","background-type":"","background-media":"","overlay-type":"","overlay-color":"","overlay-gradient":""},"mobile":{"background-color":"","background-image":"","background-repeat":"repeat","background-position":"center center","background-size":"auto","background-attachment":"scroll","background-type":"","background-media":"","overlay-type":"","overlay-color":"","overlay-gradient":""}},"ast-content-background-meta":{"desktop":{"background-color":"var(--ast-global-color-5)","background-image":"","background-repeat":"repeat","background-position":"center center","background-size":"auto","background-attachment":"scroll","background-type":"","background-media":"","overlay-type":"","overlay-color":"","overlay-gradient":""},"tablet":{"background-color":"var(--ast-global-color-5)","background-image":"","background-repeat":"repeat","background-position":"center center","background-size":"auto","background-attachment":"scroll","background-type":"","background-media":"","overlay-type":"","overlay-color":"","overlay-gradient":""},"mobile":{"background-color":"var(--ast-global-color-5)","background-image":"","background-repeat":"repeat","background-position":"center center","background-size":"auto","background-attachment":"scroll","background-type":"","background-media":"","overlay-type":"","overlay-color":"","overlay-gradient":""}},"footnotes":""},"_links":{"self":[{"href":"https:\/\/blog-sabliere.com\/index.php\/wp-json\/wp\/v2\/pages\/553"}],"collection":[{"href":"https:\/\/blog-sabliere.com\/index.php\/wp-json\/wp\/v2\/pages"}],"about":[{"href":"https:\/\/blog-sabliere.com\/index.php\/wp-json\/wp\/v2\/types\/page"}],"author":[{"embeddable":true,"href":"https:\/\/blog-sabliere.com\/index.php\/wp-json\/wp\/v2\/users\/1"}],"replies":[{"embeddable":true,"href":"https:\/\/blog-sabliere.com\/index.php\/wp-json\/wp\/v2\/comments?post=553"}],"version-history":[{"count":47,"href":"https:\/\/blog-sabliere.com\/index.php\/wp-json\/wp\/v2\/pages\/553\/revisions"}],"predecessor-version":[{"id":1621,"href":"https:\/\/blog-sabliere.com\/index.php\/wp-json\/wp\/v2\/pages\/553\/revisions\/1621"}],"wp:attachment":[{"href":"https:\/\/blog-sabliere.com\/index.php\/wp-json\/wp\/v2\/media?parent=553"}],"curies":[{"name":"wp","href":"https:\/\/api.w.org\/{rel}","templated":true}]}}