{"id":533,"date":"2024-04-28T10:57:28","date_gmt":"2024-04-28T08:57:28","guid":{"rendered":"https:\/\/blog-sabliere.com\/?page_id=533"},"modified":"2025-07-23T22:36:55","modified_gmt":"2025-07-23T20:36:55","slug":"services","status":"publish","type":"page","link":"https:\/\/blog-sabliere.com\/index.php\/services\/","title":{"rendered":"Horaires des diff\u00e9rents services"},"content":{"rendered":"\t\t<div data-elementor-type=\"wp-page\" data-elementor-id=\"533\" class=\"elementor elementor-533\" data-elementor-post-type=\"page\">\n\t\t\t\t<div class=\"elementor-element elementor-element-9b7bac8 e-con-full e-flex e-con e-parent\" data-id=\"9b7bac8\" data-element_type=\"container\" data-settings=\"{&quot;background_background&quot;:&quot;classic&quot;}\" data-core-v316-plus=\"true\">\n\t\t\t\t<div class=\"elementor-element elementor-element-17cc227 elementor-widget elementor-widget-heading\" data-id=\"17cc227\" data-element_type=\"widget\" data-widget_type=\"heading.default\">\n\t\t\t\t<div class=\"elementor-widget-container\">\n\t\t\t<style>\/*! elementor - v3.20.0 - 13-03-2024 *\/\n.elementor-heading-title{padding:0;margin:0;line-height:1}.elementor-widget-heading .elementor-heading-title[class*=elementor-size-]>a{color:inherit;font-size:inherit;line-height:inherit}.elementor-widget-heading .elementor-heading-title.elementor-size-small{font-size:15px}.elementor-widget-heading .elementor-heading-title.elementor-size-medium{font-size:19px}.elementor-widget-heading .elementor-heading-title.elementor-size-large{font-size:29px}.elementor-widget-heading .elementor-heading-title.elementor-size-xl{font-size:39px}.elementor-widget-heading .elementor-heading-title.elementor-size-xxl{font-size:59px}<\/style><h1 class=\"elementor-heading-title elementor-size-default\">Horaires des  diff\u00e9rents services<\/h1>\t\t<\/div>\n\t\t\t\t<\/div>\n\t\t\t\t<div class=\"elementor-element elementor-element-e9814e9 elementor-widget elementor-widget-image\" data-id=\"e9814e9\" data-element_type=\"widget\" data-widget_type=\"image.default\">\n\t\t\t\t<div class=\"elementor-widget-container\">\n\t\t\t<style>\/*! elementor - v3.20.0 - 13-03-2024 *\/\n.elementor-widget-image{text-align:center}.elementor-widget-image a{display:inline-block}.elementor-widget-image a img[src$=\".svg\"]{width:48px}.elementor-widget-image img{vertical-align:middle;display:inline-block}<\/style>\t\t\t\t\t\t\t\t\t\t<img decoding=\"async\" src=\"https:\/\/blog-sabliere.com\/wp-content\/uploads\/elementor\/thumbs\/SebChebassier_F4N_SABLIERE_24-19-scaled-r5ujl8nn0dzlo7e0968kz49dpexanttl2f5lg71fjg.jpg\" title=\"SebChebassier_F4N_SABLIERE_24-19\" alt=\"SebChebassier_F4N_SABLIERE_24-19\" loading=\"lazy\" \/>\t\t\t\t\t\t\t\t\t\t\t\t\t<\/div>\n\t\t\t\t<\/div>\n\t\t<div class=\"elementor-element elementor-element-c0e1da7 e-grid e-con-boxed e-con e-child\" data-id=\"c0e1da7\" data-element_type=\"container\">\n\t\t\t\t\t<div class=\"e-con-inner\">\n\t\t\t\t<div class=\"elementor-element elementor-element-8de7013 elementor-widget elementor-widget-image\" data-id=\"8de7013\" data-element_type=\"widget\" data-widget_type=\"image.default\">\n\t\t\t\t<div class=\"elementor-widget-container\">\n\t\t\t\t\t\t\t\t\t\t\t\t\t<img decoding=\"async\" src=\"https:\/\/blog-sabliere.com\/wp-content\/uploads\/elementor\/thumbs\/receptionist_1845585-qnd8a36jkje15rzltdz658tcnghmrh4xihc06k95ys.png\" title=\"receptionist_1845585\" alt=\"receptionist_1845585\" loading=\"lazy\" \/>\t\t\t\t\t\t\t\t\t\t\t\t\t<\/div>\n\t\t\t\t<\/div>\n\t\t\t\t<div class=\"elementor-element elementor-element-f150cd2 elementor-widget elementor-widget-text-editor\" data-id=\"f150cd2\" data-element_type=\"widget\" data-widget_type=\"text-editor.default\">\n\t\t\t\t<div class=\"elementor-widget-container\">\n\t\t\t<style>\/*! elementor - v3.20.0 - 13-03-2024 *\/\n.elementor-widget-text-editor.elementor-drop-cap-view-stacked .elementor-drop-cap{background-color:#69727d;color:#fff}.elementor-widget-text-editor.elementor-drop-cap-view-framed .elementor-drop-cap{color:#69727d;border:3px solid;background-color:transparent}.elementor-widget-text-editor:not(.elementor-drop-cap-view-default) .elementor-drop-cap{margin-top:8px}.elementor-widget-text-editor:not(.elementor-drop-cap-view-default) .elementor-drop-cap-letter{width:1em;height:1em}.elementor-widget-text-editor .elementor-drop-cap{float:left;text-align:center;line-height:1;font-size:50px}.elementor-widget-text-editor .elementor-drop-cap-letter{display:inline-block}<\/style>\t\t\t\t<p><b>R\u00c9CEPTION PRINCIPALE :\u00a0<br \/><\/b><strong><span style=\"text-decoration: underline;\">Hors Juillet\/Ao\u00fbt<\/span><\/strong> : Tous les jours de 9h00 \u00e0 13h00 et de 15h00 \u00e0 19h00 (Sauf samedi et dimanche 9h00 \u00e0 19h00).<br \/><strong><span style=\"text-decoration: underline;\">Juillet\/Ao\u00fbt<\/span><\/strong> : Tous les jours de 9h00 \u00e0 13h00 et de 15h00 \u00e0 20h00 (sauf le samedi et dimanche de 8h00 \u00e0 20h00).<\/p><p><em><strong>MAIN RECEPTION<\/strong> : <\/em><br \/><em>Outside July\/August: daily 9:00 am to 13:00 pm and 3:00 pm to 7:00 pm (except Saturday and Sunday 9:00 am to\u00a0 7:00 pm)<\/em><br \/><em>July\/August: Daily 9:00 am to 1:00 pm and 3:00 pm to 8:00 pm (except Saturday 8:00 am to 8:00 pm)<\/em><\/p><p><strong>POINT INFO &#8211; BIBLIOTHEQUE (juillet &#8211; ao\u00fbt) <\/strong>\u00a0: Tous les jours de 10h00 \u00e0 13h00 et de 15h \u00e0 19h30 (sauf lundi de 11h \u00e0 12h : Pot d&rsquo;accueil)\u00a0\u00a0<\/p><p><em><strong>INFO POINT &#8211; LIBRARY<\/strong> ( july &#8211; august) : Daily from 10:00 am to 1:00 pm and from 3:00 pm to 7:30 pm. (except Mondays from 11:00 am to 12:00 pm : welcome reception)\u00a0<\/em><\/p>\t\t\t\t\t\t<\/div>\n\t\t\t\t<\/div>\n\t\t\t\t\t<\/div>\n\t\t\t\t<\/div>\n\t\t<div class=\"elementor-element elementor-element-63ba3a7 e-grid e-con-boxed e-con e-child\" data-id=\"63ba3a7\" data-element_type=\"container\">\n\t\t\t\t\t<div class=\"e-con-inner\">\n\t\t\t\t<div class=\"elementor-element elementor-element-9a6efb6 elementor-widget elementor-widget-image\" data-id=\"9a6efb6\" data-element_type=\"widget\" data-widget_type=\"image.default\">\n\t\t\t\t<div class=\"elementor-widget-container\">\n\t\t\t\t\t\t\t\t\t\t\t\t\t<img decoding=\"async\" src=\"https:\/\/blog-sabliere.com\/wp-content\/uploads\/elementor\/thumbs\/restaurant_6643359-qnd8bqedj3n3h7ll7lko0bve2qdr8eo0qmfleztd2s.png\" title=\"restaurant_6643359\" alt=\"restaurant_6643359\" loading=\"lazy\" \/>\t\t\t\t\t\t\t\t\t\t\t\t\t<\/div>\n\t\t\t\t<\/div>\n\t\t\t\t<div class=\"elementor-element elementor-element-bcccce8 elementor-widget elementor-widget-text-editor\" data-id=\"bcccce8\" data-element_type=\"widget\" data-widget_type=\"text-editor.default\">\n\t\t\t\t<div class=\"elementor-widget-container\">\n\t\t\t\t\t\t\t<p><strong>RESTAURANT\u00a0 \u00ab\u00a0EDEN ROC \u00ab\u00a0<\/strong><\/p><p><span style=\"text-decoration: underline;\"><strong>Avril\/Mai\/Juin\/Septembre :<\/strong><\/span>\u00a0 Tous les jours de 8 h \u00e0 22h<\/p><p><span style=\"text-decoration: underline;\"><strong>Juillet\/Ao\u00fbt<\/strong> <\/span>\u00a0: Tous les jours de 8h \u00e0 minuit<\/p><p><em><span style=\"text-decoration: underline;\">April\/May\/June\/September:<\/span> Daily from 8 am to 10 pm<\/em><\/p><p><em><span style=\"text-decoration: underline;\">July\/August:<\/span> Daily from 8am to midnight<\/em><\/p><p>.<\/p>\t\t\t\t\t\t<\/div>\n\t\t\t\t<\/div>\n\t\t\t\t\t<\/div>\n\t\t\t\t<\/div>\n\t\t<div class=\"elementor-element elementor-element-95311a4 e-grid e-con-boxed e-con e-child\" data-id=\"95311a4\" data-element_type=\"container\">\n\t\t\t\t\t<div class=\"e-con-inner\">\n\t\t\t\t<div class=\"elementor-element elementor-element-9980632 elementor-widget elementor-widget-image\" data-id=\"9980632\" data-element_type=\"widget\" data-widget_type=\"image.default\">\n\t\t\t\t<div class=\"elementor-widget-container\">\n\t\t\t\t\t\t\t\t\t\t\t\t\t<img decoding=\"async\" src=\"https:\/\/blog-sabliere.com\/wp-content\/uploads\/elementor\/thumbs\/pina-colada_7822339-qnd8ifywbitsczup0zzsb4wuqrb36mb1bu3dr3v6no.png\" title=\"pina-colada_7822339\" alt=\"pina-colada_7822339\" loading=\"lazy\" \/>\t\t\t\t\t\t\t\t\t\t\t\t\t<\/div>\n\t\t\t\t<\/div>\n\t\t\t\t<div class=\"elementor-element elementor-element-74671cf elementor-widget elementor-widget-text-editor\" data-id=\"74671cf\" data-element_type=\"widget\" data-widget_type=\"text-editor.default\">\n\t\t\t\t<div class=\"elementor-widget-container\">\n\t\t\t\t\t\t\t<p><strong>BAR <em>EDEN ROC<\/em>\u00a0 :<\/strong><\/p><p><span style=\"text-decoration: underline;\"><strong>Avril\/Mai\/Juin\/Septembre :<\/strong> <\/span>Tous les jours de 8h \u00e0 22h<\/p><p><span style=\"text-decoration: underline;\"><strong>Juillet\/Ao\u00fbt<\/strong><\/span> : Tous les jours de 8h \u00e0 minuit<\/p><p><em><span style=\"text-decoration: underline;\">April\/May\/June\/September:<\/span> Daily from 8 am to 10 pm<\/em><\/p><p><em><span style=\"text-decoration: underline;\">July\/August<\/span>: Daily from 8\u00a0 am to midnight<br \/><\/em><\/p>\t\t\t\t\t\t<\/div>\n\t\t\t\t<\/div>\n\t\t\t\t\t<\/div>\n\t\t\t\t<\/div>\n\t\t<div class=\"elementor-element elementor-element-f4c8e39 e-grid e-con-boxed e-con e-child\" data-id=\"f4c8e39\" data-element_type=\"container\">\n\t\t\t\t\t<div class=\"e-con-inner\">\n\t\t\t\t<div class=\"elementor-element elementor-element-2f13190 elementor-widget elementor-widget-image\" data-id=\"2f13190\" data-element_type=\"widget\" data-widget_type=\"image.default\">\n\t\t\t\t<div class=\"elementor-widget-container\">\n\t\t\t\t\t\t\t\t\t\t\t\t\t<img decoding=\"async\" src=\"https:\/\/blog-sabliere.com\/wp-content\/uploads\/elementor\/thumbs\/snack_5990009-qnd8ky7ejm9bbk7me2zyyi53rqybpk99o8pzto5e2c.png\" title=\"snack_5990009\" alt=\"snack_5990009\" loading=\"lazy\" \/>\t\t\t\t\t\t\t\t\t\t\t\t\t<\/div>\n\t\t\t\t<\/div>\n\t\t\t\t<div class=\"elementor-element elementor-element-45675b3 elementor-widget elementor-widget-text-editor\" data-id=\"45675b3\" data-element_type=\"widget\" data-widget_type=\"text-editor.default\">\n\t\t\t\t<div class=\"elementor-widget-container\">\n\t\t\t\t\t\t\t<p><strong>SNACK &#8211; PIZZERIA &#8211; BAR <em>\u00ab\u00a0LES COMPTOIRS DE LA CEZE\u00a0\u00bb (M\u00c9SANGE) :<\/em><\/strong><\/p><p><span style=\"text-decoration: underline;\"><strong>Mai\/Juin\/Septembre :<\/strong><\/span> tous les jours de 9h \u00e0 13h et de 18h \u00e0 21h<\/p><p><span style=\"text-decoration: underline;\"><strong>Juillet\/Ao\u00fbt :<\/strong> <\/span>tous les jours de 10h \u00e0 22h, sauf vendredi de 18h \u00e0 22h.<\/p><p><em><span style=\"text-decoration: underline;\">May\/June\/September :<\/span> every day from 9 am to 1 pm and from 6 pm to 9 pm<\/em><\/p><p><span style=\"text-decoration: underline;\">July\/August :<\/span> every day from 10 am to 10 pm, except Fridays from 6 pm to 10 pm<\/p><p><strong>\u00a0 \u00a0 \u00a0 \u00a0 \u00a0 \u00a0 \u00a0 \u00a0 \u00a0 \u00a0 \u00a0 \u00a0 \u00a0 \u00a0 \u00a0 \u00a0 \u00a0 \u00a0* * * * *<\/strong><\/p><p><strong>SNACK\u00a0 \u00ab\u00a0<em>LE KHUNU<\/em>\u00ab\u00a0<\/strong> <strong>(FAUVETTE) :<\/strong><\/p><p><span style=\"text-decoration: underline;\"><strong>Juin :<\/strong><\/span> Tous les jours de 16h00 \u00e0 minuit.<\/p><p><span style=\"text-decoration: underline;\"><strong>Juillet\/Ao\u00fbt<\/strong> \u00a0<\/span>: Tous les jours de 11h00 \u00e0 14h00 et de 17h \u00e0 minuit.<\/p><p><em><span style=\"text-decoration: underline;\">June :<\/span> Daily from 4 pm to midnight<\/em><\/p><p><em><span style=\"text-decoration: underline;\">July\/August<\/span>: Daily from 11\u00a0 am to 2 pm and from 5 pm to midnight<\/em><\/p>\t\t\t\t\t\t<\/div>\n\t\t\t\t<\/div>\n\t\t\t\t\t<\/div>\n\t\t\t\t<\/div>\n\t\t<div class=\"elementor-element elementor-element-06aaef5 e-grid e-con-boxed e-con e-child\" data-id=\"06aaef5\" data-element_type=\"container\">\n\t\t\t\t\t<div class=\"e-con-inner\">\n\t\t\t\t<div class=\"elementor-element elementor-element-e808ae6 elementor-widget elementor-widget-image\" data-id=\"e808ae6\" data-element_type=\"widget\" data-widget_type=\"image.default\">\n\t\t\t\t<div class=\"elementor-widget-container\">\n\t\t\t\t\t\t\t\t\t\t\t\t\t<img decoding=\"async\" src=\"https:\/\/blog-sabliere.com\/wp-content\/uploads\/elementor\/thumbs\/diet_706195-1-qnd8og5rzf1qjb4nylfz8mcvddpid05atk524qymwk.png\" title=\"diet_706195 (1)\" alt=\"diet_706195 (1)\" loading=\"lazy\" \/>\t\t\t\t\t\t\t\t\t\t\t\t\t<\/div>\n\t\t\t\t<\/div>\n\t\t\t\t<div class=\"elementor-element elementor-element-dc786c6 elementor-widget elementor-widget-text-editor\" data-id=\"dc786c6\" data-element_type=\"widget\" data-widget_type=\"text-editor.default\">\n\t\t\t\t<div class=\"elementor-widget-container\">\n\t\t\t\t\t\t\t<p><b><b>EPICERIE :<br \/><\/b><\/b><\/p><p><span style=\"text-decoration: underline;\"><strong>Avril\/Mai\/Juin\/Septembre :<\/strong><\/span> Tous les jours de 8h00 \u00e0 12h00 et de 17h00 \u00e0 19h00<\/p><p><span style=\"text-decoration: underline;\"><strong>Juillet\/Ao\u00fbt<\/strong> <\/span>: Tous les jours de 8h00 \u00e0 13h00 et de 16h00 \u00e0 20h00<\/p><p><em>April\/May\/June\/September: Every day from 8 am to 12 pm and from 5 pm to 7 pm.<br \/><\/em><\/p><p><em>July\/August: Every day from 8 am to 1 pm and from 4 pm to 8 pm.<\/em><\/p>\t\t\t\t\t\t<\/div>\n\t\t\t\t<\/div>\n\t\t\t\t\t<\/div>\n\t\t\t\t<\/div>\n\t\t<div class=\"elementor-element elementor-element-bf5fcb8 e-grid e-con-boxed e-con e-child\" data-id=\"bf5fcb8\" data-element_type=\"container\">\n\t\t\t\t\t<div class=\"e-con-inner\">\n\t\t\t\t<div class=\"elementor-element elementor-element-8914594 elementor-widget elementor-widget-image\" data-id=\"8914594\" data-element_type=\"widget\" data-widget_type=\"image.default\">\n\t\t\t\t<div class=\"elementor-widget-container\">\n\t\t\t\t\t\t\t\t\t\t\t\t\t<img decoding=\"async\" src=\"https:\/\/blog-sabliere.com\/wp-content\/uploads\/elementor\/thumbs\/spa_887387-qnd8ow517lnm0ohgdacmx0bpgxiqzuwqjr8bagaxys.png\" title=\"spa_887387\" alt=\"spa_887387\" loading=\"lazy\" \/>\t\t\t\t\t\t\t\t\t\t\t\t\t<\/div>\n\t\t\t\t<\/div>\n\t\t\t\t<div class=\"elementor-element elementor-element-9126a14 elementor-widget elementor-widget-text-editor\" data-id=\"9126a14\" data-element_type=\"widget\" data-widget_type=\"text-editor.default\">\n\t\t\t\t<div class=\"elementor-widget-container\">\n\t\t\t\t\t\t\t<p><strong>ATELIER BIEN \u00caTRE <\/strong><b>:<br \/><\/b>Tarifs et disponibilit\u00e9s au point info.<br \/><em>Prices and availability at info point.<\/em><\/p>\t\t\t\t\t\t<\/div>\n\t\t\t\t<\/div>\n\t\t\t\t\t<\/div>\n\t\t\t\t<\/div>\n\t\t<div class=\"elementor-element elementor-element-442cc0a e-grid e-con-boxed e-con e-child\" data-id=\"442cc0a\" data-element_type=\"container\">\n\t\t\t\t\t<div class=\"e-con-inner\">\n\t\t\t\t<div class=\"elementor-element elementor-element-fb7e6da elementor-widget elementor-widget-image\" data-id=\"fb7e6da\" data-element_type=\"widget\" data-widget_type=\"image.default\">\n\t\t\t\t<div class=\"elementor-widget-container\">\n\t\t\t\t\t\t\t\t\t\t\t\t\t<img decoding=\"async\" src=\"https:\/\/blog-sabliere.com\/wp-content\/uploads\/elementor\/thumbs\/online-shopping_3081648-qnd8rteyh1nq508jajuuo9rc033uxyioa8ap1fyulw.png\" title=\"online-shopping_3081648\" alt=\"online-shopping_3081648\" loading=\"lazy\" \/>\t\t\t\t\t\t\t\t\t\t\t\t\t<\/div>\n\t\t\t\t<\/div>\n\t\t\t\t<div class=\"elementor-element elementor-element-548c7dd elementor-widget elementor-widget-text-editor\" data-id=\"548c7dd\" data-element_type=\"widget\" data-widget_type=\"text-editor.default\">\n\t\t\t\t<div class=\"elementor-widget-container\">\n\t\t\t\t\t\t\t<p><b>COMMERCES DE\u00a0PROXIMIT\u00c9 :<br \/><\/b>Supermarch\u00e9, boulangerie, boucherie&#8230;<br \/>Cabinet m\u00e9dical, pharmacie&#8230;<br \/><strong>March\u00e9 de Barjac le vendredi matin<br \/><\/strong><em>Supermarket, bakery, butcher&rsquo;s shop&#8230;<\/em><br \/><em>Doctor&rsquo;s surgery, pharmacies&#8230;<\/em><br \/><em>Barjac market on Friday mornings<\/em><strong><br \/><\/strong><\/p>\t\t\t\t\t\t<\/div>\n\t\t\t\t<\/div>\n\t\t\t\t\t<\/div>\n\t\t\t\t<\/div>\n\t\t\t\t<\/div>\n\t\t<div class=\"elementor-element elementor-element-c2abfdd e-grid e-con-boxed e-con e-parent\" data-id=\"c2abfdd\" data-element_type=\"container\" data-core-v316-plus=\"true\">\n\t\t\t\t\t<div class=\"e-con-inner\">\n\t\t\t\t<div class=\"elementor-element elementor-element-8c0fbb0 elementor-align-justify elementor-mobile-align-center elementor-widget elementor-widget-button\" data-id=\"8c0fbb0\" data-element_type=\"widget\" data-widget_type=\"button.default\">\n\t\t\t\t<div class=\"elementor-widget-container\">\n\t\t\t\t\t<div class=\"elementor-button-wrapper\">\n\t\t\t<a class=\"elementor-button elementor-button-link elementor-size-sm\" href=\"https:\/\/blog-sabliere.com\/index.php\/regles-de-vie\/\">\n\t\t\t\t\t\t<span class=\"elementor-button-content-wrapper\">\n\t\t\t\t\t\t<span class=\"elementor-button-text\">\u2b05\ufe0fPAGE<br>PR\u00c9C\u00c9DENTE<\/span>\n\t\t<\/span>\n\t\t\t\t\t<\/a>\n\t\t<\/div>\n\t\t\t\t<\/div>\n\t\t\t\t<\/div>\n\t\t\t\t<div class=\"elementor-element elementor-element-1504c6b elementor-align-justify elementor-mobile-align-center elementor-widget elementor-widget-button\" data-id=\"1504c6b\" data-element_type=\"widget\" data-widget_type=\"button.default\">\n\t\t\t\t<div class=\"elementor-widget-container\">\n\t\t\t\t\t<div class=\"elementor-button-wrapper\">\n\t\t\t<a class=\"elementor-button elementor-button-link elementor-size-sm\" href=\"https:\/\/blog-sabliere.com\/index.php\/club-enfant\/\">\n\t\t\t\t\t\t<span class=\"elementor-button-content-wrapper\">\n\t\t\t\t\t\t<span class=\"elementor-button-text\">PAGE\u27a1\ufe0f<br>SUIVANTE<\/span>\n\t\t<\/span>\n\t\t\t\t\t<\/a>\n\t\t<\/div>\n\t\t\t\t<\/div>\n\t\t\t\t<\/div>\n\t\t\t\t\t<\/div>\n\t\t\t\t<\/div>\n\t\t<div class=\"elementor-element elementor-element-980e92f e-flex e-con-boxed e-con e-parent\" data-id=\"980e92f\" data-element_type=\"container\" data-core-v316-plus=\"true\">\n\t\t\t\t\t<div class=\"e-con-inner\">\n\t\t\t\t\t<\/div>\n\t\t\t\t<\/div>\n\t\t\t\t<\/div>\n\t\t","protected":false},"excerpt":{"rendered":"<p>Horaires des diff\u00e9rents services R\u00c9CEPTION PRINCIPALE :\u00a0Hors Juillet\/Ao\u00fbt : Tous les jours de 9h00 \u00e0 13h00 et de 15h00 \u00e0 [&hellip;]<\/p>\n","protected":false},"author":1,"featured_media":0,"parent":0,"menu_order":0,"comment_status":"closed","ping_status":"closed","template":"","meta":{"site-sidebar-layout":"no-sidebar","site-content-layout":"","ast-site-content-layout":"full-width-container","site-content-style":"default","site-sidebar-style":"default","ast-global-header-display":"","ast-banner-title-visibility":"","ast-main-header-display":"","ast-hfb-above-header-display":"","ast-hfb-below-header-display":"","ast-hfb-mobile-header-display":"","site-post-title":"disabled","ast-breadcrumbs-content":"","ast-featured-img":"disabled","footer-sml-layout":"","theme-transparent-header-meta":"","adv-header-id-meta":"","stick-header-meta":"","header-above-stick-meta":"","header-main-stick-meta":"","header-below-stick-meta":"","astra-migrate-meta-layouts":"default","ast-page-background-enabled":"default","ast-page-background-meta":{"desktop":{"background-color":"var(--ast-global-color-4)","background-image":"","background-repeat":"repeat","background-position":"center center","background-size":"auto","background-attachment":"scroll","background-type":"","background-media":"","overlay-type":"","overlay-color":"","overlay-gradient":""},"tablet":{"background-color":"","background-image":"","background-repeat":"repeat","background-position":"center center","background-size":"auto","background-attachment":"scroll","background-type":"","background-media":"","overlay-type":"","overlay-color":"","overlay-gradient":""},"mobile":{"background-color":"","background-image":"","background-repeat":"repeat","background-position":"center center","background-size":"auto","background-attachment":"scroll","background-type":"","background-media":"","overlay-type":"","overlay-color":"","overlay-gradient":""}},"ast-content-background-meta":{"desktop":{"background-color":"var(--ast-global-color-5)","background-image":"","background-repeat":"repeat","background-position":"center center","background-size":"auto","background-attachment":"scroll","background-type":"","background-media":"","overlay-type":"","overlay-color":"","overlay-gradient":""},"tablet":{"background-color":"var(--ast-global-color-5)","background-image":"","background-repeat":"repeat","background-position":"center center","background-size":"auto","background-attachment":"scroll","background-type":"","background-media":"","overlay-type":"","overlay-color":"","overlay-gradient":""},"mobile":{"background-color":"var(--ast-global-color-5)","background-image":"","background-repeat":"repeat","background-position":"center center","background-size":"auto","background-attachment":"scroll","background-type":"","background-media":"","overlay-type":"","overlay-color":"","overlay-gradient":""}},"footnotes":""},"_links":{"self":[{"href":"https:\/\/blog-sabliere.com\/index.php\/wp-json\/wp\/v2\/pages\/533"}],"collection":[{"href":"https:\/\/blog-sabliere.com\/index.php\/wp-json\/wp\/v2\/pages"}],"about":[{"href":"https:\/\/blog-sabliere.com\/index.php\/wp-json\/wp\/v2\/types\/page"}],"author":[{"embeddable":true,"href":"https:\/\/blog-sabliere.com\/index.php\/wp-json\/wp\/v2\/users\/1"}],"replies":[{"embeddable":true,"href":"https:\/\/blog-sabliere.com\/index.php\/wp-json\/wp\/v2\/comments?post=533"}],"version-history":[{"count":146,"href":"https:\/\/blog-sabliere.com\/index.php\/wp-json\/wp\/v2\/pages\/533\/revisions"}],"predecessor-version":[{"id":1724,"href":"https:\/\/blog-sabliere.com\/index.php\/wp-json\/wp\/v2\/pages\/533\/revisions\/1724"}],"wp:attachment":[{"href":"https:\/\/blog-sabliere.com\/index.php\/wp-json\/wp\/v2\/media?parent=533"}],"curies":[{"name":"wp","href":"https:\/\/api.w.org\/{rel}","templated":true}]}}