{"id":473,"date":"2024-04-28T09:15:24","date_gmt":"2024-04-28T07:15:24","guid":{"rendered":"https:\/\/blog-sabliere.com\/?page_id=473"},"modified":"2025-05-15T15:20:48","modified_gmt":"2025-05-15T13:20:48","slug":"fomalites","status":"publish","type":"page","link":"https:\/\/blog-sabliere.com\/index.php\/fomalites\/","title":{"rendered":"Fomalit\u00e9s Arriv\u00e9e &#8211; D\u00e9part"},"content":{"rendered":"\t\t<div data-elementor-type=\"wp-page\" data-elementor-id=\"473\" class=\"elementor elementor-473\" data-elementor-post-type=\"page\">\n\t\t\t\t<div class=\"elementor-element elementor-element-9b7bac8 e-con-full e-flex e-con e-parent\" data-id=\"9b7bac8\" data-element_type=\"container\" data-settings=\"{&quot;background_background&quot;:&quot;classic&quot;}\" data-core-v316-plus=\"true\">\n\t\t\t\t<div class=\"elementor-element elementor-element-17cc227 elementor-widget elementor-widget-heading\" data-id=\"17cc227\" data-element_type=\"widget\" data-widget_type=\"heading.default\">\n\t\t\t\t<div class=\"elementor-widget-container\">\n\t\t\t<style>\/*! elementor - v3.20.0 - 13-03-2024 *\/\n.elementor-heading-title{padding:0;margin:0;line-height:1}.elementor-widget-heading .elementor-heading-title[class*=elementor-size-]>a{color:inherit;font-size:inherit;line-height:inherit}.elementor-widget-heading .elementor-heading-title.elementor-size-small{font-size:15px}.elementor-widget-heading .elementor-heading-title.elementor-size-medium{font-size:19px}.elementor-widget-heading .elementor-heading-title.elementor-size-large{font-size:29px}.elementor-widget-heading .elementor-heading-title.elementor-size-xl{font-size:39px}.elementor-widget-heading .elementor-heading-title.elementor-size-xxl{font-size:59px}<\/style><h1 class=\"elementor-heading-title elementor-size-default\">Formalit\u00e9s Arriv\u00e9e - D\u00e9part <\/h1>\t\t<\/div>\n\t\t\t\t<\/div>\n\t\t\t\t<div class=\"elementor-element elementor-element-e9814e9 elementor-widget elementor-widget-image\" data-id=\"e9814e9\" data-element_type=\"widget\" data-widget_type=\"image.default\">\n\t\t\t\t<div class=\"elementor-widget-container\">\n\t\t\t<style>\/*! elementor - v3.20.0 - 13-03-2024 *\/\n.elementor-widget-image{text-align:center}.elementor-widget-image a{display:inline-block}.elementor-widget-image a img[src$=\".svg\"]{width:48px}.elementor-widget-image img{vertical-align:middle;display:inline-block}<\/style>\t\t\t\t\t\t\t\t\t\t<img fetchpriority=\"high\" decoding=\"async\" width=\"768\" height=\"512\" src=\"https:\/\/blog-sabliere.com\/wp-content\/uploads\/2025\/05\/SebChebassier_F4N_SABLIERE_24-115-768x512.jpg\" class=\"attachment-medium_large size-medium_large wp-image-1572\" alt=\"\" srcset=\"https:\/\/blog-sabliere.com\/wp-content\/uploads\/2025\/05\/SebChebassier_F4N_SABLIERE_24-115-768x512.jpg 768w, https:\/\/blog-sabliere.com\/wp-content\/uploads\/2025\/05\/SebChebassier_F4N_SABLIERE_24-115-300x200.jpg 300w, https:\/\/blog-sabliere.com\/wp-content\/uploads\/2025\/05\/SebChebassier_F4N_SABLIERE_24-115-1024x683.jpg 1024w, https:\/\/blog-sabliere.com\/wp-content\/uploads\/2025\/05\/SebChebassier_F4N_SABLIERE_24-115-1536x1025.jpg 1536w, https:\/\/blog-sabliere.com\/wp-content\/uploads\/2025\/05\/SebChebassier_F4N_SABLIERE_24-115-2048x1367.jpg 2048w\" sizes=\"(max-width: 768px) 100vw, 768px\" \/>\t\t\t\t\t\t\t\t\t\t\t\t\t<\/div>\n\t\t\t\t<\/div>\n\t\t\t\t<div class=\"elementor-element elementor-element-2ed1940 elementor-widget elementor-widget-text-editor\" data-id=\"2ed1940\" data-element_type=\"widget\" data-widget_type=\"text-editor.default\">\n\t\t\t\t<div class=\"elementor-widget-container\">\n\t\t\t<style>\/*! elementor - v3.20.0 - 13-03-2024 *\/\n.elementor-widget-text-editor.elementor-drop-cap-view-stacked .elementor-drop-cap{background-color:#69727d;color:#fff}.elementor-widget-text-editor.elementor-drop-cap-view-framed .elementor-drop-cap{color:#69727d;border:3px solid;background-color:transparent}.elementor-widget-text-editor:not(.elementor-drop-cap-view-default) .elementor-drop-cap{margin-top:8px}.elementor-widget-text-editor:not(.elementor-drop-cap-view-default) .elementor-drop-cap-letter{width:1em;height:1em}.elementor-widget-text-editor .elementor-drop-cap{float:left;text-align:center;line-height:1;font-size:50px}.elementor-widget-text-editor .elementor-drop-cap-letter{display:inline-block}<\/style>\t\t\t\t<p>&#8211;<\/p>\t\t\t\t\t\t<\/div>\n\t\t\t\t<\/div>\n\t\t<div class=\"elementor-element elementor-element-60fc955 e-flex e-con-boxed e-con e-child\" data-id=\"60fc955\" data-element_type=\"container\">\n\t\t\t\t\t<div class=\"e-con-inner\">\n\t\t\t\t<div class=\"elementor-element elementor-element-a1038b6 elementor-widget elementor-widget-heading\" data-id=\"a1038b6\" data-element_type=\"widget\" data-widget_type=\"heading.default\">\n\t\t\t\t<div class=\"elementor-widget-container\">\n\t\t\t<h2 class=\"elementor-heading-title elementor-size-default\">ARRIV\u00c9E  \u27a1\ufe0f\ud83c\udfd5\ufe0f<\/h2>\t\t<\/div>\n\t\t\t\t<\/div>\n\t\t<div class=\"elementor-element elementor-element-073cd40 e-flex e-con-boxed e-con e-child\" data-id=\"073cd40\" data-element_type=\"container\">\n\t\t\t\t\t<div class=\"e-con-inner\">\n\t\t\t\t<div class=\"elementor-element elementor-element-368415b elementor-widget elementor-widget-text-editor\" data-id=\"368415b\" data-element_type=\"widget\" data-widget_type=\"text-editor.default\">\n\t\t\t\t<div class=\"elementor-widget-container\">\n\t\t\t\t\t\t\t<h3 class=\"\" data-start=\"94\" data-end=\"131\">Formalit\u00e9s d&rsquo;Arriv\u00e9e et de D\u00e9part<\/h3><p class=\"\" data-start=\"133\" data-end=\"651\"><strong data-start=\"133\" data-end=\"146\">Arriv\u00e9e :<\/strong><br data-start=\"146\" data-end=\"149\" \/>Votre h\u00e9bergement est disponible entre <strong data-start=\"188\" data-end=\"206\">17h00 et 20h00<\/strong>.<\/p><p class=\"\" data-start=\"133\" data-end=\"651\">Nous vous demandons de bien respecter ces horaires afin de garantir une pr\u00e9paration optimale de votre location ou emplacement. \u00c0 votre arriv\u00e9e, une <strong data-start=\"356\" data-end=\"387\">caution d&rsquo;un montant de 1 \u20ac<\/strong> peut vous \u00eatre demand\u00e9e. Cette caution pourra \u00eatre utilis\u00e9e pour couvrir d\u2019\u00e9ventuelles d\u00e9gradations dans votre h\u00e9bergement ou dans l\u2019ensemble du camping. Nous nous r\u00e9servons le droit de retenir tout ou partie du montant de la caution en cas de dommages constat\u00e9s.<\/p><p class=\"\" data-start=\"653\" data-end=\"828\"><strong data-start=\"653\" data-end=\"694\">Taxe de s\u00e9jour\u00a0 :<\/strong><br data-start=\"694\" data-end=\"697\" \/>Une taxe additionnelle d\u00e9partementale peut vous \u00eatre demand\u00e9e lors de votre arriv\u00e9e.<\/p><p class=\"\" data-start=\"830\" data-end=\"1116\"><strong data-start=\"830\" data-end=\"869\">V\u00e9rification de votre h\u00e9bergement :<\/strong><br data-start=\"869\" data-end=\"872\" \/>Dans les <strong data-start=\"881\" data-end=\"916\">24h maximum apr\u00e8s votre arriv\u00e9e<\/strong>, nous vous conseillons de v\u00e9rifier que tout est conforme \u00e0 vos attentes dans votre h\u00e9bergement. Si vous constatez un probl\u00e8me, merci de nous en informer rapidement pour que nous puissions y rem\u00e9dier.<\/p>\t\t\t\t\t\t<\/div>\n\t\t\t\t<\/div>\n\t\t\t\t<div class=\"elementor-element elementor-element-e5daa37 elementor-widget elementor-widget-heading\" data-id=\"e5daa37\" data-element_type=\"widget\" data-widget_type=\"heading.default\">\n\t\t\t\t<div class=\"elementor-widget-container\">\n\t\t\t<h2 class=\"elementor-heading-title elementor-size-default\">D\u00c9PART \ud83c\udfd5\ufe0f\u27a1\ufe0f<\/h2>\t\t<\/div>\n\t\t\t\t<\/div>\n\t\t\t\t<div class=\"elementor-element elementor-element-7fed606 elementor-widget elementor-widget-text-editor\" data-id=\"7fed606\" data-element_type=\"widget\" data-widget_type=\"text-editor.default\">\n\t\t\t\t<div class=\"elementor-widget-container\">\n\t\t\t\t\t\t\t<p class=\"\" data-start=\"1123\" data-end=\"1367\"><strong data-start=\"1123\" data-end=\"1135\">D\u00e9part :<\/strong><br data-start=\"1135\" data-end=\"1138\" \/>Le d\u00e9part doit se faire <strong data-start=\"1162\" data-end=\"1196\">avant 10h00 pour les locations<\/strong> et <strong data-start=\"1200\" data-end=\"1237\">avant 12h00 pour les emplacements<\/strong>. Nous vous demandons de respecter ces horaires pour permettre \u00e0 l\u2019\u00e9quipe de pr\u00e9parer l\u2019h\u00e9bergement pour les prochains vacanciers.<\/p><p class=\"\" data-start=\"1369\" data-end=\"1707\"><strong data-start=\"1369\" data-end=\"1398\">M\u00e9nage de fin de s\u00e9jour :<\/strong><br data-start=\"1398\" data-end=\"1401\" \/>La prestation de m\u00e9nage de fin de s\u00e9jour <strong data-start=\"1442\" data-end=\"1463\">n&rsquo;est pas incluse<\/strong>. Si le m\u00e9nage n&rsquo;est pas correctement effectu\u00e9 en fin de s\u00e9jour, un montant de<b> 120<\/b><strong data-start=\"1542\" data-end=\"1558\">\u00a0\u20ac \u00e0 195 \u20ac<\/strong> (selon votre type d&rsquo;h\u00e9bergement) sera retenu. Toutefois, vous avez la possibilit\u00e9 de souscrire un <strong data-start=\"1657\" data-end=\"1675\">forfait m\u00e9nage<\/strong> jusqu\u2019\u00e0 48h avant votre d\u00e9part.<\/p><p class=\"\" data-start=\"1709\" data-end=\"1965\">Si le m\u00e9nage de fin de s\u00e9jour est <strong data-start=\"1743\" data-end=\"1753\">inclus<\/strong> dans votre location, nous vous demandons n\u00e9anmoins de <strong data-start=\"1808\" data-end=\"1837\">d\u00e9givrer le r\u00e9frig\u00e9rateur<\/strong>, de<b> laver et<\/b>\u00a0<strong data-start=\"1842\" data-end=\"1865\">ranger la vaisselle<\/strong>, de <strong data-start=\"1870\" data-end=\"1898\">nettoyer le coin cuisine<\/strong> (si applicable), et de <strong data-start=\"1922\" data-end=\"1945\">vider les poubelles<\/strong> avant votre d\u00e9part.<\/p>\t\t\t\t\t\t<\/div>\n\t\t\t\t<\/div>\n\t\t\t\t\t<\/div>\n\t\t\t\t<\/div>\n\t\t\t\t\t<\/div>\n\t\t\t\t<\/div>\n\t\t<div class=\"elementor-element elementor-element-ce21714 e-flex e-con-boxed e-con e-child\" data-id=\"ce21714\" data-element_type=\"container\">\n\t\t\t\t\t<div class=\"e-con-inner\">\n\t\t\t\t<div class=\"elementor-element elementor-element-3e1a8ae elementor-widget elementor-widget-heading\" data-id=\"3e1a8ae\" data-element_type=\"widget\" data-widget_type=\"heading.default\">\n\t\t\t\t<div class=\"elementor-widget-container\">\n\t\t\t<h2 class=\"elementor-heading-title elementor-size-default\">CHECK IN \u27a1\ufe0f\ud83c\udfd5\ufe0f<\/h2>\t\t<\/div>\n\t\t\t\t<\/div>\n\t\t<div class=\"elementor-element elementor-element-255db7a e-flex e-con-boxed e-con e-child\" data-id=\"255db7a\" data-element_type=\"container\">\n\t\t\t\t\t<div class=\"e-con-inner\">\n\t\t\t\t<div class=\"elementor-element elementor-element-53d4e89 elementor-widget elementor-widget-text-editor\" data-id=\"53d4e89\" data-element_type=\"widget\" data-widget_type=\"text-editor.default\">\n\t\t\t\t<div class=\"elementor-widget-container\">\n\t\t\t\t\t\t\t<h3 class=\"\" data-start=\"56\" data-end=\"93\"><em>Check-in and Check-out Procedures<\/em><\/h3><p class=\"\" data-start=\"95\" data-end=\"180\"><em><strong data-start=\"95\" data-end=\"108\">Check-in:<\/strong><\/em><br data-start=\"108\" data-end=\"111\" \/><em>Your accommodation will be available between <strong data-start=\"156\" data-end=\"179\">5:00 PM and 8:00 PM<\/strong>.<\/em><\/p><p class=\"\" data-start=\"182\" data-end=\"509\"><em>Please respect these times to ensure that your accommodation or pitch is properly prepared. Upon your arrival, a <strong data-start=\"295\" data-end=\"309\">\u20ac1 deposit<\/strong> may be requested. This deposit may be used to cover any damages to your accommodation or the campsite facilities. We reserve the right to withhold part or all of the deposit if any damages are found.<\/em><\/p><p class=\"\" data-start=\"511\" data-end=\"608\"><em><strong data-start=\"511\" data-end=\"527\">Tourist Tax:<\/strong><\/em><br data-start=\"527\" data-end=\"530\" \/><em>An additional <strong data-start=\"544\" data-end=\"572\">departmental tourist tax<\/strong> may be requested upon your arrival.<\/em><\/p><p class=\"\" data-start=\"610\" data-end=\"839\"><em><strong data-start=\"610\" data-end=\"639\">Accommodation Inspection:<\/strong><\/em><br data-start=\"639\" data-end=\"642\" \/><em>Within <strong data-start=\"649\" data-end=\"677\">24 hours of your arrival<\/strong>, we recommend checking that everything in your accommodation meets your expectations. If you notice any issues, please inform us promptly so we can resolve them.<\/em><\/p>\t\t\t\t\t\t<\/div>\n\t\t\t\t<\/div>\n\t\t\t\t<div class=\"elementor-element elementor-element-8e838ff elementor-widget elementor-widget-heading\" data-id=\"8e838ff\" data-element_type=\"widget\" data-widget_type=\"heading.default\">\n\t\t\t\t<div class=\"elementor-widget-container\">\n\t\t\t<h2 class=\"elementor-heading-title elementor-size-default\">CHECK OUT \ud83c\udfd5\ufe0f\u27a1\ufe0f<\/h2>\t\t<\/div>\n\t\t\t\t<\/div>\n\t\t\t\t<div class=\"elementor-element elementor-element-05fab1b elementor-widget elementor-widget-text-editor\" data-id=\"05fab1b\" data-element_type=\"widget\" data-widget_type=\"text-editor.default\">\n\t\t\t\t<div class=\"elementor-widget-container\">\n\t\t\t\t\t\t\t<p class=\"\" data-start=\"43\" data-end=\"246\"><em><strong data-start=\"43\" data-end=\"57\">Check-out:<\/strong><\/em><br data-start=\"57\" data-end=\"60\" \/><em>Check-out must be done <strong data-start=\"83\" data-end=\"114\">before 10:00 AM for rentals<\/strong> and <strong data-start=\"119\" data-end=\"150\">before 12:00 PM for pitches<\/strong>. Please respect these times to allow our team to prepare the accommodation for the next guests.<\/em><\/p><p class=\"\" data-start=\"248\" data-end=\"585\"><em><strong data-start=\"248\" data-end=\"273\">End-of-Stay Cleaning:<\/strong><\/em><br data-start=\"273\" data-end=\"276\" \/><em>The <strong data-start=\"280\" data-end=\"328\">end-of-stay cleaning service is not included<\/strong>. If the cleaning is not properly done at the end of your stay, an amount between <strong data-start=\"410\" data-end=\"427\">\u20ac120 and \u20ac195<\/strong> (depending on your type of accommodation) will be withheld. However, you have the option to book a <strong data-start=\"527\" data-end=\"547\">cleaning package<\/strong> up to 48 hours before your departure.<\/em><\/p><p class=\"\" data-start=\"587\" data-end=\"813\"><em>If <strong data-start=\"590\" data-end=\"626\">end-of-stay cleaning is included<\/strong> in your rental, we still ask that you <strong data-start=\"665\" data-end=\"687\">defrost the fridge<\/strong>, <strong data-start=\"689\" data-end=\"721\">wash and put away the dishes<\/strong>, <strong data-start=\"723\" data-end=\"749\">clean the kitchen area<\/strong> (if applicable), and <strong data-start=\"771\" data-end=\"790\">empty the trash<\/strong> before your departure.<\/em><\/p>\t\t\t\t\t\t<\/div>\n\t\t\t\t<\/div>\n\t\t\t\t\t<\/div>\n\t\t\t\t<\/div>\n\t\t<div class=\"elementor-element elementor-element-1e6e812 e-grid e-con-boxed e-con e-child\" data-id=\"1e6e812\" data-element_type=\"container\">\n\t\t\t\t\t<div class=\"e-con-inner\">\n\t\t\t\t<div class=\"elementor-element elementor-element-3b087a4 elementor-align-justify elementor-mobile-align-justify elementor-widget elementor-widget-button\" data-id=\"3b087a4\" data-element_type=\"widget\" data-widget_type=\"button.default\">\n\t\t\t\t<div class=\"elementor-widget-container\">\n\t\t\t\t\t<div class=\"elementor-button-wrapper\">\n\t\t\t<a class=\"elementor-button elementor-button-link elementor-size-sm\" href=\"https:\/\/blog-sabliere.com\/index.php\/nouveautes\/\">\n\t\t\t\t\t\t<span class=\"elementor-button-content-wrapper\">\n\t\t\t\t\t\t<span class=\"elementor-button-text\">\u2b05\ufe0fPAGE<br>PR\u00c9C\u00c9DENTE<\/span>\n\t\t<\/span>\n\t\t\t\t\t<\/a>\n\t\t<\/div>\n\t\t\t\t<\/div>\n\t\t\t\t<\/div>\n\t\t\t\t<div class=\"elementor-element elementor-element-5ea1eef elementor-align-justify elementor-mobile-align-justify elementor-widget elementor-widget-button\" data-id=\"5ea1eef\" data-element_type=\"widget\" data-widget_type=\"button.default\">\n\t\t\t\t<div class=\"elementor-widget-container\">\n\t\t\t\t\t<div class=\"elementor-button-wrapper\">\n\t\t\t<a class=\"elementor-button elementor-button-link elementor-size-sm\" href=\"https:\/\/blog-sabliere.com\/index.php\/regles-de-vie\/\">\n\t\t\t\t\t\t<span class=\"elementor-button-content-wrapper\">\n\t\t\t\t\t\t<span class=\"elementor-button-text\">PAGE\u27a1\ufe0f<br>SUIVANTE<\/span>\n\t\t<\/span>\n\t\t\t\t\t<\/a>\n\t\t<\/div>\n\t\t\t\t<\/div>\n\t\t\t\t<\/div>\n\t\t\t\t\t<\/div>\n\t\t\t\t<\/div>\n\t\t\t\t\t<\/div>\n\t\t\t\t<\/div>\n\t\t\t\t<\/div>\n\t\t\t\t<\/div>\n\t\t","protected":false},"excerpt":{"rendered":"<p>Formalit\u00e9s Arriv\u00e9e &#8211; D\u00e9part &#8211; ARRIV\u00c9E \u27a1\ufe0f\ud83c\udfd5\ufe0f Formalit\u00e9s d&rsquo;Arriv\u00e9e et de D\u00e9part Arriv\u00e9e :Votre h\u00e9bergement est disponible entre 17h00 et [&hellip;]<\/p>\n","protected":false},"author":1,"featured_media":0,"parent":0,"menu_order":0,"comment_status":"closed","ping_status":"closed","template":"","meta":{"site-sidebar-layout":"no-sidebar","site-content-layout":"","ast-site-content-layout":"full-width-container","site-content-style":"default","site-sidebar-style":"default","ast-global-header-display":"","ast-banner-title-visibility":"","ast-main-header-display":"","ast-hfb-above-header-display":"","ast-hfb-below-header-display":"","ast-hfb-mobile-header-display":"","site-post-title":"disabled","ast-breadcrumbs-content":"","ast-featured-img":"disabled","footer-sml-layout":"","theme-transparent-header-meta":"","adv-header-id-meta":"","stick-header-meta":"","header-above-stick-meta":"","header-main-stick-meta":"","header-below-stick-meta":"","astra-migrate-meta-layouts":"default","ast-page-background-enabled":"default","ast-page-background-meta":{"desktop":{"background-color":"var(--ast-global-color-4)","background-image":"","background-repeat":"repeat","background-position":"center center","background-size":"auto","background-attachment":"scroll","background-type":"","background-media":"","overlay-type":"","overlay-color":"","overlay-gradient":""},"tablet":{"background-color":"","background-image":"","background-repeat":"repeat","background-position":"center center","background-size":"auto","background-attachment":"scroll","background-type":"","background-media":"","overlay-type":"","overlay-color":"","overlay-gradient":""},"mobile":{"background-color":"","background-image":"","background-repeat":"repeat","background-position":"center center","background-size":"auto","background-attachment":"scroll","background-type":"","background-media":"","overlay-type":"","overlay-color":"","overlay-gradient":""}},"ast-content-background-meta":{"desktop":{"background-color":"var(--ast-global-color-5)","background-image":"","background-repeat":"repeat","background-position":"center center","background-size":"auto","background-attachment":"scroll","background-type":"","background-media":"","overlay-type":"","overlay-color":"","overlay-gradient":""},"tablet":{"background-color":"var(--ast-global-color-5)","background-image":"","background-repeat":"repeat","background-position":"center center","background-size":"auto","background-attachment":"scroll","background-type":"","background-media":"","overlay-type":"","overlay-color":"","overlay-gradient":""},"mobile":{"background-color":"var(--ast-global-color-5)","background-image":"","background-repeat":"repeat","background-position":"center center","background-size":"auto","background-attachment":"scroll","background-type":"","background-media":"","overlay-type":"","overlay-color":"","overlay-gradient":""}},"footnotes":""},"_links":{"self":[{"href":"https:\/\/blog-sabliere.com\/index.php\/wp-json\/wp\/v2\/pages\/473"}],"collection":[{"href":"https:\/\/blog-sabliere.com\/index.php\/wp-json\/wp\/v2\/pages"}],"about":[{"href":"https:\/\/blog-sabliere.com\/index.php\/wp-json\/wp\/v2\/types\/page"}],"author":[{"embeddable":true,"href":"https:\/\/blog-sabliere.com\/index.php\/wp-json\/wp\/v2\/users\/1"}],"replies":[{"embeddable":true,"href":"https:\/\/blog-sabliere.com\/index.php\/wp-json\/wp\/v2\/comments?post=473"}],"version-history":[{"count":73,"href":"https:\/\/blog-sabliere.com\/index.php\/wp-json\/wp\/v2\/pages\/473\/revisions"}],"predecessor-version":[{"id":1575,"href":"https:\/\/blog-sabliere.com\/index.php\/wp-json\/wp\/v2\/pages\/473\/revisions\/1575"}],"wp:attachment":[{"href":"https:\/\/blog-sabliere.com\/index.php\/wp-json\/wp\/v2\/media?parent=473"}],"curies":[{"name":"wp","href":"https:\/\/api.w.org\/{rel}","templated":true}]}}