{"id":306,"date":"2024-04-26T15:39:24","date_gmt":"2024-04-26T13:39:24","guid":{"rendered":"https:\/\/blog-sabliere.com\/?page_id=306"},"modified":"2025-05-15T15:34:32","modified_gmt":"2025-05-15T13:34:32","slug":"regles-de-vie","status":"publish","type":"page","link":"https:\/\/blog-sabliere.com\/index.php\/regles-de-vie\/","title":{"rendered":"R\u00e8gles de vie"},"content":{"rendered":"\t\t<div data-elementor-type=\"wp-page\" data-elementor-id=\"306\" class=\"elementor elementor-306\" data-elementor-post-type=\"page\">\n\t\t\t\t<div class=\"elementor-element elementor-element-9b7bac8 e-con-full e-flex e-con e-parent\" data-id=\"9b7bac8\" data-element_type=\"container\" data-settings=\"{&quot;background_background&quot;:&quot;classic&quot;}\" data-core-v316-plus=\"true\">\n\t\t\t\t<div class=\"elementor-element elementor-element-17cc227 elementor-widget elementor-widget-heading\" data-id=\"17cc227\" data-element_type=\"widget\" data-widget_type=\"heading.default\">\n\t\t\t\t<div class=\"elementor-widget-container\">\n\t\t\t<style>\/*! elementor - v3.20.0 - 13-03-2024 *\/\n.elementor-heading-title{padding:0;margin:0;line-height:1}.elementor-widget-heading .elementor-heading-title[class*=elementor-size-]>a{color:inherit;font-size:inherit;line-height:inherit}.elementor-widget-heading .elementor-heading-title.elementor-size-small{font-size:15px}.elementor-widget-heading .elementor-heading-title.elementor-size-medium{font-size:19px}.elementor-widget-heading .elementor-heading-title.elementor-size-large{font-size:29px}.elementor-widget-heading .elementor-heading-title.elementor-size-xl{font-size:39px}.elementor-widget-heading .elementor-heading-title.elementor-size-xxl{font-size:59px}<\/style><h1 class=\"elementor-heading-title elementor-size-default\">R\u00e8gles de vie<\/h1>\t\t<\/div>\n\t\t\t\t<\/div>\n\t\t\t\t<div class=\"elementor-element elementor-element-ebc1faa elementor-widget elementor-widget-heading\" data-id=\"ebc1faa\" data-element_type=\"widget\" data-widget_type=\"heading.default\">\n\t\t\t\t<div class=\"elementor-widget-container\">\n\t\t\t<h1 class=\"elementor-heading-title elementor-size-default\">Rules for living<\/h1>\t\t<\/div>\n\t\t\t\t<\/div>\n\t\t\t\t<div class=\"elementor-element elementor-element-e9814e9 elementor-widget elementor-widget-image\" data-id=\"e9814e9\" data-element_type=\"widget\" data-widget_type=\"image.default\">\n\t\t\t\t<div class=\"elementor-widget-container\">\n\t\t\t<style>\/*! elementor - v3.20.0 - 13-03-2024 *\/\n.elementor-widget-image{text-align:center}.elementor-widget-image a{display:inline-block}.elementor-widget-image a img[src$=\".svg\"]{width:48px}.elementor-widget-image img{vertical-align:middle;display:inline-block}<\/style>\t\t\t\t\t\t\t\t\t\t<img fetchpriority=\"high\" decoding=\"async\" width=\"851\" height=\"315\" src=\"https:\/\/blog-sabliere.com\/wp-content\/uploads\/2024\/07\/15380641_1453299951348618_8347961179359126272_n.jpg\" class=\"attachment-full size-full wp-image-979\" alt=\"\" srcset=\"https:\/\/blog-sabliere.com\/wp-content\/uploads\/2024\/07\/15380641_1453299951348618_8347961179359126272_n.jpg 851w, https:\/\/blog-sabliere.com\/wp-content\/uploads\/2024\/07\/15380641_1453299951348618_8347961179359126272_n-300x111.jpg 300w, https:\/\/blog-sabliere.com\/wp-content\/uploads\/2024\/07\/15380641_1453299951348618_8347961179359126272_n-768x284.jpg 768w\" sizes=\"(max-width: 851px) 100vw, 851px\" \/>\t\t\t\t\t\t\t\t\t\t\t\t\t<\/div>\n\t\t\t\t<\/div>\n\t\t<div class=\"elementor-element elementor-element-c0e1da7 e-grid e-con-boxed e-con e-child\" data-id=\"c0e1da7\" data-element_type=\"container\">\n\t\t\t\t\t<div class=\"e-con-inner\">\n\t\t\t\t<div class=\"elementor-element elementor-element-8de7013 elementor-widget elementor-widget-image\" data-id=\"8de7013\" data-element_type=\"widget\" data-widget_type=\"image.default\">\n\t\t\t\t<div class=\"elementor-widget-container\">\n\t\t\t\t\t\t\t\t\t\t\t\t\t<img decoding=\"async\" src=\"https:\/\/blog-sabliere.com\/wp-content\/uploads\/elementor\/thumbs\/bracelet_7097907-qna4oo1bcjyqagp8ag0eix354df9bkxm8wyvglvjww.png\" title=\"bracelet_7097907\" alt=\"bracelet_7097907\" loading=\"lazy\" \/>\t\t\t\t\t\t\t\t\t\t\t\t\t<\/div>\n\t\t\t\t<\/div>\n\t\t\t\t<div class=\"elementor-element elementor-element-f150cd2 elementor-widget elementor-widget-text-editor\" data-id=\"f150cd2\" data-element_type=\"widget\" data-widget_type=\"text-editor.default\">\n\t\t\t\t<div class=\"elementor-widget-container\">\n\t\t\t<style>\/*! elementor - v3.20.0 - 13-03-2024 *\/\n.elementor-widget-text-editor.elementor-drop-cap-view-stacked .elementor-drop-cap{background-color:#69727d;color:#fff}.elementor-widget-text-editor.elementor-drop-cap-view-framed .elementor-drop-cap{color:#69727d;border:3px solid;background-color:transparent}.elementor-widget-text-editor:not(.elementor-drop-cap-view-default) .elementor-drop-cap{margin-top:8px}.elementor-widget-text-editor:not(.elementor-drop-cap-view-default) .elementor-drop-cap-letter{width:1em;height:1em}.elementor-widget-text-editor .elementor-drop-cap{float:left;text-align:center;line-height:1;font-size:50px}.elementor-widget-text-editor .elementor-drop-cap-letter{display:inline-block}<\/style>\t\t\t\t<ul><li><b>Port du Bracelet obligatoire<br \/><\/b><em>Wristband mandatory<\/em><\/li><\/ul>\t\t\t\t\t\t<\/div>\n\t\t\t\t<\/div>\n\t\t\t\t\t<\/div>\n\t\t\t\t<\/div>\n\t\t<div class=\"elementor-element elementor-element-63ba3a7 e-grid e-con-boxed e-con e-child\" data-id=\"63ba3a7\" data-element_type=\"container\">\n\t\t\t\t\t<div class=\"e-con-inner\">\n\t\t\t\t<div class=\"elementor-element elementor-element-9a6efb6 elementor-widget elementor-widget-image\" data-id=\"9a6efb6\" data-element_type=\"widget\" data-widget_type=\"image.default\">\n\t\t\t\t<div class=\"elementor-widget-container\">\n\t\t\t\t\t\t\t\t\t\t\t\t\t<img decoding=\"async\" src=\"https:\/\/blog-sabliere.com\/wp-content\/uploads\/elementor\/thumbs\/leaf_994565-qna51dspx990id1ohbytytggir66bcqgx14usi2jqs.png\" title=\"leaf_994565\" alt=\"leaf_994565\" loading=\"lazy\" \/>\t\t\t\t\t\t\t\t\t\t\t\t\t<\/div>\n\t\t\t\t<\/div>\n\t\t\t\t<div class=\"elementor-element elementor-element-bcccce8 elementor-widget elementor-widget-text-editor\" data-id=\"bcccce8\" data-element_type=\"widget\" data-widget_type=\"text-editor.default\">\n\t\t\t\t<div class=\"elementor-widget-container\">\n\t\t\t\t\t\t\t<ul><li><strong>Nudit\u00e9 : Nudit\u00e9 obligatoire pour toute personne acc\u00e9dant au site, sauf conditions climatiques ou physiologiques particuli\u00e8res et employ\u00e9s du domaine.\u00a0<\/strong><\/li><li><p class=\"\" data-start=\"552\" data-end=\"869\"><em><strong data-start=\"41\" data-end=\"52\">Nudity:<\/strong> Nudity is mandatory for all individuals accessing the site, except in cases of specific weather conditions, physiological reasons, or for staff members of the domain.<\/em><\/p><\/li><\/ul>\t\t\t\t\t\t<\/div>\n\t\t\t\t<\/div>\n\t\t\t\t\t<\/div>\n\t\t\t\t<\/div>\n\t\t<div class=\"elementor-element elementor-element-95311a4 e-grid e-con-boxed e-con e-child\" data-id=\"95311a4\" data-element_type=\"container\">\n\t\t\t\t\t<div class=\"e-con-inner\">\n\t\t\t\t<div class=\"elementor-element elementor-element-9980632 elementor-widget elementor-widget-image\" data-id=\"9980632\" data-element_type=\"widget\" data-widget_type=\"image.default\">\n\t\t\t\t<div class=\"elementor-widget-container\">\n\t\t\t\t\t\t\t\t\t\t\t\t\t<img decoding=\"async\" src=\"https:\/\/blog-sabliere.com\/wp-content\/uploads\/elementor\/thumbs\/swimming-pool_2855406-qna5vfoyfke1pje5ztmf6qg0991nez1ips0q5ziet0.png\" title=\"swimming-pool_2855406\" alt=\"swimming-pool_2855406\" loading=\"lazy\" \/>\t\t\t\t\t\t\t\t\t\t\t\t\t<\/div>\n\t\t\t\t<\/div>\n\t\t\t\t<div class=\"elementor-element elementor-element-74671cf elementor-widget elementor-widget-text-editor\" data-id=\"74671cf\" data-element_type=\"widget\" data-widget_type=\"text-editor.default\">\n\t\t\t\t<div class=\"elementor-widget-container\">\n\t\t\t\t\t\t\t<ul>\n<li><strong>Espace aquatique : Nudit\u00e9 obligatoire.<br><\/strong><strong><br><\/strong><\/li>\n<li>\n<p class=\"\" data-start=\"250\" data-end=\"550\">Dans notre espace aquatique, la nudit\u00e9 des enfants est demand\u00e9e dans le respect de leur confort et de leur consentement. Il est essentiel de souligner que <strong data-start=\"406\" data-end=\"466\">les enfants doivent toujours se sentir libres de choisir <\/strong>et ce choix doit \u00eatre respect\u00e9 \u00e0 tout moment.<\/p>\n<p class=\"\" data-start=\"552\" data-end=\"869\">Nous tenons \u00e0 rappeler qu\u2019il <strong data-start=\"581\" data-end=\"609\">est strictement interdit<\/strong> \u00e0 un adulte de demander \u00e0 un enfant de se d\u00e9shabiller, que ce soit de mani\u00e8re verbale ou par tout autre moyen. Le respect de l&rsquo;intimit\u00e9 et de la libert\u00e9 de chaque individu, en particulier des enfants, est une valeur primordiale au sein de notre \u00e9tablissement.<\/p><\/li>\n<li>\n<p class=\"\" data-start=\"42\" data-end=\"80\"><em><strong data-start=\"42\" data-end=\"80\">Aquatic Area: Nudity is Mandatory.<\/strong><\/em><\/p>\n<p class=\"\" data-start=\"82\" data-end=\"306\"><em>In our aquatic area, nudity is requested for children, in accordance with their comfort and consent. It is essential to emphasize that children must always feel free to choose, and this choice must be respected at all times.<\/em><\/p>\n<p class=\"\" data-start=\"308\" data-end=\"564\"><em>We would like to remind you that it is strictly prohibited for any adult to ask a child to undress, whether verbally or in any other way. Respect for the privacy and freedom of each individual, especially children, is a core value within our establishment.<\/em><\/p><\/li>\n<\/ul>\t\t\t\t\t\t<\/div>\n\t\t\t\t<\/div>\n\t\t\t\t\t<\/div>\n\t\t\t\t<\/div>\n\t\t<div class=\"elementor-element elementor-element-f4c8e39 e-grid e-con-boxed e-con e-child\" data-id=\"f4c8e39\" data-element_type=\"container\">\n\t\t\t\t\t<div class=\"e-con-inner\">\n\t\t\t\t<div class=\"elementor-element elementor-element-2f13190 elementor-widget elementor-widget-image\" data-id=\"2f13190\" data-element_type=\"widget\" data-widget_type=\"image.default\">\n\t\t\t\t<div class=\"elementor-widget-container\">\n\t\t\t\t\t\t\t\t\t\t\t\t\t<img decoding=\"async\" src=\"https:\/\/blog-sabliere.com\/wp-content\/uploads\/elementor\/thumbs\/happy_10184706-qna56qhmuaksmf9s859cnytyaqsf5azfzive684ub8.png\" title=\"happy_10184706\" alt=\"happy_10184706\" loading=\"lazy\" \/>\t\t\t\t\t\t\t\t\t\t\t\t\t<\/div>\n\t\t\t\t<\/div>\n\t\t\t\t<div class=\"elementor-element elementor-element-45675b3 elementor-widget elementor-widget-text-editor\" data-id=\"45675b3\" data-element_type=\"widget\" data-widget_type=\"text-editor.default\">\n\t\t\t\t<div class=\"elementor-widget-container\">\n\t\t\t\t\t\t\t<ul><li><strong>D\u00e9claration obligatoire des visiteurs \u00e0 l&rsquo;accueil du camping.<br \/>(<em>Tarifs et conditions : se renseigner \u00e0 la r\u00e9ception<\/em>)<br \/><\/strong><em>Visitor declaration required at campsite reception.<\/em><br \/><em>(Rates and conditions: please ask at reception)<\/em><strong><br \/><\/strong><\/li><\/ul>\t\t\t\t\t\t<\/div>\n\t\t\t\t<\/div>\n\t\t\t\t\t<\/div>\n\t\t\t\t<\/div>\n\t\t<div class=\"elementor-element elementor-element-06aaef5 e-grid e-con-boxed e-con e-child\" data-id=\"06aaef5\" data-element_type=\"container\">\n\t\t\t\t\t<div class=\"e-con-inner\">\n\t\t\t\t<div class=\"elementor-element elementor-element-e808ae6 elementor-widget elementor-widget-image\" data-id=\"e808ae6\" data-element_type=\"widget\" data-widget_type=\"image.default\">\n\t\t\t\t<div class=\"elementor-widget-container\">\n\t\t\t\t\t\t\t\t\t\t\t\t\t<img decoding=\"async\" src=\"https:\/\/blog-sabliere.com\/wp-content\/uploads\/elementor\/thumbs\/confidential_2857714-qna59va9mev7bmpxxi0kz6d9kzcgszf8f15nrfhlkk.png\" title=\"confidential_2857714\" alt=\"confidential_2857714\" loading=\"lazy\" \/>\t\t\t\t\t\t\t\t\t\t\t\t\t<\/div>\n\t\t\t\t<\/div>\n\t\t\t\t<div class=\"elementor-element elementor-element-dc786c6 elementor-widget elementor-widget-text-editor\" data-id=\"dc786c6\" data-element_type=\"widget\" data-widget_type=\"text-editor.default\">\n\t\t\t\t<div class=\"elementor-widget-container\">\n\t\t\t\t\t\t\t<ul><li><b>Silence entre 0h00 et 7h00<br \/><\/b><em>Silence between 0:00 and 7:00<\/em><b><br \/><\/b><\/li><\/ul>\t\t\t\t\t\t<\/div>\n\t\t\t\t<\/div>\n\t\t\t\t\t<\/div>\n\t\t\t\t<\/div>\n\t\t<div class=\"elementor-element elementor-element-bf5fcb8 e-grid e-con-boxed e-con e-child\" data-id=\"bf5fcb8\" data-element_type=\"container\">\n\t\t\t\t\t<div class=\"e-con-inner\">\n\t\t\t\t<div class=\"elementor-element elementor-element-8914594 elementor-widget elementor-widget-image\" data-id=\"8914594\" data-element_type=\"widget\" data-widget_type=\"image.default\">\n\t\t\t\t<div class=\"elementor-widget-container\">\n\t\t\t\t\t\t\t\t\t\t\t\t\t<img decoding=\"async\" src=\"https:\/\/blog-sabliere.com\/wp-content\/uploads\/elementor\/thumbs\/no-barbecue_3571836-qna5buq01tkztzu6ccw88ocaq9kd1zau0uqk8gjofo.png\" title=\"no-barbecue_3571836\" alt=\"no-barbecue_3571836\" loading=\"lazy\" \/>\t\t\t\t\t\t\t\t\t\t\t\t\t<\/div>\n\t\t\t\t<\/div>\n\t\t\t\t<div class=\"elementor-element elementor-element-9126a14 elementor-widget elementor-widget-text-editor\" data-id=\"9126a14\" data-element_type=\"widget\" data-widget_type=\"text-editor.default\">\n\t\t\t\t<div class=\"elementor-widget-container\">\n\t\t\t\t\t\t\t<ul><li><b>Barbecue au charbon de bois, \u00e0 gaz et \u00e9lectrique interdits. Bougie interdite.\u00a0<br \/><\/b><em>Charcoal, gas and electric barbecues are prohibited. Candle are prohibited.<\/em><b><br \/><\/b><\/li><\/ul>\t\t\t\t\t\t<\/div>\n\t\t\t\t<\/div>\n\t\t\t\t\t<\/div>\n\t\t\t\t<\/div>\n\t\t<div class=\"elementor-element elementor-element-442cc0a e-grid e-con-boxed e-con e-child\" data-id=\"442cc0a\" data-element_type=\"container\">\n\t\t\t\t\t<div class=\"e-con-inner\">\n\t\t\t\t<div class=\"elementor-element elementor-element-fb7e6da elementor-widget elementor-widget-image\" data-id=\"fb7e6da\" data-element_type=\"widget\" data-widget_type=\"image.default\">\n\t\t\t\t<div class=\"elementor-widget-container\">\n\t\t\t\t\t\t\t\t\t\t\t\t\t<img decoding=\"async\" src=\"https:\/\/blog-sabliere.com\/wp-content\/uploads\/elementor\/thumbs\/no-smoking_6807860-qna5dkrckvxx49c2a3plt8opxp2l60549dslwpzp10.png\" title=\"no-smoking_6807860\" alt=\"no-smoking_6807860\" loading=\"lazy\" \/>\t\t\t\t\t\t\t\t\t\t\t\t\t<\/div>\n\t\t\t\t<\/div>\n\t\t\t\t<div class=\"elementor-element elementor-element-548c7dd elementor-widget elementor-widget-text-editor\" data-id=\"548c7dd\" data-element_type=\"widget\" data-widget_type=\"text-editor.default\">\n\t\t\t\t<div class=\"elementor-widget-container\">\n\t\t\t\t\t\t\t<ul><li>Interdiction<b> de fumer dans les mobil-home et les sanitaires.<\/b><br \/><em>No smoking in mobile homes and sanitary facilities.<\/em><\/li><\/ul>\t\t\t\t\t\t<\/div>\n\t\t\t\t<\/div>\n\t\t\t\t\t<\/div>\n\t\t\t\t<\/div>\n\t\t<div class=\"elementor-element elementor-element-57ccd61 e-grid e-con-boxed e-con e-child\" data-id=\"57ccd61\" data-element_type=\"container\">\n\t\t\t\t\t<div class=\"e-con-inner\">\n\t\t\t\t<div class=\"elementor-element elementor-element-e9a264b elementor-widget elementor-widget-image\" data-id=\"e9a264b\" data-element_type=\"widget\" data-widget_type=\"image.default\">\n\t\t\t\t<div class=\"elementor-widget-container\">\n\t\t\t\t\t\t\t\t\t\t\t\t\t<img decoding=\"async\" src=\"https:\/\/blog-sabliere.com\/wp-content\/uploads\/elementor\/thumbs\/ashtray_3822684-qna5fj98tgmfb0hnug6mi8wahlf47awzj2q0wh362c.png\" title=\"ashtray_3822684\" alt=\"ashtray_3822684\" loading=\"lazy\" \/>\t\t\t\t\t\t\t\t\t\t\t\t\t<\/div>\n\t\t\t\t<\/div>\n\t\t\t\t<div class=\"elementor-element elementor-element-03b5717 elementor-widget elementor-widget-text-editor\" data-id=\"03b5717\" data-element_type=\"widget\" data-widget_type=\"text-editor.default\">\n\t\t\t\t<div class=\"elementor-widget-container\">\n\t\t\t\t\t\t\t<ul><li><b>Merci de jeter vos m\u00e9gots dans les cendriers pr\u00e9vus \u00e0 cet effet.\u00a0<br \/><\/b><em>Please dispose of your cigarette butts in the ashtrays provided.<\/em><b><br \/><br \/><\/b><\/li><\/ul>\t\t\t\t\t\t<\/div>\n\t\t\t\t<\/div>\n\t\t\t\t\t<\/div>\n\t\t\t\t<\/div>\n\t\t<div class=\"elementor-element elementor-element-6e476f3 e-grid e-con-boxed e-con e-child\" data-id=\"6e476f3\" data-element_type=\"container\">\n\t\t\t\t\t<div class=\"e-con-inner\">\n\t\t\t\t<div class=\"elementor-element elementor-element-5fbfe26 elementor-widget elementor-widget-image\" data-id=\"5fbfe26\" data-element_type=\"widget\" data-widget_type=\"image.default\">\n\t\t\t\t<div class=\"elementor-widget-container\">\n\t\t\t\t\t\t\t\t\t\t\t\t\t<img decoding=\"async\" src=\"https:\/\/blog-sabliere.com\/wp-content\/uploads\/elementor\/thumbs\/dog_4540789-qna4vn085pdxk5e20ukwq9n1tzhf9xxislm17ml5ro.png\" title=\"dog_4540789\" alt=\"dog_4540789\" loading=\"lazy\" \/>\t\t\t\t\t\t\t\t\t\t\t\t\t<\/div>\n\t\t\t\t<\/div>\n\t\t\t\t<div class=\"elementor-element elementor-element-57fa8cc elementor-widget elementor-widget-text-editor\" data-id=\"57fa8cc\" data-element_type=\"widget\" data-widget_type=\"text-editor.default\">\n\t\t\t\t<div class=\"elementor-widget-container\">\n\t\t\t\t\t\t\t<ul><li><strong>Merci de ramasser les d\u00e9jections canines et de garder vos animaux en laisse. Les animaux ne doivent pas rester seuls dans les h\u00e9bergements<br \/><\/strong><em>Please pick up after your dog and keep your pets on a leash. Pets must not be left alone in accommodation.<\/em><strong><br \/><\/strong><\/li><\/ul>\t\t\t\t\t\t<\/div>\n\t\t\t\t<\/div>\n\t\t\t\t\t<\/div>\n\t\t\t\t<\/div>\n\t\t\t\t<\/div>\n\t\t<div class=\"elementor-element elementor-element-8ae9cdc e-flex e-con-boxed e-con e-parent\" data-id=\"8ae9cdc\" data-element_type=\"container\" data-core-v316-plus=\"true\">\n\t\t\t\t\t<div class=\"e-con-inner\">\n\t\t\t\t<div class=\"elementor-element elementor-element-abcc0ca elementor-widget elementor-widget-heading\" data-id=\"abcc0ca\" data-element_type=\"widget\" data-widget_type=\"heading.default\">\n\t\t\t\t<div class=\"elementor-widget-container\">\n\t\t\t<h2 class=\"elementor-heading-title elementor-size-default\">Circulation \ud83d\ude97<\/h2>\t\t<\/div>\n\t\t\t\t<\/div>\n\t\t<div class=\"elementor-element elementor-element-38d698f e-grid e-con-boxed e-con e-child\" data-id=\"38d698f\" data-element_type=\"container\">\n\t\t\t\t\t<div class=\"e-con-inner\">\n\t\t\t\t<div class=\"elementor-element elementor-element-f1e3b0a elementor-widget elementor-widget-image\" data-id=\"f1e3b0a\" data-element_type=\"widget\" data-widget_type=\"image.default\">\n\t\t\t\t<div class=\"elementor-widget-container\">\n\t\t\t\t\t\t\t\t\t\t\t\t\t<img decoding=\"async\" src=\"https:\/\/blog-sabliere.com\/wp-content\/uploads\/elementor\/thumbs\/forbidden_10392616-qna5qzwe5qbavtu9wwjueurn9qx92ff5ft46ky3c6s.png\" title=\"forbidden_10392616\" alt=\"forbidden_10392616\" loading=\"lazy\" \/>\t\t\t\t\t\t\t\t\t\t\t\t\t<\/div>\n\t\t\t\t<\/div>\n\t\t\t\t<div class=\"elementor-element elementor-element-0dde098 elementor-widget elementor-widget-text-editor\" data-id=\"0dde098\" data-element_type=\"widget\" data-widget_type=\"text-editor.default\">\n\t\t\t\t<div class=\"elementor-widget-container\">\n\t\t\t\t\t\t\t<ul><li><b>Circulation interdite de 0h00 \u00e0 7h00<br \/><\/b><em>No traffic from 0:00 to 7:00<\/em><b><br \/><\/b><\/li><\/ul>\t\t\t\t\t\t<\/div>\n\t\t\t\t<\/div>\n\t\t\t\t\t<\/div>\n\t\t\t\t<\/div>\n\t\t<div class=\"elementor-element elementor-element-0ceae51 e-grid e-con-boxed e-con e-child\" data-id=\"0ceae51\" data-element_type=\"container\">\n\t\t\t\t\t<div class=\"e-con-inner\">\n\t\t\t\t<div class=\"elementor-element elementor-element-2249780 elementor-widget elementor-widget-image\" data-id=\"2249780\" data-element_type=\"widget\" data-widget_type=\"image.default\">\n\t\t\t\t<div class=\"elementor-widget-container\">\n\t\t\t\t\t\t\t\t\t\t\t\t\t<img decoding=\"async\" src=\"https:\/\/blog-sabliere.com\/wp-content\/uploads\/elementor\/thumbs\/speed-limit_10392635-qna5sozwhymxuhdj04ylexclvsk3yr5pc7iqrxkqyc.png\" title=\"speed-limit_10392635\" alt=\"speed-limit_10392635\" loading=\"lazy\" \/>\t\t\t\t\t\t\t\t\t\t\t\t\t<\/div>\n\t\t\t\t<\/div>\n\t\t\t\t<div class=\"elementor-element elementor-element-5a32a0e elementor-widget elementor-widget-text-editor\" data-id=\"5a32a0e\" data-element_type=\"widget\" data-widget_type=\"text-editor.default\">\n\t\t\t\t<div class=\"elementor-widget-container\">\n\t\t\t\t\t\t\t<ul><li><b>Limitation \u00e0 10km\/h<br \/><\/b><em>10km\/h limit<\/em><b><br \/><\/b><\/li><\/ul>\t\t\t\t\t\t<\/div>\n\t\t\t\t<\/div>\n\t\t\t\t\t<\/div>\n\t\t\t\t<\/div>\n\t\t<div class=\"elementor-element elementor-element-01b2125 e-grid e-con-boxed e-con e-child\" data-id=\"01b2125\" data-element_type=\"container\">\n\t\t\t\t\t<div class=\"e-con-inner\">\n\t\t\t\t<div class=\"elementor-element elementor-element-1507b06 elementor-widget elementor-widget-image\" data-id=\"1507b06\" data-element_type=\"widget\" data-widget_type=\"image.default\">\n\t\t\t\t<div class=\"elementor-widget-container\">\n\t\t\t\t\t\t\t\t\t\t\t\t\t<img decoding=\"async\" src=\"https:\/\/blog-sabliere.com\/wp-content\/uploads\/elementor\/thumbs\/parking_2503520-qna5tucsuo7k1bpgamu6gmww0qw9dfpw5w83w3vfck.png\" title=\"parking_2503520\" alt=\"parking_2503520\" loading=\"lazy\" \/>\t\t\t\t\t\t\t\t\t\t\t\t\t<\/div>\n\t\t\t\t<\/div>\n\t\t\t\t<div class=\"elementor-element elementor-element-6056aae elementor-widget elementor-widget-text-editor\" data-id=\"6056aae\" data-element_type=\"widget\" data-widget_type=\"text-editor.default\">\n\t\t\t\t<div class=\"elementor-widget-container\">\n\t\t\t\t\t\t\t<ul><li><b>1 V\u00e9hicule par emplacement maximum<br \/><\/b><em>1 vehicle per pitch maximum<\/em><b><br \/><\/b><\/li><\/ul>\t\t\t\t\t\t<\/div>\n\t\t\t\t<\/div>\n\t\t\t\t\t<\/div>\n\t\t\t\t<\/div>\n\t\t\t\t\t<\/div>\n\t\t\t\t<\/div>\n\t\t<div class=\"elementor-element elementor-element-c2abfdd e-grid e-con-boxed e-con e-parent\" data-id=\"c2abfdd\" data-element_type=\"container\" data-core-v316-plus=\"true\">\n\t\t\t\t\t<div class=\"e-con-inner\">\n\t\t\t\t<div class=\"elementor-element elementor-element-8c0fbb0 elementor-align-justify elementor-mobile-align-center elementor-widget elementor-widget-button\" data-id=\"8c0fbb0\" data-element_type=\"widget\" data-widget_type=\"button.default\">\n\t\t\t\t<div class=\"elementor-widget-container\">\n\t\t\t\t\t<div class=\"elementor-button-wrapper\">\n\t\t\t<a class=\"elementor-button elementor-button-link elementor-size-sm\" href=\"https:\/\/blog-sabliere.com\/index.php\/fomalites\/\">\n\t\t\t\t\t\t<span class=\"elementor-button-content-wrapper\">\n\t\t\t\t\t\t<span class=\"elementor-button-text\">\u2b05\ufe0fPAGE<br>PR\u00c9C\u00c9DENTE<\/span>\n\t\t<\/span>\n\t\t\t\t\t<\/a>\n\t\t<\/div>\n\t\t\t\t<\/div>\n\t\t\t\t<\/div>\n\t\t\t\t<div class=\"elementor-element elementor-element-1504c6b elementor-align-justify elementor-mobile-align-center elementor-widget elementor-widget-button\" data-id=\"1504c6b\" data-element_type=\"widget\" data-widget_type=\"button.default\">\n\t\t\t\t<div class=\"elementor-widget-container\">\n\t\t\t\t\t<div class=\"elementor-button-wrapper\">\n\t\t\t<a class=\"elementor-button elementor-button-link elementor-size-sm\" href=\"https:\/\/blog-sabliere.com\/index.php\/services\/\">\n\t\t\t\t\t\t<span class=\"elementor-button-content-wrapper\">\n\t\t\t\t\t\t<span class=\"elementor-button-text\">PAGE\u27a1\ufe0f<br>SUIVANTE<\/span>\n\t\t<\/span>\n\t\t\t\t\t<\/a>\n\t\t<\/div>\n\t\t\t\t<\/div>\n\t\t\t\t<\/div>\n\t\t\t\t\t<\/div>\n\t\t\t\t<\/div>\n\t\t\t\t<\/div>\n\t\t","protected":false},"excerpt":{"rendered":"<p>R\u00e8gles de vie Rules for living Port du Bracelet obligatoireWristband mandatory Nudit\u00e9 : Nudit\u00e9 obligatoire pour toute personne acc\u00e9dant au [&hellip;]<\/p>\n","protected":false},"author":1,"featured_media":0,"parent":0,"menu_order":0,"comment_status":"closed","ping_status":"closed","template":"","meta":{"site-sidebar-layout":"no-sidebar","site-content-layout":"","ast-site-content-layout":"full-width-container","site-content-style":"default","site-sidebar-style":"default","ast-global-header-display":"","ast-banner-title-visibility":"","ast-main-header-display":"","ast-hfb-above-header-display":"","ast-hfb-below-header-display":"","ast-hfb-mobile-header-display":"","site-post-title":"disabled","ast-breadcrumbs-content":"","ast-featured-img":"disabled","footer-sml-layout":"","theme-transparent-header-meta":"","adv-header-id-meta":"","stick-header-meta":"","header-above-stick-meta":"","header-main-stick-meta":"","header-below-stick-meta":"","astra-migrate-meta-layouts":"default","ast-page-background-enabled":"default","ast-page-background-meta":{"desktop":{"background-color":"var(--ast-global-color-4)","background-image":"","background-repeat":"repeat","background-position":"center center","background-size":"auto","background-attachment":"scroll","background-type":"","background-media":"","overlay-type":"","overlay-color":"","overlay-gradient":""},"tablet":{"background-color":"","background-image":"","background-repeat":"repeat","background-position":"center center","background-size":"auto","background-attachment":"scroll","background-type":"","background-media":"","overlay-type":"","overlay-color":"","overlay-gradient":""},"mobile":{"background-color":"","background-image":"","background-repeat":"repeat","background-position":"center center","background-size":"auto","background-attachment":"scroll","background-type":"","background-media":"","overlay-type":"","overlay-color":"","overlay-gradient":""}},"ast-content-background-meta":{"desktop":{"background-color":"var(--ast-global-color-5)","background-image":"","background-repeat":"repeat","background-position":"center center","background-size":"auto","background-attachment":"scroll","background-type":"","background-media":"","overlay-type":"","overlay-color":"","overlay-gradient":""},"tablet":{"background-color":"var(--ast-global-color-5)","background-image":"","background-repeat":"repeat","background-position":"center center","background-size":"auto","background-attachment":"scroll","background-type":"","background-media":"","overlay-type":"","overlay-color":"","overlay-gradient":""},"mobile":{"background-color":"var(--ast-global-color-5)","background-image":"","background-repeat":"repeat","background-position":"center center","background-size":"auto","background-attachment":"scroll","background-type":"","background-media":"","overlay-type":"","overlay-color":"","overlay-gradient":""}},"footnotes":""},"_links":{"self":[{"href":"https:\/\/blog-sabliere.com\/index.php\/wp-json\/wp\/v2\/pages\/306"}],"collection":[{"href":"https:\/\/blog-sabliere.com\/index.php\/wp-json\/wp\/v2\/pages"}],"about":[{"href":"https:\/\/blog-sabliere.com\/index.php\/wp-json\/wp\/v2\/types\/page"}],"author":[{"embeddable":true,"href":"https:\/\/blog-sabliere.com\/index.php\/wp-json\/wp\/v2\/users\/1"}],"replies":[{"embeddable":true,"href":"https:\/\/blog-sabliere.com\/index.php\/wp-json\/wp\/v2\/comments?post=306"}],"version-history":[{"count":106,"href":"https:\/\/blog-sabliere.com\/index.php\/wp-json\/wp\/v2\/pages\/306\/revisions"}],"predecessor-version":[{"id":1579,"href":"https:\/\/blog-sabliere.com\/index.php\/wp-json\/wp\/v2\/pages\/306\/revisions\/1579"}],"wp:attachment":[{"href":"https:\/\/blog-sabliere.com\/index.php\/wp-json\/wp\/v2\/media?parent=306"}],"curies":[{"name":"wp","href":"https:\/\/api.w.org\/{rel}","templated":true}]}}