{"id":30,"date":"2024-03-15T17:43:26","date_gmt":"2024-03-15T16:43:26","guid":{"rendered":"https:\/\/blog-sabliere.com\/?page_id=30"},"modified":"2025-05-15T14:03:45","modified_gmt":"2025-05-15T12:03:45","slug":"bienvenue","status":"publish","type":"page","link":"https:\/\/blog-sabliere.com\/","title":{"rendered":"Bienvenue"},"content":{"rendered":"\t\t<div data-elementor-type=\"wp-page\" data-elementor-id=\"30\" class=\"elementor elementor-30\" data-elementor-post-type=\"page\">\n\t\t\t\t<div class=\"elementor-element elementor-element-9b7bac8 e-con-full e-flex e-con e-parent\" data-id=\"9b7bac8\" data-element_type=\"container\" data-settings=\"{&quot;background_background&quot;:&quot;classic&quot;}\" data-core-v316-plus=\"true\">\n\t\t\t\t<div class=\"elementor-element elementor-element-17cc227 elementor-widget elementor-widget-heading\" data-id=\"17cc227\" data-element_type=\"widget\" data-widget_type=\"heading.default\">\n\t\t\t\t<div class=\"elementor-widget-container\">\n\t\t\t<style>\/*! elementor - v3.20.0 - 13-03-2024 *\/\n.elementor-heading-title{padding:0;margin:0;line-height:1}.elementor-widget-heading .elementor-heading-title[class*=elementor-size-]>a{color:inherit;font-size:inherit;line-height:inherit}.elementor-widget-heading .elementor-heading-title.elementor-size-small{font-size:15px}.elementor-widget-heading .elementor-heading-title.elementor-size-medium{font-size:19px}.elementor-widget-heading .elementor-heading-title.elementor-size-large{font-size:29px}.elementor-widget-heading .elementor-heading-title.elementor-size-xl{font-size:39px}.elementor-widget-heading .elementor-heading-title.elementor-size-xxl{font-size:59px}<\/style><h1 class=\"elementor-heading-title elementor-size-default\">Bienvenue au Camping <br>\nDomaine de la Sabli\u00e8re<\/h1>\t\t<\/div>\n\t\t\t\t<\/div>\n\t\t\t\t<\/div>\n\t\t<div class=\"elementor-element elementor-element-34d680f e-flex e-con-boxed e-con e-parent\" data-id=\"34d680f\" data-element_type=\"container\" data-core-v316-plus=\"true\">\n\t\t\t\t\t<div class=\"e-con-inner\">\n\t\t<div class=\"elementor-element elementor-element-878c49e e-flex e-con-boxed e-con e-child\" data-id=\"878c49e\" data-element_type=\"container\">\n\t\t\t\t\t<div class=\"e-con-inner\">\n\t\t\t\t<div class=\"elementor-element elementor-element-1775ec3 elementor-widget elementor-widget-image\" data-id=\"1775ec3\" data-element_type=\"widget\" data-widget_type=\"image.default\">\n\t\t\t\t<div class=\"elementor-widget-container\">\n\t\t\t<style>\/*! elementor - v3.20.0 - 13-03-2024 *\/\n.elementor-widget-image{text-align:center}.elementor-widget-image a{display:inline-block}.elementor-widget-image a img[src$=\".svg\"]{width:48px}.elementor-widget-image img{vertical-align:middle;display:inline-block}<\/style>\t\t\t\t\t\t\t\t\t\t<img fetchpriority=\"high\" decoding=\"async\" width=\"1024\" height=\"683\" src=\"https:\/\/blog-sabliere.com\/wp-content\/uploads\/2024\/04\/00001113972.jpg\" class=\"attachment-full size-full wp-image-177\" alt=\"\" srcset=\"https:\/\/blog-sabliere.com\/wp-content\/uploads\/2024\/04\/00001113972.jpg 1024w, https:\/\/blog-sabliere.com\/wp-content\/uploads\/2024\/04\/00001113972-300x200.jpg 300w, https:\/\/blog-sabliere.com\/wp-content\/uploads\/2024\/04\/00001113972-768x512.jpg 768w\" sizes=\"(max-width: 1024px) 100vw, 1024px\" \/>\t\t\t\t\t\t\t\t\t\t\t\t\t<\/div>\n\t\t\t\t<\/div>\n\t\t\t\t\t<\/div>\n\t\t\t\t<\/div>\n\t\t\t\t<div class=\"elementor-element elementor-element-d1b8dac elementor-widget elementor-widget-text-editor\" data-id=\"d1b8dac\" data-element_type=\"widget\" data-widget_type=\"text-editor.default\">\n\t\t\t\t<div class=\"elementor-widget-container\">\n\t\t\t<style>\/*! elementor - v3.20.0 - 13-03-2024 *\/\n.elementor-widget-text-editor.elementor-drop-cap-view-stacked .elementor-drop-cap{background-color:#69727d;color:#fff}.elementor-widget-text-editor.elementor-drop-cap-view-framed .elementor-drop-cap{color:#69727d;border:3px solid;background-color:transparent}.elementor-widget-text-editor:not(.elementor-drop-cap-view-default) .elementor-drop-cap{margin-top:8px}.elementor-widget-text-editor:not(.elementor-drop-cap-view-default) .elementor-drop-cap-letter{width:1em;height:1em}.elementor-widget-text-editor .elementor-drop-cap{float:left;text-align:center;line-height:1;font-size:50px}.elementor-widget-text-editor .elementor-drop-cap-letter{display:inline-block}<\/style>\t\t\t\t<h3 class=\"\" data-start=\"107\" data-end=\"168\">D\u00e9couvrez le Guide 2025 du Camping Domaine de la Sabli\u00e8re<\/h3><p class=\"\" data-start=\"170\" data-end=\"368\">Bienvenue dans le Guide 2025 du <strong data-start=\"202\" data-end=\"236\">Camping Domaine de la Sabli\u00e8re<\/strong>, votre compagnon incontournable pour profiter pleinement de vos vacances au c\u0153ur de la nature, entre C\u00e9vennes et Gorges de la C\u00e8ze.<\/p><p class=\"\" data-start=\"370\" data-end=\"485\">Dans cette nouvelle \u00e9dition, vous retrouverez toutes les <strong data-start=\"427\" data-end=\"453\">informations pratiques<\/strong> pour organiser votre s\u00e9jour :<\/p><ul data-start=\"486\" data-end=\"918\"><li class=\"\" data-start=\"486\" data-end=\"573\"><p class=\"\" data-start=\"488\" data-end=\"573\">Les <strong data-start=\"492\" data-end=\"516\">horaires d\u2019ouverture<\/strong> des services (accueil, piscine, restaurant, \u00e9picerie\u2026)<\/p><\/li><li class=\"\" data-start=\"574\" data-end=\"686\"><p class=\"\" data-start=\"576\" data-end=\"686\">Le <strong data-start=\"579\" data-end=\"616\">programme d\u00e9taill\u00e9 des animations <\/strong>(en juillet \/ ao\u00fbt) pour petits et grands, de l&rsquo;aube jusqu\u2019au bout des soir\u00e9es \u00e9toil\u00e9es<\/p><\/li><li class=\"\" data-start=\"687\" data-end=\"777\"><p class=\"\" data-start=\"689\" data-end=\"777\">Nos <strong data-start=\"693\" data-end=\"715\">partenaires locaux<\/strong> : producteurs, artisans, prestataires d\u2019activit\u00e9s plein air<\/p><\/li><li class=\"\" data-start=\"778\" data-end=\"918\"><p class=\"\" data-start=\"780\" data-end=\"918\">Et une s\u00e9lection des <strong data-start=\"801\" data-end=\"836\">lieux incontournables \u00e0 visiter<\/strong> dans la r\u00e9gion : villages de caract\u00e8re, rivi\u00e8res, march\u00e9s \u2026<\/p><\/li><\/ul><p class=\"\" data-start=\"920\" data-end=\"1089\">Ce guide a \u00e9t\u00e9 pens\u00e9 pour vous accompagner au quotidien et vous faire vivre des vacances inoubliables dans un cadre naturel, convivial et respectueux de l\u2019environnement.<\/p><p class=\"\" data-start=\"1091\" data-end=\"1140\">Bonne lecture et surtout\u2026 bon s\u00e9jour parmi nous !<\/p>\t\t\t\t\t\t<\/div>\n\t\t\t\t<\/div>\n\t\t\t\t<div class=\"elementor-element elementor-element-aa46adf elementor-widget elementor-widget-text-editor\" data-id=\"aa46adf\" data-element_type=\"widget\" data-widget_type=\"text-editor.default\">\n\t\t\t\t<div class=\"elementor-widget-container\">\n\t\t\t\t\t\t\t<h3 class=\"\" data-start=\"52\" data-end=\"113\"><em>Discover the 2025 Guide to Camping Domaine de la Sabli\u00e8re<\/em><\/h3><p class=\"\" data-start=\"115\" data-end=\"307\"><em>Welcome to the 2025 Guide to Camping Domaine de la Sabli\u00e8re \u2013 your essential companion to make the most of your holiday in the heart of nature, between the C\u00e9vennes and the Gorges of the C\u00e8ze.<\/em><\/p><p class=\"\" data-start=\"309\" data-end=\"399\"><em>In this new edition, you&rsquo;ll find all the practical information you need to plan your stay:<\/em><\/p><ul data-start=\"401\" data-end=\"773\"><li class=\"\" data-start=\"401\" data-end=\"485\"><p class=\"\" data-start=\"403\" data-end=\"485\"><em>Opening hours of services (reception, swimming pool, restaurant, grocery store\u2026)<\/em><\/p><\/li><li class=\"\" data-start=\"486\" data-end=\"607\"><p class=\"\" data-start=\"488\" data-end=\"607\"><em>A detailed schedule of activities (in July and August) for both children and adults, from sunrise to starlit evenings<\/em><\/p><\/li><li class=\"\" data-start=\"608\" data-end=\"683\"><p class=\"\" data-start=\"610\" data-end=\"683\"><em>Our local partners: producers, artisans, and outdoor activity providers<\/em><\/p><\/li><li class=\"\" data-start=\"684\" data-end=\"773\"><p class=\"\" data-start=\"686\" data-end=\"773\"><em>And a selection of must-see places in the region: charming villages, rivers, markets&#8230;<\/em><\/p><\/li><\/ul><p class=\"\" data-start=\"775\" data-end=\"940\"><em>This guide is designed to support you throughout your stay and help you enjoy an unforgettable holiday in a natural, friendly, and environmentally conscious setting.<\/em><\/p><p class=\"\" data-start=\"942\" data-end=\"1000\"><em>Happy reading \u2013 and most of all, enjoy your stay with us!<\/em><\/p>\t\t\t\t\t\t<\/div>\n\t\t\t\t<\/div>\n\t\t\t\t<div class=\"elementor-element elementor-element-4433cec elementor-align-justify elementor-mobile-align-justify elementor-widget elementor-widget-button\" data-id=\"4433cec\" data-element_type=\"widget\" data-widget_type=\"button.default\">\n\t\t\t\t<div class=\"elementor-widget-container\">\n\t\t\t\t\t<div class=\"elementor-button-wrapper\">\n\t\t\t<a class=\"elementor-button elementor-button-link elementor-size-sm\" href=\"https:\/\/blog-sabliere.com\/index.php\/le-mot-de-la-directirce\/\">\n\t\t\t\t\t\t<span class=\"elementor-button-content-wrapper\">\n\t\t\t\t\t\t<span class=\"elementor-button-text\">Page suivante  \u27a1\ufe0f<\/span>\n\t\t<\/span>\n\t\t\t\t\t<\/a>\n\t\t<\/div>\n\t\t\t\t<\/div>\n\t\t\t\t<\/div>\n\t\t\t\t\t<\/div>\n\t\t\t\t<\/div>\n\t\t\t\t<\/div>\n\t\t","protected":false},"excerpt":{"rendered":"<p>Bienvenue au Camping Domaine de la Sabli\u00e8re D\u00e9couvrez le Guide 2025 du Camping Domaine de la Sabli\u00e8re Bienvenue dans le [&hellip;]<\/p>\n","protected":false},"author":1,"featured_media":0,"parent":0,"menu_order":0,"comment_status":"closed","ping_status":"closed","template":"","meta":{"site-sidebar-layout":"no-sidebar","site-content-layout":"","ast-site-content-layout":"full-width-container","site-content-style":"default","site-sidebar-style":"default","ast-global-header-display":"","ast-banner-title-visibility":"","ast-main-header-display":"","ast-hfb-above-header-display":"","ast-hfb-below-header-display":"","ast-hfb-mobile-header-display":"","site-post-title":"disabled","ast-breadcrumbs-content":"","ast-featured-img":"disabled","footer-sml-layout":"","theme-transparent-header-meta":"","adv-header-id-meta":"","stick-header-meta":"","header-above-stick-meta":"","header-main-stick-meta":"","header-below-stick-meta":"","astra-migrate-meta-layouts":"default","ast-page-background-enabled":"default","ast-page-background-meta":{"desktop":{"background-color":"var(--ast-global-color-4)","background-image":"","background-repeat":"repeat","background-position":"center center","background-size":"auto","background-attachment":"scroll","background-type":"","background-media":"","overlay-type":"","overlay-color":"","overlay-gradient":""},"tablet":{"background-color":"","background-image":"","background-repeat":"repeat","background-position":"center center","background-size":"auto","background-attachment":"scroll","background-type":"","background-media":"","overlay-type":"","overlay-color":"","overlay-gradient":""},"mobile":{"background-color":"","background-image":"","background-repeat":"repeat","background-position":"center center","background-size":"auto","background-attachment":"scroll","background-type":"","background-media":"","overlay-type":"","overlay-color":"","overlay-gradient":""}},"ast-content-background-meta":{"desktop":{"background-color":"var(--ast-global-color-5)","background-image":"","background-repeat":"repeat","background-position":"center center","background-size":"auto","background-attachment":"scroll","background-type":"","background-media":"","overlay-type":"","overlay-color":"","overlay-gradient":""},"tablet":{"background-color":"var(--ast-global-color-5)","background-image":"","background-repeat":"repeat","background-position":"center center","background-size":"auto","background-attachment":"scroll","background-type":"","background-media":"","overlay-type":"","overlay-color":"","overlay-gradient":""},"mobile":{"background-color":"var(--ast-global-color-5)","background-image":"","background-repeat":"repeat","background-position":"center center","background-size":"auto","background-attachment":"scroll","background-type":"","background-media":"","overlay-type":"","overlay-color":"","overlay-gradient":""}},"footnotes":""},"_links":{"self":[{"href":"https:\/\/blog-sabliere.com\/index.php\/wp-json\/wp\/v2\/pages\/30"}],"collection":[{"href":"https:\/\/blog-sabliere.com\/index.php\/wp-json\/wp\/v2\/pages"}],"about":[{"href":"https:\/\/blog-sabliere.com\/index.php\/wp-json\/wp\/v2\/types\/page"}],"author":[{"embeddable":true,"href":"https:\/\/blog-sabliere.com\/index.php\/wp-json\/wp\/v2\/users\/1"}],"replies":[{"embeddable":true,"href":"https:\/\/blog-sabliere.com\/index.php\/wp-json\/wp\/v2\/comments?post=30"}],"version-history":[{"count":155,"href":"https:\/\/blog-sabliere.com\/index.php\/wp-json\/wp\/v2\/pages\/30\/revisions"}],"predecessor-version":[{"id":1525,"href":"https:\/\/blog-sabliere.com\/index.php\/wp-json\/wp\/v2\/pages\/30\/revisions\/1525"}],"wp:attachment":[{"href":"https:\/\/blog-sabliere.com\/index.php\/wp-json\/wp\/v2\/media?parent=30"}],"curies":[{"name":"wp","href":"https:\/\/api.w.org\/{rel}","templated":true}]}}