{"id":213,"date":"2024-04-26T13:43:03","date_gmt":"2024-04-26T11:43:03","guid":{"rendered":"https:\/\/blog-sabliere.com\/?page_id=213"},"modified":"2025-05-16T18:52:51","modified_gmt":"2025-05-16T16:52:51","slug":"le-mot-de-la-directirce","status":"publish","type":"page","link":"https:\/\/blog-sabliere.com\/index.php\/le-mot-de-la-directirce\/","title":{"rendered":"Mot de la directrice"},"content":{"rendered":"\t\t<div data-elementor-type=\"wp-page\" data-elementor-id=\"213\" class=\"elementor elementor-213\" data-elementor-post-type=\"page\">\n\t\t\t\t<div class=\"elementor-element elementor-element-9b7bac8 e-con-full e-flex e-con e-parent\" data-id=\"9b7bac8\" data-element_type=\"container\" data-settings=\"{&quot;background_background&quot;:&quot;classic&quot;}\" data-core-v316-plus=\"true\">\n\t\t\t\t<div class=\"elementor-element elementor-element-17cc227 elementor-widget elementor-widget-heading\" data-id=\"17cc227\" data-element_type=\"widget\" data-widget_type=\"heading.default\">\n\t\t\t\t<div class=\"elementor-widget-container\">\n\t\t\t<style>\/*! elementor - v3.20.0 - 13-03-2024 *\/\n.elementor-heading-title{padding:0;margin:0;line-height:1}.elementor-widget-heading .elementor-heading-title[class*=elementor-size-]>a{color:inherit;font-size:inherit;line-height:inherit}.elementor-widget-heading .elementor-heading-title.elementor-size-small{font-size:15px}.elementor-widget-heading .elementor-heading-title.elementor-size-medium{font-size:19px}.elementor-widget-heading .elementor-heading-title.elementor-size-large{font-size:29px}.elementor-widget-heading .elementor-heading-title.elementor-size-xl{font-size:39px}.elementor-widget-heading .elementor-heading-title.elementor-size-xxl{font-size:59px}<\/style><h1 class=\"elementor-heading-title elementor-size-default\">Le Mot de la Directrice<\/h1>\t\t<\/div>\n\t\t\t\t<\/div>\n\t\t\t\t<div class=\"elementor-element elementor-element-c803547 elementor-widget elementor-widget-heading\" data-id=\"c803547\" data-element_type=\"widget\" data-widget_type=\"heading.default\">\n\t\t\t\t<div class=\"elementor-widget-container\">\n\t\t\t<h1 class=\"elementor-heading-title elementor-size-default\">A Word from the Manager<\/h1>\t\t<\/div>\n\t\t\t\t<\/div>\n\t\t<div class=\"elementor-element elementor-element-60fc955 e-flex e-con-boxed e-con e-child\" data-id=\"60fc955\" data-element_type=\"container\">\n\t\t\t\t\t<div class=\"e-con-inner\">\n\t\t\t\t<div class=\"elementor-element elementor-element-e9814e9 elementor-widget elementor-widget-image\" data-id=\"e9814e9\" data-element_type=\"widget\" data-widget_type=\"image.default\">\n\t\t\t\t<div class=\"elementor-widget-container\">\n\t\t\t<style>\/*! elementor - v3.20.0 - 13-03-2024 *\/\n.elementor-widget-image{text-align:center}.elementor-widget-image a{display:inline-block}.elementor-widget-image a img[src$=\".svg\"]{width:48px}.elementor-widget-image img{vertical-align:middle;display:inline-block}<\/style>\t\t\t\t\t\t\t\t\t\t<img fetchpriority=\"high\" decoding=\"async\" width=\"1024\" height=\"575\" src=\"https:\/\/blog-sabliere.com\/wp-content\/uploads\/2025\/05\/SebChebassier_F4N_SABLIERE_24-125-1024x575.jpg\" class=\"attachment-large size-large wp-image-1622\" alt=\"\" srcset=\"https:\/\/blog-sabliere.com\/wp-content\/uploads\/2025\/05\/SebChebassier_F4N_SABLIERE_24-125-1024x575.jpg 1024w, https:\/\/blog-sabliere.com\/wp-content\/uploads\/2025\/05\/SebChebassier_F4N_SABLIERE_24-125-300x169.jpg 300w, https:\/\/blog-sabliere.com\/wp-content\/uploads\/2025\/05\/SebChebassier_F4N_SABLIERE_24-125-768x432.jpg 768w, https:\/\/blog-sabliere.com\/wp-content\/uploads\/2025\/05\/SebChebassier_F4N_SABLIERE_24-125-1536x863.jpg 1536w, https:\/\/blog-sabliere.com\/wp-content\/uploads\/2025\/05\/SebChebassier_F4N_SABLIERE_24-125-2048x1151.jpg 2048w\" sizes=\"(max-width: 1024px) 100vw, 1024px\" \/>\t\t\t\t\t\t\t\t\t\t\t\t\t<\/div>\n\t\t\t\t<\/div>\n\t\t\t\t<div class=\"elementor-element elementor-element-11a7b43 elementor-widget elementor-widget-text-editor\" data-id=\"11a7b43\" data-element_type=\"widget\" data-widget_type=\"text-editor.default\">\n\t\t\t\t<div class=\"elementor-widget-container\">\n\t\t\t<style>\/*! elementor - v3.20.0 - 13-03-2024 *\/\n.elementor-widget-text-editor.elementor-drop-cap-view-stacked .elementor-drop-cap{background-color:#69727d;color:#fff}.elementor-widget-text-editor.elementor-drop-cap-view-framed .elementor-drop-cap{color:#69727d;border:3px solid;background-color:transparent}.elementor-widget-text-editor:not(.elementor-drop-cap-view-default) .elementor-drop-cap{margin-top:8px}.elementor-widget-text-editor:not(.elementor-drop-cap-view-default) .elementor-drop-cap-letter{width:1em;height:1em}.elementor-widget-text-editor .elementor-drop-cap{float:left;text-align:center;line-height:1;font-size:50px}.elementor-widget-text-editor .elementor-drop-cap-letter{display:inline-block}<\/style>\t\t\t\t\t\t\t\t\t\t<\/div>\n\t\t\t\t<\/div>\n\t\t\t\t<div class=\"elementor-element elementor-element-368415b elementor-widget elementor-widget-text-editor\" data-id=\"368415b\" data-element_type=\"widget\" data-widget_type=\"text-editor.default\">\n\t\t\t\t<div class=\"elementor-widget-container\">\n\t\t\t\t\t\t\t<p class=\"\" data-start=\"169\" data-end=\"202\">Chers clients, ch\u00e8res clientes,<\/p><p class=\"\" data-start=\"204\" data-end=\"409\">C\u2019est avec une immense joie que je vous souhaite la bienvenue au <strong data-start=\"269\" data-end=\"303\">Camping Domaine de la Sabli\u00e8re<\/strong>, un lieu unique o\u00f9 la nature, le respect et la libert\u00e9 s\u2019unissent pour vous offrir un s\u00e9jour ressour\u00e7ant.<\/p><p class=\"\" data-start=\"411\" data-end=\"750\">Ici, au c\u0153ur d\u2019un environnement pr\u00e9serv\u00e9 entre rivi\u00e8re, for\u00eat et falaises, le naturisme se vit dans la simplicit\u00e9, l\u2019authenticit\u00e9 et la bienveillance. Que vous soyez en famille, en couple ou en solo, que vous d\u00e9couvriez le naturisme pour la premi\u00e8re fois ou que vous soyez des habitu\u00e9s, tout est pens\u00e9 pour que vous vous sentiez chez vous.<\/p><p class=\"\" data-start=\"752\" data-end=\"983\">Prenez le temps de ralentir, de vous reconnecter \u00e0 la nature, aux autres, \u00e0 vous-m\u00eame. Profitez de nos activit\u00e9s, explorez les merveilles de la r\u00e9gion, et laissez-vous porter par la douceur de vivre qui fait l\u2019\u00e2me de notre domaine.<\/p><p class=\"\" data-start=\"985\" data-end=\"1089\">Toute l\u2019\u00e9quipe et moi-m\u00eame restons \u00e0 votre \u00e9coute pour faire de vos vacances une parenth\u00e8se inoubliable.<\/p><p class=\"\" data-start=\"1091\" data-end=\"1115\">Tr\u00e8s beau s\u00e9jour \u00e0 vous,<\/p><p class=\"\" data-start=\"1117\" data-end=\"1182\"><strong data-start=\"1117\" data-end=\"1143\">Mme Maccary Estelle<\/strong><br data-start=\"1143\" data-end=\"1146\" \/>Directrice du Domaine de la Sabli\u00e8re<\/p><p><em>\ud83c\udf3f<\/em><\/p>\t\t\t\t\t\t<\/div>\n\t\t\t\t<\/div>\n\t\t\t\t<div class=\"elementor-element elementor-element-aeebebb elementor-widget-divider--view-line elementor-widget elementor-widget-divider\" data-id=\"aeebebb\" data-element_type=\"widget\" data-widget_type=\"divider.default\">\n\t\t\t\t<div class=\"elementor-widget-container\">\n\t\t\t<style>\/*! elementor - v3.20.0 - 13-03-2024 *\/\n.elementor-widget-divider{--divider-border-style:none;--divider-border-width:1px;--divider-color:#0c0d0e;--divider-icon-size:20px;--divider-element-spacing:10px;--divider-pattern-height:24px;--divider-pattern-size:20px;--divider-pattern-url:none;--divider-pattern-repeat:repeat-x}.elementor-widget-divider .elementor-divider{display:flex}.elementor-widget-divider .elementor-divider__text{font-size:15px;line-height:1;max-width:95%}.elementor-widget-divider .elementor-divider__element{margin:0 var(--divider-element-spacing);flex-shrink:0}.elementor-widget-divider .elementor-icon{font-size:var(--divider-icon-size)}.elementor-widget-divider .elementor-divider-separator{display:flex;margin:0;direction:ltr}.elementor-widget-divider--view-line_icon .elementor-divider-separator,.elementor-widget-divider--view-line_text .elementor-divider-separator{align-items:center}.elementor-widget-divider--view-line_icon .elementor-divider-separator:after,.elementor-widget-divider--view-line_icon .elementor-divider-separator:before,.elementor-widget-divider--view-line_text .elementor-divider-separator:after,.elementor-widget-divider--view-line_text .elementor-divider-separator:before{display:block;content:\"\";border-block-end:0;flex-grow:1;border-block-start:var(--divider-border-width) var(--divider-border-style) var(--divider-color)}.elementor-widget-divider--element-align-left .elementor-divider .elementor-divider-separator>.elementor-divider__svg:first-of-type{flex-grow:0;flex-shrink:100}.elementor-widget-divider--element-align-left .elementor-divider-separator:before{content:none}.elementor-widget-divider--element-align-left .elementor-divider__element{margin-left:0}.elementor-widget-divider--element-align-right .elementor-divider .elementor-divider-separator>.elementor-divider__svg:last-of-type{flex-grow:0;flex-shrink:100}.elementor-widget-divider--element-align-right .elementor-divider-separator:after{content:none}.elementor-widget-divider--element-align-right .elementor-divider__element{margin-right:0}.elementor-widget-divider--element-align-start .elementor-divider .elementor-divider-separator>.elementor-divider__svg:first-of-type{flex-grow:0;flex-shrink:100}.elementor-widget-divider--element-align-start .elementor-divider-separator:before{content:none}.elementor-widget-divider--element-align-start .elementor-divider__element{margin-inline-start:0}.elementor-widget-divider--element-align-end .elementor-divider .elementor-divider-separator>.elementor-divider__svg:last-of-type{flex-grow:0;flex-shrink:100}.elementor-widget-divider--element-align-end .elementor-divider-separator:after{content:none}.elementor-widget-divider--element-align-end .elementor-divider__element{margin-inline-end:0}.elementor-widget-divider:not(.elementor-widget-divider--view-line_text):not(.elementor-widget-divider--view-line_icon) .elementor-divider-separator{border-block-start:var(--divider-border-width) var(--divider-border-style) var(--divider-color)}.elementor-widget-divider--separator-type-pattern{--divider-border-style:none}.elementor-widget-divider--separator-type-pattern.elementor-widget-divider--view-line .elementor-divider-separator,.elementor-widget-divider--separator-type-pattern:not(.elementor-widget-divider--view-line) .elementor-divider-separator:after,.elementor-widget-divider--separator-type-pattern:not(.elementor-widget-divider--view-line) .elementor-divider-separator:before,.elementor-widget-divider--separator-type-pattern:not([class*=elementor-widget-divider--view]) .elementor-divider-separator{width:100%;min-height:var(--divider-pattern-height);-webkit-mask-size:var(--divider-pattern-size) 100%;mask-size:var(--divider-pattern-size) 100%;-webkit-mask-repeat:var(--divider-pattern-repeat);mask-repeat:var(--divider-pattern-repeat);background-color:var(--divider-color);-webkit-mask-image:var(--divider-pattern-url);mask-image:var(--divider-pattern-url)}.elementor-widget-divider--no-spacing{--divider-pattern-size:auto}.elementor-widget-divider--bg-round{--divider-pattern-repeat:round}.rtl .elementor-widget-divider .elementor-divider__text{direction:rtl}.e-con-inner>.elementor-widget-divider,.e-con>.elementor-widget-divider{width:var(--container-widget-width,100%);--flex-grow:var(--container-widget-flex-grow)}<\/style>\t\t<div class=\"elementor-divider\">\n\t\t\t<span class=\"elementor-divider-separator\">\n\t\t\t\t\t\t<\/span>\n\t\t<\/div>\n\t\t\t\t<\/div>\n\t\t\t\t<\/div>\n\t\t\t\t<div class=\"elementor-element elementor-element-b3458ba elementor-widget elementor-widget-text-editor\" data-id=\"b3458ba\" data-element_type=\"widget\" data-widget_type=\"text-editor.default\">\n\t\t\t\t<div class=\"elementor-widget-container\">\n\t\t\t\t\t\t\t<h3 class=\"\" data-start=\"73\" data-end=\"89\"><em>Dear Guests,<\/em><\/h3><p class=\"\" data-start=\"91\" data-end=\"280\"><em>It is with great joy that I welcome you to <strong data-start=\"134\" data-end=\"168\">Camping Domaine de la Sabli\u00e8re<\/strong>, a truly unique place where nature, respect, and freedom come together to offer you a deeply revitalizing stay.<\/em><\/p><p class=\"\" data-start=\"282\" data-end=\"616\"><em>Here, in the heart of a preserved environment of rivers, forests, and cliffs, naturism is lived in simplicity, authenticity, and kindness. Whether you&rsquo;re with family, as a couple, or traveling solo\u2014whether you&rsquo;re discovering naturism for the first time or are long-time naturists\u2014everything has been designed to make you feel at home.<\/em><\/p><p class=\"\" data-start=\"618\" data-end=\"853\"><em>Take the time to slow down, reconnect with nature, with others, and with yourself. Enjoy our activities, explore the wonders of the region, and let yourself be carried by the gentle rhythm of life that defines the spirit of our domain.<\/em><\/p><p class=\"\" data-start=\"855\" data-end=\"938\"><em>My team and I are here for you, ready to make your holiday an unforgettable escape.<\/em><\/p><p class=\"\" data-start=\"940\" data-end=\"971\"><em>Wishing you a wonderful stay,<\/em><\/p><p class=\"\" data-start=\"973\" data-end=\"1033\"><em><strong data-start=\"973\" data-end=\"996\">Mme Estelle Maccary<\/strong><\/em><br data-start=\"996\" data-end=\"999\" \/><em>Director of Domaine de la Sabli\u00e8re<\/em><\/p><p><br \/><em>\ud83c\udf3f<\/em><\/p>\t\t\t\t\t\t<\/div>\n\t\t\t\t<\/div>\n\t\t\t\t<div class=\"elementor-element elementor-element-4d63298 elementor-widget elementor-widget-text-editor\" data-id=\"4d63298\" data-element_type=\"widget\" data-widget_type=\"text-editor.default\">\n\t\t\t\t<div class=\"elementor-widget-container\">\n\t\t\t\t\t\t\t\t\t\t\t\t\t<\/div>\n\t\t\t\t<\/div>\n\t\t\t\t\t<\/div>\n\t\t\t\t<\/div>\n\t\t\t\t<\/div>\n\t\t<div class=\"elementor-element elementor-element-b44619f e-grid e-con-boxed e-con e-parent\" data-id=\"b44619f\" data-element_type=\"container\" data-core-v316-plus=\"true\">\n\t\t\t\t\t<div class=\"e-con-inner\">\n\t\t\t\t<div class=\"elementor-element elementor-element-f787b1a elementor-align-justify elementor-widget elementor-widget-button\" data-id=\"f787b1a\" data-element_type=\"widget\" data-widget_type=\"button.default\">\n\t\t\t\t<div class=\"elementor-widget-container\">\n\t\t\t\t\t<div class=\"elementor-button-wrapper\">\n\t\t\t<a class=\"elementor-button elementor-button-link elementor-size-sm\" href=\"https:\/\/blog-sabliere.com\/\">\n\t\t\t\t\t\t<span class=\"elementor-button-content-wrapper\">\n\t\t\t\t\t\t<span class=\"elementor-button-text\">\u2b05\ufe0fPAGE<br>PR\u00c9C\u00c9DENTE<\/span>\n\t\t<\/span>\n\t\t\t\t\t<\/a>\n\t\t<\/div>\n\t\t\t\t<\/div>\n\t\t\t\t<\/div>\n\t\t\t\t<div class=\"elementor-element elementor-element-c37de70 elementor-align-justify elementor-widget elementor-widget-button\" data-id=\"c37de70\" data-element_type=\"widget\" data-widget_type=\"button.default\">\n\t\t\t\t<div class=\"elementor-widget-container\">\n\t\t\t\t\t<div class=\"elementor-button-wrapper\">\n\t\t\t<a class=\"elementor-button elementor-button-link elementor-size-sm\" href=\"https:\/\/blog-sabliere.com\/index.php\/nouveautes\/\">\n\t\t\t\t\t\t<span class=\"elementor-button-content-wrapper\">\n\t\t\t\t\t\t<span class=\"elementor-button-text\">PAGE\u27a1\ufe0f<br>SUIVANTE<\/span>\n\t\t<\/span>\n\t\t\t\t\t<\/a>\n\t\t<\/div>\n\t\t\t\t<\/div>\n\t\t\t\t<\/div>\n\t\t\t\t\t<\/div>\n\t\t\t\t<\/div>\n\t\t\t\t<\/div>\n\t\t","protected":false},"excerpt":{"rendered":"<p>Le Mot de la Directrice A Word from the Manager Chers clients, ch\u00e8res clientes, C\u2019est avec une immense joie que [&hellip;]<\/p>\n","protected":false},"author":1,"featured_media":0,"parent":0,"menu_order":0,"comment_status":"closed","ping_status":"closed","template":"","meta":{"site-sidebar-layout":"no-sidebar","site-content-layout":"","ast-site-content-layout":"full-width-container","site-content-style":"default","site-sidebar-style":"default","ast-global-header-display":"","ast-banner-title-visibility":"","ast-main-header-display":"","ast-hfb-above-header-display":"","ast-hfb-below-header-display":"","ast-hfb-mobile-header-display":"","site-post-title":"disabled","ast-breadcrumbs-content":"","ast-featured-img":"disabled","footer-sml-layout":"","theme-transparent-header-meta":"","adv-header-id-meta":"","stick-header-meta":"","header-above-stick-meta":"","header-main-stick-meta":"","header-below-stick-meta":"","astra-migrate-meta-layouts":"default","ast-page-background-enabled":"default","ast-page-background-meta":{"desktop":{"background-color":"var(--ast-global-color-4)","background-image":"","background-repeat":"repeat","background-position":"center center","background-size":"auto","background-attachment":"scroll","background-type":"","background-media":"","overlay-type":"","overlay-color":"","overlay-gradient":""},"tablet":{"background-color":"","background-image":"","background-repeat":"repeat","background-position":"center center","background-size":"auto","background-attachment":"scroll","background-type":"","background-media":"","overlay-type":"","overlay-color":"","overlay-gradient":""},"mobile":{"background-color":"","background-image":"","background-repeat":"repeat","background-position":"center center","background-size":"auto","background-attachment":"scroll","background-type":"","background-media":"","overlay-type":"","overlay-color":"","overlay-gradient":""}},"ast-content-background-meta":{"desktop":{"background-color":"var(--ast-global-color-5)","background-image":"","background-repeat":"repeat","background-position":"center center","background-size":"auto","background-attachment":"scroll","background-type":"","background-media":"","overlay-type":"","overlay-color":"","overlay-gradient":""},"tablet":{"background-color":"var(--ast-global-color-5)","background-image":"","background-repeat":"repeat","background-position":"center center","background-size":"auto","background-attachment":"scroll","background-type":"","background-media":"","overlay-type":"","overlay-color":"","overlay-gradient":""},"mobile":{"background-color":"var(--ast-global-color-5)","background-image":"","background-repeat":"repeat","background-position":"center center","background-size":"auto","background-attachment":"scroll","background-type":"","background-media":"","overlay-type":"","overlay-color":"","overlay-gradient":""}},"footnotes":""},"_links":{"self":[{"href":"https:\/\/blog-sabliere.com\/index.php\/wp-json\/wp\/v2\/pages\/213"}],"collection":[{"href":"https:\/\/blog-sabliere.com\/index.php\/wp-json\/wp\/v2\/pages"}],"about":[{"href":"https:\/\/blog-sabliere.com\/index.php\/wp-json\/wp\/v2\/types\/page"}],"author":[{"embeddable":true,"href":"https:\/\/blog-sabliere.com\/index.php\/wp-json\/wp\/v2\/users\/1"}],"replies":[{"embeddable":true,"href":"https:\/\/blog-sabliere.com\/index.php\/wp-json\/wp\/v2\/comments?post=213"}],"version-history":[{"count":114,"href":"https:\/\/blog-sabliere.com\/index.php\/wp-json\/wp\/v2\/pages\/213\/revisions"}],"predecessor-version":[{"id":1628,"href":"https:\/\/blog-sabliere.com\/index.php\/wp-json\/wp\/v2\/pages\/213\/revisions\/1628"}],"wp:attachment":[{"href":"https:\/\/blog-sabliere.com\/index.php\/wp-json\/wp\/v2\/media?parent=213"}],"curies":[{"name":"wp","href":"https:\/\/api.w.org\/{rel}","templated":true}]}}